{"id":765,"date":"2023-02-22T21:13:08","date_gmt":"2023-02-22T21:13:08","guid":{"rendered":"https:\/\/4life-lubica.com\/glavnaya\/"},"modified":"2023-09-20T19:08:06","modified_gmt":"2023-09-20T19:08:06","slug":"glavnaya","status":"publish","type":"page","link":"https:\/\/4life-lubica.com\/sk\/","title":{"rendered":"Hlavn\u00e1"},"content":{"rendered":"<div class=\"slider-wrapper relative\" id=\"slider-1854174316\" >\n    <div class=\"slider slider-nav-circle slider-nav-large slider-nav-light slider-style-normal\"\n        data-flickity-options='{\n            \"cellAlign\": \"center\",\n            \"imagesLoaded\": true,\n            \"lazyLoad\": 1,\n            \"freeScroll\": false,\n            \"wrapAround\": true,\n            \"autoPlay\": 6000,\n            \"pauseAutoPlayOnHover\" : true,\n            \"prevNextButtons\": true,\n            \"contain\" : true,\n            \"adaptiveHeight\" : true,\n            \"dragThreshold\" : 10,\n            \"percentPosition\": true,\n            \"pageDots\": true,\n            \"rightToLeft\": false,\n            \"draggable\": true,\n            \"selectedAttraction\": 0.1,\n            \"parallax\" : 0,\n            \"friction\": 0.6        }'\n        >\n        \n\n  <div class=\"banner has-hover\" id=\"banner-330109596\">\n          <div class=\"banner-inner fill\">\n        <div class=\"banner-bg fill\" >\n            <div class=\"bg fill bg-fill \"><\/div>\n                        <div class=\"overlay\"><\/div>            \n                    <\/div>\n\t\t\n        <div class=\"banner-layers container\">\n            <div class=\"fill banner-link\"><\/div>            \n        <\/div>\n      <\/div>\n\n            \n<style>\n#banner-330109596 {\n  padding-top: 28%;\n}\n#banner-330109596 .bg.bg-loaded {\n  background-image: url(https:\/\/4life-lubica.com\/wp-content\/uploads\/2023\/03\/essentials_products_packs-scaled.jpg);\n}\n#banner-330109596 .overlay {\n  background-color: rgba(0, 0, 0, 0.02);\n}\n#banner-330109596 .bg {\n  background-position: 58% 63%;\n}\n<\/style>\n  <\/div>\n\n\n     <\/div>\n\n     <div class=\"loading-spin dark large centered\"><\/div>\n\n\t<\/div>\n\n\n\t<div id=\"gap-1686547804\" class=\"gap-element clearfix\" style=\"display:block; height:auto;\">\n\t\t\n<style>\n#gap-1686547804 {\n  padding-top: 30px;\n}\n<\/style>\n\t<\/div>\n\t\n<div class=\"row\"  id=\"row-463752293\">\n\n\t<div id=\"col-163690836\" class=\"col small-12 large-12\"  >\n\t\t\t\t<div class=\"col-inner\"  >\n\t\t\t\n\t\t\t\n<div class=\"js-pb-collapsible tab-1\">\n<div id=\"PageBuilderTemplateWrapper_1\">\n<section id=\"aboutHero\">\n<div class=\"hero-text-bar font-color-grayscale-8\">\n<div class=\"contain-layout apply-padding\">\n<h1 class=\"hero-title\" style=\"text-align: center;\">4Life Transfer Factor \u2013 Pre va\u0161e zdravie!<\/h1>\n<\/div>\n<\/div>\n<\/section>\n<\/div>\n<\/div>\n<div class=\"js-pb-collapsible tab-2\">\n<div id=\"PageBuilderTemplateWrapper_2\">\n<section id=\"heroText\" class=\"text-template font-color-grayscale-8 destroy-padding\">\n<div class=\"contain-layout\">\n<div class=\"content font-size-Large\">Polstoro\u010die po objaven\u00ed (v roku 1949) v \u013eudskej krvi molek\u00fal \u2013 nosite\u013eov imunitnej pam\u00e4te \u2013 Transfer Factors, po mnoh\u00fdch rokoch h\u013eadania a v\u00fdskumu za\u010dala spolo\u010dnos\u0165 4Life Research, zalo\u017een\u00e1 v roku 1998 Davidom a Biancou Lisonbee, vyr\u00e1ba\u0165 4Life Transfer Factor. \u00ae produkty, na ktor\u00fdch z\u00e1klade s\u00fa Transfer Factors schopn\u00e9 pren\u00e1\u0161a\u0165 imunitn\u00fa pam\u00e4\u0165 a \u201eznalosti\u201c imunitn\u00e9ho syst\u00e9mu z jedn\u00e9ho objektu na druh\u00fd, \u010d\u00edm sa tieto produkty odli\u0161uj\u00fa od be\u017en\u00fdch v\u00fd\u017eivov\u00fdch doplnkov (vitam\u00ednov\u00e9 komplexy, bylinn\u00e9 extrakty, miner\u00e1ly a pod.), ktor\u00e9 s\u00fa komer\u010dne dostupn\u00e9 dnes v hojnosti.<\/div>\n<\/div>\n<\/section>\n<\/div>\n<\/div>\n\t\t<\/div>\n\t\t\t\t\t<\/div>\n\n\t\n<\/div>\n\t<div id=\"gap-256454843\" class=\"gap-element clearfix\" style=\"display:block; height:auto;\">\n\t\t\n<style>\n#gap-256454843 {\n  padding-top: 10px;\n}\n<\/style>\n\t<\/div>\n\t\n\t<div id=\"gap-1614118029\" class=\"gap-element clearfix\" style=\"display:block; height:auto;\">\n\t\t\n<style>\n#gap-1614118029 {\n  padding-top: 30px;\n}\n<\/style>\n\t<\/div>\n\t\n<div class=\"row\"  id=\"row-1448792187\">\n\n\t<div id=\"col-1039359163\" class=\"col medium-6 small-12 large-6\"  >\n\t\t\t\t<div class=\"col-inner\"  >\n\t\t\t\n\t\t\t\n\t<div class=\"img has-hover x md-x lg-x y md-y lg-y\" id=\"image_1788799110\">\n\t\t\t\t\t\t\t\t<div class=\"img-inner dark\" >\n\t\t\t<img loading=\"lazy\" decoding=\"async\" width=\"800\" height=\"500\" src=\"https:\/\/4life-lubica.com\/wp-content\/uploads\/2023\/03\/aboutUs_products.jpg\" class=\"attachment-large size-large\" alt=\"\" srcset=\"https:\/\/4life-lubica.com\/wp-content\/uploads\/2023\/03\/aboutUs_products.jpg 800w, https:\/\/4life-lubica.com\/wp-content\/uploads\/2023\/03\/aboutUs_products-640x400.jpg 640w, https:\/\/4life-lubica.com\/wp-content\/uploads\/2023\/03\/aboutUs_products-768x480.jpg 768w, https:\/\/4life-lubica.com\/wp-content\/uploads\/2023\/03\/aboutUs_products-600x375.jpg 600w\" sizes=\"auto, (max-width: 800px) 100vw, 800px\" \/>\t\t\t\t\t\t\n\t\t\t\t\t<\/div>\n\t\t\t\t\t\t\t\t\n<style>\n#image_1788799110 {\n  width: 100%;\n}\n<\/style>\n\t<\/div>\n\t\n\t\t<\/div>\n\t\t\t\t\t<\/div>\n\n\t\n\n\t<div id=\"col-873826702\" class=\"col medium-6 small-12 large-6\"  >\n\t\t\t\t<div class=\"col-inner\"  >\n\t\t\t\n\t\t\t\n<h2 style=\"text-align: center;\">Ocenen\u00e9 produkty<\/h2>\n<div><span style=\"font-size: 105%;\">\u00a0<strong> 4Life Research<\/strong> \u2013 samotn\u00fd n\u00e1zov spolo\u010dnosti znamen\u00e1 \u201eV\u00fdskum\u201c a to nazna\u010duje, \u017ee kupujete produkty vytvoren\u00e9 ako v\u00fdsledok dlhoro\u010dn\u00e9ho v\u00fdskumu a objavovania. Na\u0161e produkty s\u00fa vyv\u00edjan\u00e9 v najmodernej\u0161\u00edch laborat\u00f3ri\u00e1ch vybaven\u00fdch najmodernej\u0161\u00edm vybaven\u00edm a t\u00edmom \u0161pi\u010dkov\u00fdch vedcov. Ka\u017ed\u00fd produkt prech\u00e1dza stovkami testov na zabezpe\u010denie \u00fa\u010dinnosti a kvality, z ktor\u00fdch mnoh\u00e9 s\u00fa patentovan\u00e9, schv\u00e1len\u00e9 tre\u0165ou stranou a vysoko ocenen\u00e9.<br \/>\n<\/span><\/div>\n\t\t<\/div>\n\t\t\t\t\t<\/div>\n\n\t\n<\/div>\n\t<section class=\"section\" id=\"section_1200807763\">\n\t\t<div class=\"bg section-bg fill bg-fill  bg-loaded\" >\n\n\t\t\t\n\t\t\t\n\t\t\t\n\n\t\t<\/div>\n\n\t\t\n\n\t\t<div class=\"section-content relative\">\n\t\t\t\n<div class=\"row\"  id=\"row-1124295191\">\n\n\t<div id=\"col-1696567794\" class=\"col medium-6 small-12 large-6\"  >\n\t\t\t\t<div class=\"col-inner\"  >\n\t\t\t\n\t\t\t\n<h2 class=\"font-color-grayscale-9\">Spokojnos\u0165 z\u00e1kazn\u00edkov<\/h2>\n<p>Sna\u017e\u00edme sa vytv\u00e1ra\u0165 produkty, ktor\u00e9 sp\u013a\u0148aj\u00fa najvy\u0161\u0161ie \u0161tandardy a dokonca ich prekra\u010duj\u00fa, aby ste sa pri ich pou\u017e\u00edvan\u00ed vo svojom ka\u017edodennom \u017eivote a zdie\u013ean\u00ed so svojimi priate\u013emi a rodinou c\u00edtili sebaisto. M\u00e1me 100% z\u00e1ruku kvality produktov. A va\u0161a spokojnos\u0165, rovnako ako va\u0161a d\u00f4vera, je jednou z na\u0161ich najd\u00f4le\u017eitej\u0161\u00edch hodn\u00f4t.<\/p>\n\t\t<\/div>\n\t\t\t\t\t<\/div>\n\n\t\n\n\t<div id=\"col-1973228622\" class=\"col medium-6 small-12 large-6\"  >\n\t\t\t\t<div class=\"col-inner\"  >\n\t\t\t\n\t\t\t\n\t<div class=\"img has-hover x md-x lg-x y md-y lg-y\" id=\"image_661974921\">\n\t\t\t\t\t\t\t\t<div class=\"img-inner dark\" >\n\t\t\t<img loading=\"lazy\" decoding=\"async\" width=\"800\" height=\"500\" src=\"https:\/\/4life-lubica.com\/wp-content\/uploads\/2023\/03\/about_satisfaction.jpg\" class=\"attachment-large size-large\" alt=\"\" srcset=\"https:\/\/4life-lubica.com\/wp-content\/uploads\/2023\/03\/about_satisfaction.jpg 800w, https:\/\/4life-lubica.com\/wp-content\/uploads\/2023\/03\/about_satisfaction-640x400.jpg 640w, https:\/\/4life-lubica.com\/wp-content\/uploads\/2023\/03\/about_satisfaction-768x480.jpg 768w, https:\/\/4life-lubica.com\/wp-content\/uploads\/2023\/03\/about_satisfaction-600x375.jpg 600w\" sizes=\"auto, (max-width: 800px) 100vw, 800px\" \/>\t\t\t\t\t\t\n\t\t\t\t\t<\/div>\n\t\t\t\t\t\t\t\t\n<style>\n#image_661974921 {\n  width: 100%;\n}\n<\/style>\n\t<\/div>\n\t\n\t\t<\/div>\n\t\t\t\t\t<\/div>\n\n\t\n<\/div>\n\t\t<\/div>\n\n\t\t\n<style>\n#section_1200807763 {\n  padding-top: 30px;\n  padding-bottom: 30px;\n}\n<\/style>\n\t<\/section>\n\t\n\n  \n    <div class=\"row large-columns-4 medium-columns-3 small-columns-2 row-small slider row-slider slider-nav-reveal slider-nav-push\"  data-flickity-options='{\"imagesLoaded\": true, \"groupCells\": \"100%\", \"dragThreshold\" : 5, \"cellAlign\": \"left\",\"wrapAround\": true,\"prevNextButtons\": true,\"percentPosition\": true,\"pageDots\": false, \"rightToLeft\": false, \"autoPlay\" : false}' >\n\n  \t<\/div>\n\t<div id=\"gap-1002047454\" class=\"gap-element clearfix\" style=\"display:block; height:auto;\">\n\t\t\n<style>\n#gap-1002047454 {\n  padding-top: 40px;\n}\n<\/style>\n\t<\/div>\n\t\n\t<div id=\"gap-298098741\" class=\"gap-element clearfix\" style=\"display:block; height:auto;\">\n\t\t\n<style>\n#gap-298098741 {\n  padding-top: 40px;\n}\n<\/style>\n\t<\/div>\n\t\n","protected":false},"excerpt":{"rendered":"","protected":false},"author":1,"featured_media":0,"parent":0,"menu_order":0,"comment_status":"closed","ping_status":"closed","template":"page-blank.php","meta":{"_seopress_robots_primary_cat":"","_seopress_titles_title":"","_seopress_titles_desc":"","_seopress_robots_index":"","footnotes":""},"class_list":["post-765","page","type-page","status-publish","hentry"],"_links":{"self":[{"href":"https:\/\/4life-lubica.com\/sk\/wp-json\/wp\/v2\/pages\/765","targetHints":{"allow":["GET"]}}],"collection":[{"href":"https:\/\/4life-lubica.com\/sk\/wp-json\/wp\/v2\/pages"}],"about":[{"href":"https:\/\/4life-lubica.com\/sk\/wp-json\/wp\/v2\/types\/page"}],"author":[{"embeddable":true,"href":"https:\/\/4life-lubica.com\/sk\/wp-json\/wp\/v2\/users\/1"}],"replies":[{"embeddable":true,"href":"https:\/\/4life-lubica.com\/sk\/wp-json\/wp\/v2\/comments?post=765"}],"version-history":[{"count":6,"href":"https:\/\/4life-lubica.com\/sk\/wp-json\/wp\/v2\/pages\/765\/revisions"}],"predecessor-version":[{"id":1306,"href":"https:\/\/4life-lubica.com\/sk\/wp-json\/wp\/v2\/pages\/765\/revisions\/1306"}],"wp:attachment":[{"href":"https:\/\/4life-lubica.com\/sk\/wp-json\/wp\/v2\/media?parent=765"}],"curies":[{"name":"wp","href":"https:\/\/api.w.org\/{rel}","templated":true}]}}