{"id":767,"date":"2023-02-22T22:28:18","date_gmt":"2023-02-22T22:28:18","guid":{"rendered":"https:\/\/4life-lubica.com\/contact\/"},"modified":"2023-05-21T17:07:21","modified_gmt":"2023-05-21T17:07:21","slug":"kontakty","status":"publish","type":"page","link":"https:\/\/4life-lubica.com\/sk\/kontakty\/","title":{"rendered":"Kontakty"},"content":{"rendered":"<h1>M\u00e1te nejak\u00e9 ot\u00e1zky?<\/h1>\n<p>&nbsp;<\/p>\n<div class=\"row\"  id=\"row-1683936877\">\n\n\t<div id=\"col-1433712885\" class=\"col medium-6 large-6\"  >\n\t\t\t\t<div class=\"col-inner\"  >\n\t\t\t\n\t\t\t\n<p class=\"lead\">Tu m\u00f4\u017eete z\u00edska\u0165 odpovede na \u010dasto kladen\u00e9 ot\u00e1zky:<\/p>\n<div class=\"accordion\">\n\t<div id=\"accordion-2121308355\" class=\"accordion-item\">\n\t\t<a id=\"accordion-2121308355-label\" class=\"accordion-title plain active\" href=\"#accordion-item-kde_je_najlep\u0161ie_k\u00fapi\u0165_produkty?\" aria-expanded=\"true\" aria-controls=\"accordion-2121308355-content\" >\n\t\t\t<button class=\"toggle\" aria-label=\"Toggle\"><i class=\"icon-angle-down\"><\/i><\/button>\n\t\t\t<span>Kde je najlep\u0161ie k\u00fapi\u0165 produkty?<\/span>\n\t\t<\/a>\n\t\t<div id=\"accordion-2121308355-content\" class=\"accordion-inner\" style=\"display: block;\" aria-labelledby=\"accordion-2121308355-label\" >\n\t\t\t\n<p>Ak chcete zak\u00fapi\u0165 produkty 4Life, kontaktujte:<\/p>\n<p>Lubica, tel: <strong>+49 159 05405834 (Viber, WhatsApp)<\/strong><\/p>\n<p>E&#8217;mail: <a href=\"mailto:lubicazabrodska@gmail.com\">lubicazabrodska@gmail.com<\/a><\/p>\n\t\t<\/div>\n\t<\/div>\n\t\n\t<div id=\"accordion-848095834\" class=\"accordion-item\">\n\t\t<a id=\"accordion-848095834-label\" class=\"accordion-title plain\" href=\"#accordion-item-je_v\u00fdrobok_certifikovan\u00fd?\" aria-expanded=\"false\" aria-controls=\"accordion-848095834-content\" >\n\t\t\t<button class=\"toggle\" aria-label=\"Toggle\"><i class=\"icon-angle-down\"><\/i><\/button>\n\t\t\t<span>Je v\u00fdrobok certifikovan\u00fd?<\/span>\n\t\t<\/a>\n\t\t<div id=\"accordion-848095834-content\" class=\"accordion-inner\" aria-labelledby=\"accordion-848095834-label\" >\n\t\t\t\n<p>Produkty 4Life Research s\u00fa certifikovan\u00e9 v Eur\u00f3pskej \u00fanii, USA a mnoh\u00fdch \u010fal\u0161\u00edch krajin\u00e1ch.<\/p>\n\t\t<\/div>\n\t<\/div>\n\t\n\t<div id=\"accordion-2743877687\" class=\"accordion-item\">\n\t\t<a id=\"accordion-2743877687-label\" class=\"accordion-title plain\" href=\"#accordion-item-doru\u010denie_objedn\u00e1vky\" aria-expanded=\"false\" aria-controls=\"accordion-2743877687-content\" >\n\t\t\t<button class=\"toggle\" aria-label=\"Toggle\"><i class=\"icon-angle-down\"><\/i><\/button>\n\t\t\t<span>Doru\u010denie objedn\u00e1vky<\/span>\n\t\t<\/a>\n\t\t<div id=\"accordion-2743877687-content\" class=\"accordion-inner\" aria-labelledby=\"accordion-2743877687-label\" >\n\t\t\t\n<p>Doru\u010denie objedn\u00e1vky sa realizuje do 2-3 dn\u00ed prostredn\u00edctvom UPS. E-mailom dostanete \u010d\u00edslo sledovania objedn\u00e1vky.<\/p>\n\t\t<\/div>\n\t<\/div>\n\t\n\t<div id=\"accordion-2077783781\" class=\"accordion-item\">\n\t\t<a id=\"accordion-2077783781-label\" class=\"accordion-title plain\" href=\"#accordion-item-\u010co_prin\u00e1\u0161a_registr\u00e1cia_v_4life?\" aria-expanded=\"false\" aria-controls=\"accordion-2077783781-content\" >\n\t\t\t<button class=\"toggle\" aria-label=\"Toggle\"><i class=\"icon-angle-down\"><\/i><\/button>\n\t\t\t<span>\u010co prin\u00e1\u0161a registr\u00e1cia v 4Life?<\/span>\n\t\t<\/a>\n\t\t<div id=\"accordion-2077783781-content\" class=\"accordion-inner\" aria-labelledby=\"accordion-2077783781-label\" >\n\t\t\t\n<p><strong>V\u00fdhody:<\/strong><\/p>\n<ul>\n<li>Produkty nakupujete priamo od v\u00fdrobcu.<\/li>\n<li>Z\u00edskate z\u013eavu na v\u0161etky produkty a zapoj\u00edte sa do akci\u00ed.<\/li>\n<li>\u00da\u010das\u0165 v programe \u201eVernostn\u00fd\u201c v\u00e1s opr\u00e1v\u0148uje z\u00edska\u0165 2 (dva) produkty zdarma mesa\u010dne!<\/li>\n<\/ul>\n\t\t<\/div>\n\t<\/div>\n\t\n\t<div id=\"accordion-3995294992\" class=\"accordion-item\">\n\t\t<a id=\"accordion-3995294992-label\" class=\"accordion-title plain\" href=\"#accordion-item-dostanem_radu_oh\u013eadom_pou\u017e\u00edvania_produktov_4life?\" aria-expanded=\"false\" aria-controls=\"accordion-3995294992-content\" >\n\t\t\t<button class=\"toggle\" aria-label=\"Toggle\"><i class=\"icon-angle-down\"><\/i><\/button>\n\t\t\t<span>Dostanem radu oh\u013eadom pou\u017e\u00edvania produktov 4Life?<\/span>\n\t\t<\/a>\n\t\t<div id=\"accordion-3995294992-content\" class=\"accordion-inner\" aria-labelledby=\"accordion-3995294992-label\" >\n\t\t\t\n<p>Dostanete v\u0161etky potrebn\u00e9 inform\u00e1cie a rady o pou\u017e\u00edvan\u00ed produktov 4Life Research.<\/p>\n\t\t<\/div>\n\t<\/div>\n\t\n\t<div id=\"accordion-3840826815\" class=\"accordion-item\">\n\t\t<a id=\"accordion-3840826815-label\" class=\"accordion-title plain\" href=\"#accordion-item-m\u00f4\u017eem_obchodova\u0165_so_4life?\" aria-expanded=\"false\" aria-controls=\"accordion-3840826815-content\" >\n\t\t\t<button class=\"toggle\" aria-label=\"Toggle\"><i class=\"icon-angle-down\"><\/i><\/button>\n\t\t\t<span>M\u00f4\u017eem obchodova\u0165 so 4Life?<\/span>\n\t\t<\/a>\n\t\t<div id=\"accordion-3840826815-content\" class=\"accordion-inner\" aria-labelledby=\"accordion-3840826815-label\" >\n\t\t\t\n<p>\u00c1no, samozrejme, m\u00f4\u017eete a ja v\u00e1m s t\u00fdm r\u00e1d pom\u00f4\u017eem!<\/p>\n\t\t<\/div>\n\t<\/div>\n\t\n<\/div>\n\t\t<\/div>\n\t\t\t\t\t<\/div>\n\n\t\n\n\t<div id=\"col-1782697\" class=\"col medium-6 large-6\"  >\n\t\t\t\t<div class=\"col-inner\"  >\n\t\t\t\n\t\t\t\n<p>Nap\u00ed\u0161te mi a ja V\u00e1m bli\u017e\u0161ie predstav\u00edm produkty a podmienky spolupr\u00e1ce s firmou.<\/p>\n<div class=\"container section-title-container\" ><h3 class=\"section-title section-title-normal\"><b><\/b><span class=\"section-title-main\" >Posla\u0165 list<\/span><b><\/b><\/h3><\/div>\n\n<div class=\"wpcf7 no-js\" id=\"wpcf7-f779-o1\" lang=\"sk-SK\" dir=\"ltr\" data-wpcf7-id=\"779\">\n<div class=\"screen-reader-response\"><p role=\"status\" aria-live=\"polite\" aria-atomic=\"true\"><\/p> <ul><\/ul><\/div>\n<form action=\"\/sk\/wp-json\/wp\/v2\/pages\/767#wpcf7-f779-o1\" method=\"post\" class=\"wpcf7-form init\" aria-label=\"Kontaktn\u00fd formul\u00e1r\" novalidate=\"novalidate\" data-status=\"init\">\n<fieldset class=\"hidden-fields-container\"><input type=\"hidden\" name=\"_wpcf7\" value=\"779\" \/><input type=\"hidden\" name=\"_wpcf7_version\" value=\"6.1.4\" \/><input type=\"hidden\" name=\"_wpcf7_locale\" value=\"sk_SK\" \/><input type=\"hidden\" name=\"_wpcf7_unit_tag\" value=\"wpcf7-f779-o1\" \/><input type=\"hidden\" name=\"_wpcf7_container_post\" value=\"0\" \/><input type=\"hidden\" name=\"_wpcf7_posted_data_hash\" value=\"\" \/>\n<\/fieldset>\n<p><label>Tvoje meno<\/label><br \/>\n<span class=\"wpcf7-form-control-wrap\" data-name=\"your-name\"><input size=\"40\" maxlength=\"400\" class=\"wpcf7-form-control wpcf7-text wpcf7-validates-as-required\" aria-required=\"true\" aria-invalid=\"false\" value=\"\" type=\"text\" name=\"your-name\" \/><\/span>\n<\/p>\n<p><label>Tvoj Email<\/label><br \/>\n<span class=\"wpcf7-form-control-wrap\" data-name=\"your-email\"><input size=\"40\" maxlength=\"400\" class=\"wpcf7-form-control wpcf7-email wpcf7-validates-as-required wpcf7-text wpcf7-validates-as-email\" aria-required=\"true\" aria-invalid=\"false\" value=\"\" type=\"email\" name=\"your-email\" \/><\/span>\n<\/p>\n<p><label>Tvoja ot\u00e1zka<\/label><br \/>\n<span class=\"wpcf7-form-control-wrap\" data-name=\"your-message\"><textarea cols=\"40\" rows=\"10\" maxlength=\"2000\" class=\"wpcf7-form-control wpcf7-textarea\" aria-invalid=\"false\" name=\"your-message\"><\/textarea><\/span>\n<\/p>\n<p><span class=\"wpcf7-form-control-wrap kc_captcha\" data-name=\"kc_captcha\"><span class=\"wpcf7-form-control wpcf7-radio\"><span class=\"captcha-image\" ><span class=\"cf7ic_instructions\">Ak ste \u010dlovek, vyberte obr\u00e1zok <span> key<\/span>.<\/span><label><input aria-label=\"1\" type=\"radio\" name=\"kc_captcha\" value=\"bot\" \/><svg width=\"50\" height=\"50\" aria-hidden=\"true\" role=\"img\" xmlns=\"http:\/\/www.w3.org\/2000\/svg\" viewBox=\"0 0 640 512\"><path fill=\"currentColor\" d=\"M192 384h192c53 0 96-43 96-96h32a128 128 0 000-256H120c-13 0-24 11-24 24v232c0 53 43 96 96 96zM512 96a64 64 0 010 128h-32V96h32zm48 384H48c-47 0-61-64-36-64h584c25 0 11 64-36 64z\"\/><\/svg><\/label><label><input aria-label=\"2\" type=\"radio\" name=\"kc_captcha\" value=\"kc_human\" \/><svg width=\"50\" height=\"50\" aria-hidden=\"true\" role=\"img\" xmlns=\"http:\/\/www.w3.org\/2000\/svg\" viewBox=\"0 0 512 512\"><path fill=\"currentColor\" d=\"M512 176a176 176 0 01-209 173l-24 27a24 24 0 01-18 8h-37v40c0 13-11 24-24 24h-40v40c0 13-11 24-24 24H24c-13 0-24-11-24-24v-78c0-6 3-13 7-17l162-162a176 176 0 11343-55zm-176-48a48 48 0 1096 0 48 48 0 00-96 0z\"\/><\/svg><\/label><label><input aria-label=\"3\" type=\"radio\" name=\"kc_captcha\" value=\"bot\" \/><svg width=\"50\" height=\"50\" aria-hidden=\"true\" role=\"img\" xmlns=\"http:\/\/www.w3.org\/2000\/svg\" viewBox=\"0 0 640 512\"><path fill=\"currentColor\" d=\"M624 352h-16V244c0-13-5-25-14-34L494 110c-9-9-21-14-34-14h-44V48c0-26-21-48-48-48H48C22 0 0 22 0 48v320c0 27 22 48 48 48h16a96 96 0 00192 0h128a96 96 0 00192 0h48c9 0 16-7 16-16v-32c0-9-7-16-16-16zM160 464a48 48 0 110-96 48 48 0 010 96zm320 0a48 48 0 110-96 48 48 0 010 96zm80-208H416V144h44l100 100v12z\"\/><\/svg><\/label>\r\n    <\/span>\r\n    <span style=\"display:none\">\r\n        <input type=\"text\" name=\"kc_honeypot\">\r\n    <\/span><\/span><\/span><br \/>\n<input class=\"wpcf7-form-control wpcf7-submit has-spinner button\" type=\"submit\" value=\"Odosla\u0165\" \/>\n<\/p><div class=\"wpcf7-response-output\" aria-hidden=\"true\"><\/div>\n<\/form>\n<\/div>\n\n\t\t<\/div>\n\t\t\t\t\t<\/div>\n\n\t\n<\/div>\n","protected":false},"excerpt":{"rendered":"<p>M\u00e1te nejak\u00e9 ot\u00e1zky? &nbsp;<\/p>\n","protected":false},"author":1,"featured_media":0,"parent":0,"menu_order":0,"comment_status":"closed","ping_status":"closed","template":"","meta":{"_seopress_robots_primary_cat":"","_seopress_titles_title":"","_seopress_titles_desc":"","_seopress_robots_index":"","footnotes":""},"class_list":["post-767","page","type-page","status-publish","hentry"],"_links":{"self":[{"href":"https:\/\/4life-lubica.com\/sk\/wp-json\/wp\/v2\/pages\/767","targetHints":{"allow":["GET"]}}],"collection":[{"href":"https:\/\/4life-lubica.com\/sk\/wp-json\/wp\/v2\/pages"}],"about":[{"href":"https:\/\/4life-lubica.com\/sk\/wp-json\/wp\/v2\/types\/page"}],"author":[{"embeddable":true,"href":"https:\/\/4life-lubica.com\/sk\/wp-json\/wp\/v2\/users\/1"}],"replies":[{"embeddable":true,"href":"https:\/\/4life-lubica.com\/sk\/wp-json\/wp\/v2\/comments?post=767"}],"version-history":[{"count":5,"href":"https:\/\/4life-lubica.com\/sk\/wp-json\/wp\/v2\/pages\/767\/revisions"}],"predecessor-version":[{"id":781,"href":"https:\/\/4life-lubica.com\/sk\/wp-json\/wp\/v2\/pages\/767\/revisions\/781"}],"wp:attachment":[{"href":"https:\/\/4life-lubica.com\/sk\/wp-json\/wp\/v2\/media?parent=767"}],"curies":[{"name":"wp","href":"https:\/\/api.w.org\/{rel}","templated":true}]}}