{"id":1045,"date":"2023-02-22T21:53:56","date_gmt":"2023-02-22T21:53:56","guid":{"rendered":"https:\/\/4life-lubica.com\/product\/fibro-amj-day\/"},"modified":"2023-08-18T10:49:42","modified_gmt":"2023-08-18T10:49:42","slug":"fibro-amj-day","status":"publish","type":"product","link":"https:\/\/4life-lubica.com\/sk\/produkt\/fibro-amj-day\/","title":{"rendered":"Fibro AMJ\u00ae Day"},"content":{"rendered":"<p><span style=\"font-family: Arial, sans-serif\"><span style=\"font-size: medium\"><b>Fibro AMJ <\/b><\/span><\/span><span style=\"font-family: Arial, sans-serif\">\u00a0je v\u00fd\u017eivov\u00fd doplnok s obsahom hor\u010d\u00edka a boswellie, s glukosam\u00ednom a vitam\u00ednom B6 pre zdravie k\u013abov, kost\u00ed a svalov, vedecky najpokro\u010dilej\u0161\u00ed a najkompletnej\u0161\u00ed pr\u00edpravok, ak\u00fd sa kedy pou\u017e\u00edval.<\/span><\/p>\n<p><strong><span style=\"font-family: Arial, sans-serif\">Ka\u017ed\u00e1 denn\u00e1 d\u00e1vka obsahuje:<\/span><\/strong><\/p>\n<p><span style=\"font-family: Arial, sans-serif\">3,3 mg vitam\u00ednu <b>B6<\/b>, ktor\u00fd prispieva k norm\u00e1lnemu metabolizmu bielkov\u00edn a glykog\u00e9nu, sa podie\u013ea na tvorbe nieko\u013ek\u00fdch d\u00f4le\u017eit\u00fdch medi\u00e1torov &#8211; seroton\u00ednu (ako tkanivov\u00fd horm\u00f3n sp\u00f4sobuje kontrakciu hladk\u00e9ho svalstva), kyseliny gama-aminomaslovej (sp\u00f4sobuje nervov\u00fd impulz) a dopam\u00edn, <b>66,7 mg hor\u010d\u00edk <\/b>a acid\u00e1t jabl\u010dn\u00fd, ktor\u00e9 prispievaj\u00fa k norm\u00e1lnemu fungovaniu svalov a k udr\u017eaniu zdrav\u00fdch kost\u00ed, s\u00fa nevyhnutn\u00e9 v cykle tvorby svalovej energie, <b>glukosam\u00edn <\/b>(800 mg) sa podie\u013ea na tvorbe kolag\u00e9nu a proteoglyk\u00e1nu, nevyhnutn\u00e9 pre obnovu k\u013abov, v\u00fdrazne zni\u017euje boles\u0165, normalizuje tvorbu intraartikul\u00e1rnej tekutiny, hov\u00e4dzej chrupavky (200 mg) napom\u00e1ha synt\u00e9ze chrupavky v k\u013abe. diabolsk\u00fd paz\u00far, kore\u0148 (1,5%-2,5%), Boswellia serrata (20-25%), <b>N-acetyl, L-cyste\u00edn<\/b>, <b>extrakt z hrozna <\/b>(pr\u00edrodn\u00e9 polyfenoly), <b>b\u00f3r <\/b>(ako so\u013e kyseliny citr\u00f3novej) potrebn\u00fd na denn\u00fa konzum\u00e1ciu s jedlom, <b>metylsulfonylmet\u00e1n<\/b> (MSM, metylsulfonylmet\u00e1n) MSM ako zdroj pr\u00edrodnej s\u00edry, <b>romel\u00edn<\/b> (400 GDU). Fibro AMJ Blend (437 mg) obsahuje siln\u00e9 metabolity, energiz\u00e9ry a bylinn\u00e9 extrakty<\/span><\/p>\n<p><span style=\"font-family: Arial, sans-serif\"><strong>Odpor\u00fa\u010dan\u00e9 d\u00e1vkovanie<\/strong>: U\u017e\u00edvajte jednu (1) kapsulu raz (1) denne s poh\u00e1rom vody po dobu najmenej 90 dn\u00ed. Neprekra\u010dujte odpor\u00fa\u010dan\u00fa denn\u00fa d\u00e1vku, neu\u017e\u00edvajte osob\u00e1m mlad\u0161\u00edm ako 12 rokov, neu\u017e\u00edvajte pri choleliti\u00e1ze, pri vredoch \u017eal\u00fadka, dvan\u00e1stnika alebo \u017el\u010dn\u00edkov\u00fdch kame\u0148och.<\/span><\/p>\n<p><span style=\"font-family: Arial, sans-serif\"> V\u00fd\u017eivov\u00e9 doplnky nie s\u00fa n\u00e1hradou pestrej a vyv\u00e1\u017eenej stravy a zdrav\u00e9ho \u017eivotn\u00e9ho \u0161t\u00fdlu. <\/span><\/p>\n<p><span style=\"font-family: Arial, sans-serif\">Dr\u017ete mimo dosahu det\u00ed<\/span><\/p>\n","protected":false},"excerpt":{"rendered":"<p><strong>Fibro AMJ\u00a0 <\/strong>je v\u00fd\u017eivov\u00fd doplnok s obsahom<span style=\"font-family: Arial, sans-serif\"> hor\u010d\u00edka, B6 a boswellie, s glukosam\u00ednom a vitam\u00ednom B6 z \u00fa\u010dinkami<\/span> pre zdravie k\u013abov, kost\u00ed a svalov.<\/p>\n","protected":false},"featured_media":724,"comment_status":"open","ping_status":"closed","template":"","meta":{"_seopress_robots_primary_cat":"none","_seopress_titles_title":"","_seopress_titles_desc":"","_seopress_robots_index":""},"product_cat":[97,96],"product_tag":[],"class_list":["post-1045","product","type-product","status-publish","has-post-thumbnail","hentry","product_cat-cielove-produkty","product_cat-transform"],"_links":{"self":[{"href":"https:\/\/4life-lubica.com\/sk\/wp-json\/wp\/v3\/product\/1045","targetHints":{"allow":["GET"]}}],"collection":[{"href":"https:\/\/4life-lubica.com\/sk\/wp-json\/wp\/v3\/product"}],"about":[{"href":"https:\/\/4life-lubica.com\/sk\/wp-json\/wp\/v2\/types\/product"}],"replies":[{"embeddable":true,"href":"https:\/\/4life-lubica.com\/sk\/wp-json\/wp\/v2\/comments?post=1045"}],"wp:featuredmedia":[{"embeddable":true,"href":"https:\/\/4life-lubica.com\/sk\/wp-json\/wp\/v2\/media\/724"}],"wp:attachment":[{"href":"https:\/\/4life-lubica.com\/sk\/wp-json\/wp\/v2\/media?parent=1045"}],"wp:term":[{"taxonomy":"product_cat","embeddable":true,"href":"https:\/\/4life-lubica.com\/sk\/wp-json\/wp\/v2\/product_cat?post=1045"},{"taxonomy":"product_tag","embeddable":true,"href":"https:\/\/4life-lubica.com\/sk\/wp-json\/wp\/v2\/product_tag?post=1045"}],"curies":[{"name":"wp","href":"https:\/\/api.w.org\/{rel}","templated":true}]}}