{"id":1046,"date":"2023-02-22T21:53:56","date_gmt":"2023-02-22T21:53:56","guid":{"rendered":"https:\/\/4life-lubica.com\/product\/bioefa-with-cla\/"},"modified":"2023-08-11T12:21:14","modified_gmt":"2023-08-11T12:21:14","slug":"bioefa-with-cla","status":"publish","type":"product","link":"https:\/\/4life-lubica.com\/sk\/produkt\/bioefa-with-cla\/","title":{"rendered":"BioEFA\u2122 with CLA"},"content":{"rendered":"<p><span style=\"font-size: 120%\"><span style=\"font-family: Arial, sans-serif\"><strong>BioEFA<\/strong> obsahuje esenci\u00e1lne mastn\u00e9 kyseliny <\/span><span style=\"font-family: Arial, sans-serif\"><b>omega 3 a omega <\/b><\/span><span style=\"font-family: Arial, sans-serif\"><span lang=\"sk-SK\"><b>6<\/b><\/span><\/span> <span style=\"font-family: Arial, sans-serif\"><span lang=\"de-DE\">z<\/span><\/span><span style=\"font-family: Arial, sans-serif\"> najvy\u0161\u0161\u00edch \u0161tandardoch rybieho oleja<\/span><b> <\/b><span style=\"font-family: Arial, sans-serif\">. S\u00fa nevyhnutn\u00e9 pre mozog, kardiovaskul\u00e1rny a nervov\u00fd syst\u00e9m a tie\u017e podporuje zdravie poko\u017eky, d\u00fdchacie funkcie a imunitn\u00e9 reakcie.<\/span><\/span><\/p>\n<p><span style=\"font-family: Arial, sans-serif;font-size: 120%\">Je zn\u00e1me, \u017ee <strong>60% mozgu (okrem vody) s\u00fa tuky a 30% z nich s\u00fa omega 3 a omega 6 mastn\u00e9 kyseliny,<\/strong> ktor\u00e9 zabezpe\u010duj\u00fa siln\u00e9 nervov\u00e9 spojenia po cel\u00fd \u017eivot.<\/span><\/p>\n<p><span style=\"font-size: 120%\"><strong>V\u00fdhody BioEFA v porovnan\u00ed s anal\u00f3gmi na trhu s\u00fa nasledovn\u00e9:<\/strong><\/span><\/p>\n<p><span style=\"font-size: 120%\">1. Pomer Omega-3 (1030 mg) a Omega-6 (266 mg) je takmer 4:1, \u010do je ve\u013emi d\u00f4le\u017eit\u00e9. Omega-6 je pr\u00edtomn\u00fd vo v\u0161etk\u00fdch rastlinn\u00fdch tukoch, v niektor\u00fdch druhoch zeleniny, v orechoch (vla\u0161sk\u00e9 orechy), semen\u00e1ch. Omega-6 poch\u00e1dza z potravy ove\u013ea viac ako Omega-3.<\/span><\/p>\n<p><span style=\"font-size: 120%\">Omega-3 sa v\u0161ak nach\u00e1dza len v ryb\u00e1ch a morsk\u00fdch plodoch, ktor\u00e9 sa na na\u0161om stole \u010dasto nenach\u00e1dzaj\u00fa. Doch\u00e1dza tak k poru\u0161eniu ich pomeru, \u010do je pre telo v\u00e1\u017eny probl\u00e9m.<\/span><\/p>\n<p><span style=\"font-size: 120%\">2. BioEFA je dostupn\u00e1 v kapsul\u00e1ch, \u010do rob\u00ed produkt pr\u00edjemnej\u0161\u00edm pre deti aj dospel\u00fdch.<\/span><\/p>\n<p><span style=\"font-family: Arial, sans-serif;font-size: 120%\"><strong>Ka\u017ed\u00e1 denn\u00e1 d\u00e1vka obsahuje<\/strong>:<\/span><\/p>\n<p><span style=\"font-size: 120%\">\u2022 <span style=\"font-family: Arial, sans-serif\">1030 mg rybieho oleja<\/span><\/span><\/p>\n<p><span style=\"font-size: 120%\">\u2022 <span style=\"font-family: Arial, sans-serif\">266 mg \u013eanov\u00e9ho oleja a tie\u017e obsahuje oleje r\u00f4znych semien: <\/span><span style=\"font-family: Arial, sans-serif\">olej z brutn\u00e1ka (Borago officinalis), svetlicov\u00fd olej (Carthamus tinctorius), voda, konzerva\u010dn\u00e9 l\u00e1tky (extrakty s vysok\u00fdmi tokoferolmi).<\/span><\/span><\/p>\n<p><span style=\"font-family: Arial, sans-serif;font-size: 120%\">Tieto mastn\u00e9 kyseliny nie s\u00fa syntetizovan\u00e9 v tele, vstupuj\u00fa do tela iba s jedlom. Potraviny bohat\u00e9 na <b>omega 3 a omega <\/b><span lang=\"sk-SK\"><b>6<\/b><\/span>: orechy (vla\u0161sk\u00e9 orechy), semen\u00e1, ryby, <span lang=\"sk-SK\">ktore<\/span> by <span lang=\"sk-SK\">sme<\/span> sa mali jes\u0165 pravidelne.<\/span><\/p>\n<p><span style=\"font-size: 120%\"><strong><span style=\"font-family: Arial, sans-serif\">Odpor\u00fa\u010dan\u00e9 d\u00e1vkovanie BioEFA<\/span><\/strong><\/span><\/p>\n<p><span style=\"font-family: Arial, sans-serif;font-size: 120%\">U\u017e\u00edvajte dve (2) kapsuly denne s 240 ml tekutiny.<\/span><\/p>\n","protected":false},"excerpt":{"rendered":"<p><span style=\"font-size: 120%\"><span style=\"font-family: Arial, sans-serif\"><strong>BioEFA<\/strong> obsahuje esenci\u00e1lne mastn\u00e9 kyseliny <\/span><span style=\"font-family: Arial, sans-serif\"><b>omega 3 a omega <\/b><\/span><span style=\"font-family: Arial, sans-serif\"><span lang=\"sk-SK\"><b>6<\/b><\/span><\/span> v spr\u00e1vnom pomere, ktor\u00e9 s<span style=\"font-family: Arial, sans-serif\">\u00fa nevyhnutn\u00e9 pre mozog, kardiovaskul\u00e1rny a nervov\u00fd syst\u00e9m, ko\u017eu. <span style=\"font-family: Arial, sans-serif\">Tieto mastn\u00e9 kyseliny nie s\u00fa syntetizovan\u00e9 v tele, vstupuj\u00fa do tela iba s jedlom.<\/span><\/span><\/span><\/p>\n","protected":false},"featured_media":723,"comment_status":"open","ping_status":"closed","template":"","meta":{"_seopress_robots_primary_cat":"none","_seopress_titles_title":"","_seopress_titles_desc":"","_seopress_robots_index":""},"product_cat":[97,94],"product_tag":[],"class_list":["post-1046","product","type-product","status-publish","has-post-thumbnail","hentry","product_cat-cielove-produkty","product_cat-imunita"],"_links":{"self":[{"href":"https:\/\/4life-lubica.com\/sk\/wp-json\/wp\/v3\/product\/1046","targetHints":{"allow":["GET"]}}],"collection":[{"href":"https:\/\/4life-lubica.com\/sk\/wp-json\/wp\/v3\/product"}],"about":[{"href":"https:\/\/4life-lubica.com\/sk\/wp-json\/wp\/v2\/types\/product"}],"replies":[{"embeddable":true,"href":"https:\/\/4life-lubica.com\/sk\/wp-json\/wp\/v2\/comments?post=1046"}],"wp:featuredmedia":[{"embeddable":true,"href":"https:\/\/4life-lubica.com\/sk\/wp-json\/wp\/v2\/media\/723"}],"wp:attachment":[{"href":"https:\/\/4life-lubica.com\/sk\/wp-json\/wp\/v2\/media?parent=1046"}],"wp:term":[{"taxonomy":"product_cat","embeddable":true,"href":"https:\/\/4life-lubica.com\/sk\/wp-json\/wp\/v2\/product_cat?post=1046"},{"taxonomy":"product_tag","embeddable":true,"href":"https:\/\/4life-lubica.com\/sk\/wp-json\/wp\/v2\/product_tag?post=1046"}],"curies":[{"name":"wp","href":"https:\/\/api.w.org\/{rel}","templated":true}]}}