{"id":1052,"date":"2023-06-25T19:41:48","date_gmt":"2023-06-25T19:41:48","guid":{"rendered":"https:\/\/4life-lubica.com\/product\/transfer-factor-renuvo\/"},"modified":"2023-08-11T12:16:14","modified_gmt":"2023-08-11T12:16:14","slug":"transfer-factor-renuvo","status":"publish","type":"product","link":"https:\/\/4life-lubica.com\/sk\/produkt\/transfer-factor-renuvo\/","title":{"rendered":"Transfer Factor\u2122 Renuvo\u2122"},"content":{"rendered":"<p><strong>&#8220;C\u00ed\u0165 sa ako 22!&#8221; je slogan 4Life Transfer Factor Renuvo\u2122.<\/strong><\/p>\n<p><strong>\u00a0Hlavn\u00fd \u00fa\u010del <\/strong>\u00a0<strong>Renuvo je spomali\u0165 starnutie a antioxida\u010dn\u00e1 i im\u00fanna podpora organizmu.<\/strong><\/p>\n<p><strong>Renuvo ( <\/strong>120 kaps\u00fal)\u00a0 je rastlinn\u00fd adaptog\u00e9n. Jedine\u010dnos\u0165\u00a0 produktu ur\u010duj\u00fa zlo\u017eky, ktor\u00e9 neutralizuj\u00fa pr\u00ed\u010diny r\u00fdchleho starnutia organizmu vypl\u00fdvaj\u00face z pr\u00e1ce, stresu, zl\u00e9ho sp\u00e1nku a v\u00fd\u017eivy, zne\u010distenia \u017eivotn\u00e9ho prostredia at\u010f. zvy\u0161uje odolnos\u0165 vo\u010di stresu a odolnos\u0165 organizmu vo\u010di \u0161kodliv\u00fdm vplyvom chemickej, fyzik\u00e1lnej a biologickej povahy.<\/p>\n<p><strong>Zlo\u017eenie dennej d\u00e1vky:<\/strong><br \/>\n&#8211; 4Life\u00ae Tri-Factor\u00ae Formula 50 mg. ( Transfer Factor\u00ae prote\u00edny a in\u00e9 peptidy hov\u00e4dzieho kolostra zo \u017e\u013atkov slepa\u010d\u00edch vajec)<br \/>\n&#8211; 4Life\u00ae Adaptogenic Blend 1113 mg.: extrakt z kore\u0148a: Leuzea soflorovidnaya, Schisandra chinensis, ALKAR (Acetyl-L-karnit\u00edn HCl), zelen\u00fd \u010daj (extrakt z listov), \u200b\u200btabletky na spanie, kurkuma longa, resveratrol, \u010dierne korenie (extrakt z ovocia). Kapsula \u017eelat\u00ednov\u00e1 .<\/p>\n<p><em>V\u00fdskum uskuto\u010dnen\u00fd na Univerzite v Missouri, oddelen\u00ed biomedic\u00ednskeho v\u00fdskumu, pozoroval v\u00fdsledky recept\u00fary Renuvo\u00ae: zlep\u0161en\u00fd detoxika\u010dn\u00fd \u00fa\u010dinok., chudnutie s di\u00e9tou s vysok\u00fdm obsahom cukru a tuku.<\/em><\/p>\n<p><strong>Pou\u017eitie:<\/strong> U\u017e\u00edvajte 1-2 denne.<\/p>\n<p>Exkluzivita produktu je chr\u00e1nen\u00e1 patentmi USA 6,468,534 a 6,866,868<\/p>\n","protected":false},"excerpt":{"rendered":"<p>Transfer Factor\u2122 Renuvo\u2122 je n\u00e1pomocn\u00fd\u00a0 pri neutralizuje pr\u00ed\u010diny r\u00fdchleho starnutia organizmu vypl\u00fdvaj\u00face z pr\u00e1ce, stresu, zl\u00e9ho sp\u00e1nku a v\u00fd\u017eivy, zne\u010distenia \u017eivotn\u00e9ho prostredia at\u010f. , t.z.\u00a0 zvy\u0161uje odolnos\u0165 organizmu vo\u010di \u0161kodliv\u00fdm vplyvom chemickej, fyzik\u00e1lnej a biologickej povahy.<\/p>\n","protected":false},"featured_media":1051,"comment_status":"open","ping_status":"closed","template":"","meta":{"_seopress_robots_primary_cat":"none","_seopress_titles_title":"","_seopress_titles_desc":"","_seopress_robots_index":""},"product_cat":[97,94],"product_tag":[],"class_list":["post-1052","product","type-product","status-publish","has-post-thumbnail","hentry","product_cat-cielove-produkty","product_cat-imunita"],"_links":{"self":[{"href":"https:\/\/4life-lubica.com\/sk\/wp-json\/wp\/v3\/product\/1052","targetHints":{"allow":["GET"]}}],"collection":[{"href":"https:\/\/4life-lubica.com\/sk\/wp-json\/wp\/v3\/product"}],"about":[{"href":"https:\/\/4life-lubica.com\/sk\/wp-json\/wp\/v2\/types\/product"}],"replies":[{"embeddable":true,"href":"https:\/\/4life-lubica.com\/sk\/wp-json\/wp\/v2\/comments?post=1052"}],"wp:featuredmedia":[{"embeddable":true,"href":"https:\/\/4life-lubica.com\/sk\/wp-json\/wp\/v2\/media\/1051"}],"wp:attachment":[{"href":"https:\/\/4life-lubica.com\/sk\/wp-json\/wp\/v2\/media?parent=1052"}],"wp:term":[{"taxonomy":"product_cat","embeddable":true,"href":"https:\/\/4life-lubica.com\/sk\/wp-json\/wp\/v2\/product_cat?post=1052"},{"taxonomy":"product_tag","embeddable":true,"href":"https:\/\/4life-lubica.com\/sk\/wp-json\/wp\/v2\/product_tag?post=1052"}],"curies":[{"name":"wp","href":"https:\/\/api.w.org\/{rel}","templated":true}]}}