{"id":1061,"date":"2023-02-22T21:53:54","date_gmt":"2023-02-22T21:53:54","guid":{"rendered":"https:\/\/4life-lubica.com\/product\/4life-transfer-factor-bcv-cardio\/"},"modified":"2023-08-11T12:49:53","modified_gmt":"2023-08-11T12:49:53","slug":"4life-transfer-factor-bcv-cardio","status":"publish","type":"product","link":"https:\/\/4life-lubica.com\/sk\/produkt\/4life-transfer-factor-bcv-cardio\/","title":{"rendered":"4Life Transfer Factor BCV Cardio"},"content":{"rendered":"<p><span style=\"font-family: Arial, sans-serif\"><span style=\"font-size: medium\"><b>Transfer faktor BCV<\/b><\/span><\/span><\/p>\n<p><span style=\"font-family: Arial, sans-serif\">Po\u010das 70 rokov \u017eivota srdce produkuje <strong>viac ako 2,5 mili\u00e1rd kontrakci\u00ed a pumpuje asi 156 mili\u00f3nov litrov krvi,<\/strong> \u010do znamen\u00e1, \u017ee potrebuje starostlivos\u0165 a posilnenie! Transfer Factor BCV (120 kaps\u00fal) zais\u0165uje pln\u00e9 fungovanie srdca a kardiovaskul\u00e1rneho syst\u00e9mu, zvy\u0161uje imunitn\u00fa odpove\u010f potrebn\u00fa na ochranu kardiovaskul\u00e1rneho syst\u00e9mu, poskytuje antioxida\u010dn\u00fa podporu<\/span><\/p>\n<p><span style=\"font-family: Arial, sans-serif\"><i>Tento pr\u00edrodn\u00fd produkt je s\u00fa\u010das\u0165ou exkluz\u00edvnej rady cielen\u00fdch produktov.<\/i><\/span><\/p>\n<p><span style=\"font-family: Arial, sans-serif\"><span lang=\"sk-SK\"><b>Z<\/b><\/span><b>lo\u017eeni<\/b><span lang=\"sk-SK\"><b>e <\/b><\/span><span style=\"font-size: medium\"><span lang=\"sk-SK\"><b>Transfer Faktor <\/b><\/span><\/span><b> BCV<\/b>:<\/span><\/p>\n<ul>\n<li><span style=\"font-family: Arial, sans-serif\">koncentr\u00e1t transferov\u00e9ho faktora z kuracieho \u017e\u013atka 50 mg \/ \u010diapky, argin\u00e1t a lyzin\u00e1t hore\u010dnat\u00fd, askorb\u00e1t hore\u010dnat\u00fd,<\/span><\/li>\n<li><span style=\"font-family: Arial, sans-serif\"> extrakt z cesnaku, extrakt z listov a kvetov hlohu, citr\u00e1t draseln\u00fd, kyselina askorbov\u00e1, tokoferol sukcin\u00e1t, v\u00fd\u0165a\u017eok z m\u00e4siarskeho kore\u0148a, argin\u00e1t zino\u010dnat\u00fd, \u010derven\u00fd extrakt z kvasn\u00edc z ry\u017ee, extrakt z listov ginkgo biloba, olej z kore\u0148a z\u00e1zvoru, nikot\u00ednamid, glycin\u00e1t me\u010fnat\u00fd, selenometion\u00edn, extrakt z kore\u0148a kr\u00eddlatky<\/span><\/li>\n<li><span style=\"font-family: Arial, sans-serif\">, betakarot\u00e9n, kyselina listov\u00e1, askorbylpalmit\u00e1t, koenz\u00fdm Q10, hydrochlorid pyridox\u00ednu\u00a0\u00a0<\/span><\/li>\n<\/ul>\n<p><span style=\"font-family: Arial, sans-serif\"><b>Funkcie a vlastnosti <span style=\"font-size: medium\">Transfer <\/span><span style=\"font-size: medium\"><span lang=\"sk-SK\">F<\/span><\/span><span style=\"font-size: medium\">aktor <\/span><span style=\"font-size: medium\"><span lang=\"sk-SK\">BCV<\/span><\/span><\/b><\/span><\/p>\n<ul>\n<li><span style=\"font-family: Arial, sans-serif\">pom\u00e1ha normalizova\u0165 krvn\u00fd tlak, hladinu cholesterolu a homocyste\u00ednu v\u010faka svojim zlo\u017ek\u00e1m:<strong> koenz\u00fdm Q10<\/strong>, ginkgo biloba, cesnak, extrakt z ry\u017ee z \u010derven\u00fdch kvasn\u00edc, vitam\u00edny C, E,<strong> sel\u00e9n a kyselina listov\u00e1.<\/strong><\/span><\/li>\n<li><span style=\"font-family: Arial, sans-serif\">prispieva k efekt\u00edvnemu fungovaniu srdca a pom\u00e1ha udr\u017eiava\u0165 celistvos\u0165 ciev a tepien v\u010faka zlo\u017ek\u00e1m, ktor\u00e9 obsahuje: niac\u00edn, extrakt z hlohu, cesnak, resveratol a ry\u017eov\u00fd extrakt z \u010derven\u00fdch kvasn\u00edc<\/span><\/li>\n<li><span style=\"font-family: Arial, sans-serif\">obsahuje extrakt z rastliny Ginkgo Biloba, ktor\u00fd zais\u0165uje zdrav\u00fd cerebr\u00e1lny a perif\u00e9rny obeh<\/span><\/li>\n<li><span style=\"font-family: Arial, sans-serif\">podporuje prietok krvi v tele &#8211; perif\u00e9rne mozgu, v d\u00f4sledku \u010doho mozog a \u010dasti n\u00e1\u0161ho tela za\u010dn\u00fa dost\u00e1va\u0165 vylep\u0161en\u00fa v\u00fd\u017eivu, zni\u017euje mo\u017enos\u0165 tvorby krvn\u00fdch zrazen\u00edn.<\/span><\/li>\n<li><span style=\"font-family: Arial, sans-serif\">podporuje plynul\u00fd tok kysl\u00edka do mozgu a \u010fal\u0161\u00edch syst\u00e9mov tela.<\/span><\/li>\n<li><span style=\"font-family: Arial, sans-serif\">prispieva k norm\u00e1lnemu fungovaniu ciev a ich pru\u017enosti, ich vn\u00fatornej v\u00fdstelky v\u010faka obsahu<strong> hor\u010d\u00edka, drasl\u00edka a vitam\u00ednu C,<\/strong><\/span><\/li>\n<\/ul>\n<p><span style=\"font-family: Arial, sans-serif\"><b>Odpor\u00fa\u010dania pre pou\u017eitie: <\/b><\/span><\/p>\n<p><span style=\"font-family: Arial, sans-serif\">\u00a0Na podporu\u00a0 u\u017e\u00edvaj\u00fa dospel\u00ed 2 kapsuly 2 kr\u00e1t denne s jedlom a poh\u00e1rom tekutiny (240 ml). Trvanie prijatia v z\u00e1vislosti od zdravotn\u00e9ho stavu vr\u00e1tane dlhodob\u00e9ho prijatia. Nie <span lang=\"sk-SK\">je liek.<\/span><\/span><\/p>\n","protected":false},"excerpt":{"rendered":"<p><strong>Transfer Factor BCV<\/strong> je vy\u017eivov\u00fd doplnok so zlo\u017ekami pre kardiovaskul\u00e1rny syst\u00e9m, prispieva k efekt\u00edvnemu fungovaniu srdca, udr\u017eiavaniu integrity ciev a tepien, na podporu norm\u00e1lneho krvn\u00e9ho tlaku, hladiny cholesterolu a homocyste\u00ednu, zdrav\u00fd cerebr\u00e1lny a perif\u00e9rny krvn\u00fd obeh a z\u00e1sobovanie kysl\u00edkom do mozgu<\/p>\n","protected":false},"featured_media":710,"comment_status":"open","ping_status":"closed","template":"","meta":{"_seopress_robots_primary_cat":"none","_seopress_titles_title":"","_seopress_titles_desc":"","_seopress_robots_index":""},"product_cat":[97],"product_tag":[],"class_list":["post-1061","product","type-product","status-publish","has-post-thumbnail","hentry","product_cat-cielove-produkty"],"_links":{"self":[{"href":"https:\/\/4life-lubica.com\/sk\/wp-json\/wp\/v3\/product\/1061","targetHints":{"allow":["GET"]}}],"collection":[{"href":"https:\/\/4life-lubica.com\/sk\/wp-json\/wp\/v3\/product"}],"about":[{"href":"https:\/\/4life-lubica.com\/sk\/wp-json\/wp\/v2\/types\/product"}],"replies":[{"embeddable":true,"href":"https:\/\/4life-lubica.com\/sk\/wp-json\/wp\/v2\/comments?post=1061"}],"wp:featuredmedia":[{"embeddable":true,"href":"https:\/\/4life-lubica.com\/sk\/wp-json\/wp\/v2\/media\/710"}],"wp:attachment":[{"href":"https:\/\/4life-lubica.com\/sk\/wp-json\/wp\/v2\/media?parent=1061"}],"wp:term":[{"taxonomy":"product_cat","embeddable":true,"href":"https:\/\/4life-lubica.com\/sk\/wp-json\/wp\/v2\/product_cat?post=1061"},{"taxonomy":"product_tag","embeddable":true,"href":"https:\/\/4life-lubica.com\/sk\/wp-json\/wp\/v2\/product_tag?post=1061"}],"curies":[{"name":"wp","href":"https:\/\/api.w.org\/{rel}","templated":true}]}}