{"id":1074,"date":"2023-02-22T21:53:55","date_gmt":"2023-02-22T21:53:55","guid":{"rendered":"https:\/\/4life-lubica.com\/product\/4life-transfer-factor-recall\/"},"modified":"2023-08-11T12:36:36","modified_gmt":"2023-08-11T12:36:36","slug":"4life-transfer-factor-recall","status":"publish","type":"product","link":"https:\/\/4life-lubica.com\/sk\/produkt\/4life-transfer-factor-recall\/","title":{"rendered":"4Life Transfer Factor\u2122 ReCall\u2122"},"content":{"rendered":"<p><strong>4Life Transfer Factor\u00ae Recall\u2122<\/strong> (90 kaps\u00fal) obsahuje 4Life Transfer Factor, antioxidanty a \u0161peci\u00e1lne vybran\u00fa zmes \u017eiv\u00edn na rastlinnej b\u00e1ze, ktor\u00e9 synergicky p\u00f4sobia na podporu norm\u00e1lnej funkcie mozgu.<\/p>\n<p><strong>Zlo\u017eenie Transfer Factor Recall 4Life:<\/strong><\/p>\n<p>&#8211; 4Life Tri-Factor\u2122 Formula (hov\u00e4dzie kolostrum a koncentr\u00e1t prenosov\u00e9ho faktora vaje\u010dn\u00e9ho \u017e\u013atka) \u2013 33,3 mg\/kapsula.<br \/>\n&#8211; Citrusov\u00fd bioflavonoidov\u00fd komplex<br \/>\n&#8211; Extrakt z listov zelen\u00e9ho \u010daju, kore\u0148 \u017een\u0161enu, list ginkgo biloba, hroznov\u00e9 semienko, kore\u0148 kurkumy, fosfatidylser\u00edn<br \/>\n&#8211; Chol\u00edn, oxid kremi\u010dit\u00fd, stear\u00e1t hore\u010dnat\u00fd, maltodextr\u00edn<\/p>\n<p><strong>Funkcie a charakteristiky Transfer Factor Recall:<\/strong><\/p>\n<p>&#8211; <strong>Hlavnou funkciou<\/strong> je cielen\u00e1 podpora zdrav\u00e9ho fungovania mozgu a nervov\u00e9ho syst\u00e9mu, \u010do zabezpe\u010duje \u0161peci\u00e1lna technol\u00f3gia. Exkluzivita produktu je chr\u00e1nen\u00e1 patentom USA 6,468,534.<br \/>\n&#8211; Podpora cerebr\u00e1lnej cirkul\u00e1cie (v\u010faka extraktu \u017een\u0161enu a ginkgo biloba)<br \/>\n&#8211; Aktiv\u00e1cia efekt\u00edvnej reakcie imunitn\u00e9ho syst\u00e9mu na hrozbu inv\u00e1zie \u201enepriate\u013eov\u201c v\u010faka vysok\u00e9mu obsahu TF \u2013 molek\u00fal, ktor\u00e9 s\u00fa nosite\u013emi imunitn\u00fdch vedomost\u00ed.<\/p>\n<p><strong>Odpor\u00fa\u010dan\u00e9 pou\u017eitie 4Life Transfer Factor ReCall ako v\u00fd\u017eivov\u00fd doplnok<\/strong> za \u00fa\u010delom omladenia a spomalenia procesu starnutia mozgu a celeh\u00f6 organizmu<\/p>\n<p>Odpor\u00fa\u010dan\u00e9 d\u00e1vkovanie: dospel\u00ed u\u017e\u00edvaj\u00fa 2 kapsuly denne s jedlom a zapij\u00fa poh\u00e1rom vody (240 ml). Nie je to liek.<\/p>\n","protected":false},"excerpt":{"rendered":"<p>Transfer Factor Recall je v\u00fd\u017eivov\u00fd doplnok s pr\u00edsadami pre funkciu mozgu, kardiovaskul\u00e1rneho syst\u00e9mu a nervov\u00e9ho syst\u00e9mu.<\/p>\n","protected":false},"featured_media":714,"comment_status":"open","ping_status":"closed","template":"","meta":{"_seopress_robots_primary_cat":"none","_seopress_titles_title":"","_seopress_titles_desc":"","_seopress_robots_index":""},"product_cat":[97,94],"product_tag":[],"class_list":["post-1074","product","type-product","status-publish","has-post-thumbnail","hentry","product_cat-cielove-produkty","product_cat-imunita"],"_links":{"self":[{"href":"https:\/\/4life-lubica.com\/sk\/wp-json\/wp\/v3\/product\/1074","targetHints":{"allow":["GET"]}}],"collection":[{"href":"https:\/\/4life-lubica.com\/sk\/wp-json\/wp\/v3\/product"}],"about":[{"href":"https:\/\/4life-lubica.com\/sk\/wp-json\/wp\/v2\/types\/product"}],"replies":[{"embeddable":true,"href":"https:\/\/4life-lubica.com\/sk\/wp-json\/wp\/v2\/comments?post=1074"}],"wp:featuredmedia":[{"embeddable":true,"href":"https:\/\/4life-lubica.com\/sk\/wp-json\/wp\/v2\/media\/714"}],"wp:attachment":[{"href":"https:\/\/4life-lubica.com\/sk\/wp-json\/wp\/v2\/media?parent=1074"}],"wp:term":[{"taxonomy":"product_cat","embeddable":true,"href":"https:\/\/4life-lubica.com\/sk\/wp-json\/wp\/v2\/product_cat?post=1074"},{"taxonomy":"product_tag","embeddable":true,"href":"https:\/\/4life-lubica.com\/sk\/wp-json\/wp\/v2\/product_tag?post=1074"}],"curies":[{"name":"wp","href":"https:\/\/api.w.org\/{rel}","templated":true}]}}