{"id":1078,"date":"2023-02-22T21:53:55","date_gmt":"2023-02-22T21:53:55","guid":{"rendered":"https:\/\/4life-lubica.com\/product\/4lifetransform-burn\/"},"modified":"2023-06-30T20:38:03","modified_gmt":"2023-06-30T20:38:03","slug":"4lifetransform-burn","status":"publish","type":"product","link":"https:\/\/4life-lubica.com\/sk\/produkt\/4lifetransform-burn\/","title":{"rendered":"4LifeTransform Burn\u00ae"},"content":{"rendered":"<p><span style=\"font-family: Arial, sans-serif\"><span style=\"font-size: large\"><b>4LifeTransform Burn<\/b><\/span><\/span><\/p>\n<p><span style=\"font-family: Arial, sans-serif\"><span style=\"font-size: medium\">Univerz\u00e1lny, vysoko \u00fa\u010dinn\u00fd termog\u00e9nny (spa\u013eova\u010d tukov) zalo\u017een\u00fd na patentovanej termog\u00e9nnej zmesi, ktor\u00e1 efekt\u00edvne odb\u00farava tukov\u00fa vrstvu, zvy\u0161uje telesn\u00fa energiu, zvy\u0161uje vytrvalos\u0165 po\u010das tr\u00e9ningu a zni\u017euje hlad.<\/span><\/span><\/p>\n<p><span style=\"font-family: Arial, sans-serif\"><span style=\"font-size: medium\">4LifeTransform Burn je patentovan\u00e1 termog\u00e9nna zmes, ktor\u00e1 ur\u00fdch\u013euje transform\u00e1ciu tela. Zlo\u017eky v produkte stimuluj\u00fa p\u00e1lenie telesn\u00e9ho tuku, dod\u00e1vaj\u00fa po\u010das cvi\u010denia energiu a vitalitu, zvy\u0161uj\u00fa pocit s\u00fdtosti a mierne potl\u00e1\u010daj\u00fa chu\u0165 do jedla bez toho, aby sp\u00f4sobovali nadmern\u00e9 nad\u00fdchanie centr\u00e1lneho nervov\u00e9ho syst\u00e9mu.<\/span><\/span><\/p>\n<p><span style=\"font-family: Arial, sans-serif\"><span style=\"font-size: medium\"><b>Zlo\u017eenie ingrediencie:<\/b><\/span><\/span><\/p>\n<p><span style=\"font-family: Arial, sans-serif\"><span style=\"font-size: medium\"><b>Extrakt z citrusov<\/b> (grapefruity, pomaran\u010de, pomaran\u010de) stimuluje spa\u013eovanie tukov a kal\u00f3ri\u00ed, zlep\u0161uje fyzick\u00fa v\u00fdkonnos\u0165 a \u00fa\u010dinnos\u0165, aktivuje termogen\u00e9zu a zvy\u0161uje metabolizmus, zni\u017euje chu\u0165 do jedla a mierne potla\u010duje chu\u0165 do jedla bez toho, aby sp\u00f4soboval nerv\u00f3zne vzru\u0161enie a pocity \u00fazkosti.<\/span><\/span><\/p>\n<p><span style=\"font-family: Arial, sans-serif\"><span style=\"font-size: medium\"><b>V\u00fd\u0165a\u017eok z kore\u0148a Copeus forskolia<\/b> stimuluje spa\u013eovanie tukov a kal\u00f3ri\u00ed, zni\u017euje chu\u0165 do jedla a chu\u0165 po jedle medzi jedlami, vyvol\u00e1va termogen\u00e9zu<\/span><\/span><\/p>\n<p><span style=\"font-family: Arial, sans-serif\"><span style=\"font-size: medium\"><b>V\u00fd\u0165a\u017eok zo semien Irvingia Gabun<\/b> (africk\u00e9 mango) stimuluje spa\u013eovanie tukov a kal\u00f3ri\u00ed, zni\u017euje chu\u0165 do jedla a podporuje norm\u00e1lne fungovanie obehov\u00e9ho syst\u00e9mu.<\/span><\/span><\/p>\n<p><span style=\"font-family: Arial, sans-serif\"><span style=\"font-size: medium\"><b>V\u00fd\u0165a\u017eok z kajensk\u00e9ho korenia<\/b> bez p\u00e1lenia v \u00fastach stimuluje spa\u013eovanie tukov a kal\u00f3ri\u00ed, zlep\u0161uje fyzick\u00fa v\u00fdkonnos\u0165 a \u00fa\u010dinnos\u0165 cvi\u010denia zv\u00fd\u0161en\u00edm termogen\u00e9zy a zv\u00fd\u0161en\u00edm metabolizmu, podporuje norm\u00e1lne fungovanie obehov\u00e9ho syst\u00e9mu, potl\u00e1\u010da chu\u0165 do jedla a t\u00fa\u017ebu po ob\u010derstven\u00ed, nesp\u00f4sobuje nadmern\u00e9 vzru\u0161enie a \u00fazkos\u0165.<\/span><\/span><\/p>\n<p><span style=\"font-family: Arial, sans-serif\"><span style=\"font-size: medium\"><b>Z\u00e1zvorov\u00fd olej, protispekav\u00e9 \u010dinidlo stearan hore\u010dnat\u00fd<\/b>,<\/span><\/span><\/p>\n<p><span style=\"font-family: Arial, sans-serif\"><span style=\"font-size: medium\">aj biologicky \u00fa\u010dinn\u00e9 l\u00e1tky \/ mno\u017estvo v kapsule \/% primeranej \u00farovne spotreby : <\/span><\/span><\/p>\n<p><span style=\"font-family: Arial, sans-serif\"><span style=\"font-size: medium\">Synefr\u00edn \/ 12,5 mg \/ 250 <span lang=\"de-DE\">;<\/span> citrusov\u00e9 flavonoidy \/ 200,0 mg \/ 100 ; flavonoidy v zmysle rut\u00ednu \/ 12,5 mg \/ 42<span lang=\"de-DE\">.<\/span><\/span><\/span><\/p>\n<p><span style=\"font-family: Arial, sans-serif\"><span style=\"font-size: medium\">S pomocou 4LifeTransform Burn sa m\u00f4\u017eete zbavi\u0165 nadv\u00e1hy v pomerne kr\u00e1tkom \u010dasovom obdob\u00ed bez po\u0161kodenia zdravia, \u010do je nepochybnou v\u00fdhodou tohto lieku.<\/span><\/span><\/p>\n<ul>\n<li><span style=\"font-family: Arial, sans-serif\"><span style=\"font-size: medium\">Pom\u00e1ha ur\u00fdch\u013eova\u0165 premenu tela stimul\u00e1ciou spa\u013eovania tukov.<\/span><\/span><\/li>\n<li><span style=\"font-family: Arial, sans-serif\"><span style=\"font-size: medium\">Ur\u00fdch\u013euje metabolizmus a pom\u00e1ha kontrolova\u0165 chu\u0165 do jedla.<\/span><\/span><\/li>\n<li><span style=\"font-family: Arial, sans-serif\"><span style=\"font-size: medium\">Pom\u00e1ha dospel\u00fdm v\u0161etk\u00fdch vekov\u00fdch skup\u00edn dosiahnu\u0165 \u0161t\u00edhle, zdrav\u00e9 a zdrav\u00e9 telo, najm\u00e4 v kombin\u00e1cii s fyzickou aktivitou<\/span><\/span><\/li>\n<li><span style=\"font-family: Arial, sans-serif\"><span style=\"font-size: medium\">Poskytuje energetick\u00fa podporu pri \u0161porte<\/span><\/span><\/li>\n<li><span style=\"font-family: Arial, sans-serif\"><span style=\"font-size: medium\">Vyvol\u00e1va termogen\u00e9zu<\/span><\/span><\/li>\n<li><span style=\"font-family: Arial, sans-serif\"><span style=\"font-size: medium\">Podporuje norm\u00e1lne fungovanie obehov\u00e9ho syst\u00e9mu<\/span><\/span><\/li>\n<\/ul>\n<p><span style=\"font-family: Arial, sans-serif\"><span style=\"font-size: medium\"><b>N\u00e1vod na pou\u017eitie:<\/b> U\u017e\u00edvajte 4 kapsuly denne s vodou. Konzumujte 1 hodinu pred tr\u00e9ningom.<\/span><\/span><\/p>\n<p><span style=\"font-family: Arial, sans-serif\"><span style=\"font-size: medium\"><b>Kontraindik\u00e1cie<\/b>: individu\u00e1lna intolerancia zlo\u017eiek, gravidita a lakt\u00e1cia. Pred pou\u017eit\u00edm sa pora\u010fte s lek\u00e1rom. Nie je to liek.<\/span><\/span><\/p>\n","protected":false},"excerpt":{"rendered":"<p>4LifeTransform Burn pom\u00e1ha ur\u00fdchli\u0165 premenu tela, stimuluje spa\u013eovanie tukov, zr\u00fdch\u013euje metabolizmus, poskytuje energetick\u00fa podporu pri \u0161porte a udr\u017eiava norm\u00e1lnu \u010dinnos\u0165 obehov\u00e9ho syst\u00e9mu.<\/p>\n","protected":false},"featured_media":713,"comment_status":"open","ping_status":"closed","template":"","meta":{"_seopress_robots_primary_cat":"none","_seopress_titles_title":"","_seopress_titles_desc":"","_seopress_robots_index":""},"product_cat":[97,96],"product_tag":[],"class_list":["post-1078","product","type-product","status-publish","has-post-thumbnail","hentry","product_cat-cielove-produkty","product_cat-transform"],"_links":{"self":[{"href":"https:\/\/4life-lubica.com\/sk\/wp-json\/wp\/v3\/product\/1078","targetHints":{"allow":["GET"]}}],"collection":[{"href":"https:\/\/4life-lubica.com\/sk\/wp-json\/wp\/v3\/product"}],"about":[{"href":"https:\/\/4life-lubica.com\/sk\/wp-json\/wp\/v2\/types\/product"}],"replies":[{"embeddable":true,"href":"https:\/\/4life-lubica.com\/sk\/wp-json\/wp\/v2\/comments?post=1078"}],"wp:featuredmedia":[{"embeddable":true,"href":"https:\/\/4life-lubica.com\/sk\/wp-json\/wp\/v2\/media\/713"}],"wp:attachment":[{"href":"https:\/\/4life-lubica.com\/sk\/wp-json\/wp\/v2\/media?parent=1078"}],"wp:term":[{"taxonomy":"product_cat","embeddable":true,"href":"https:\/\/4life-lubica.com\/sk\/wp-json\/wp\/v2\/product_cat?post=1078"},{"taxonomy":"product_tag","embeddable":true,"href":"https:\/\/4life-lubica.com\/sk\/wp-json\/wp\/v2\/product_tag?post=1078"}],"curies":[{"name":"wp","href":"https:\/\/api.w.org\/{rel}","templated":true}]}}