{"id":1081,"date":"2023-02-22T21:53:55","date_gmt":"2023-02-22T21:53:55","guid":{"rendered":"https:\/\/4life-lubica.com\/product\/pro-tf-vanilla-cream\/"},"modified":"2023-08-06T11:54:37","modified_gmt":"2023-08-06T11:54:37","slug":"pro-tf-vanilla-cream","status":"publish","type":"product","link":"https:\/\/4life-lubica.com\/sk\/produkt\/pro-tf-vanilla-cream\/","title":{"rendered":"PRO-TF\u2122 Vanilla Cream"},"content":{"rendered":"<p><strong> <em>Ka\u017edodenn\u00e9 jednorazov\u00e9 u\u017e\u00edvanie PRO-TF (vo forme kokteilu pripraven\u00e9ho s r\u00f4znymi druhmi ovocia a zeleniny) dod\u00e1 telu potrebn\u00e9 mikroelementy, vitam\u00edny, obohat\u00ed jed\u00e1lny l\u00edstok a plne nahrad\u00ed jedno jedlo.<\/em> \u00a0 \u00a0<\/strong><\/p>\n<p><strong>PRO-TF Protein Shake<\/strong> (s vanilkov\u00fdm kr\u00e9mom a \u010dokol\u00e1dou) &#8211; <strong>dva z najlep\u0161\u00edch produktov v jednom! Sp\u00e1ja v sebe zmes kvalitn\u00fdch bielkov\u00edn \u2013 srv\u00e1tky a vaj\u00ed\u010dka a 4life Tri-Factor.<\/strong><\/p>\n<p><strong>Zlo\u017eenie\u00a0 PRO-TF 4LifeTransform (porcia obsahuje):<\/strong><\/p>\n<ul>\n<li>10 gr. n\u00edzkomolekul\u00e1rny, vysoko hydrolyzovan\u00fd srv\u00e1tkov\u00fd \u201er\u00fdchly\u201c prote\u00edn, ktor\u00fd pre\u0161iel hydrol\u00fdzou (\u0161tiepen\u00edm) s absorp\u010dn\u00fdm koeficientom 0,96<\/li>\n<li>300 mg 4Life Tri-Factor, cez 4900 mg esenci\u00e1lnych aminokysel\u00edn, cez 2350 mg aminokysel\u00edn s rozvetven\u00fdm re\u0165azcom, \u010do ur\u00fdch\u013euje proces asimil\u00e1cie organizmom bez straty kvality a jeho prirodzen\u00fdch vlastnost\u00ed.<\/li>\n<li>PRO-TF je bezpe\u010dn\u00fd pre alergikov neobsahuje lakt\u00f3zu a m\u00faku.<\/li>\n<li>PRO-TF je jedin\u00fd kokteil na svete na b\u00e1ze kr\u00e1tkych peptidov (!!), m\u00e1 vyv\u00e1\u017een\u00fd pomer esenci\u00e1lnych a neesenci\u00e1lnych aminokysel\u00edn..<\/li>\n<\/ul>\n<p><strong>Ako v\u00fdsledok v\u00fdskumnej pr\u00e1ce na Auburn University sa zistilo, \u017ee prote\u00edn PRO-TF<\/strong><br \/>\n\u2022 zni\u017euje pocit hladu o 62 % (do 3 hod\u00edn)<br \/>\n\u2022 74% zvy\u0161uje rast svalov\u00e9ho tkaniva<br \/>\n\u2022 102 % zvy\u0161uje \u201espa\u013eovanie\u201c podko\u017en\u00e9ho tuku (do 3 hod\u00edn)<br \/>\n\u2022 132% spoma\u013euje proces rozpadu svalov\u00e9ho tkaniva<br \/>\n\u2022 464 % zvy\u0161uje \u201espa\u013eovanie\u201c vmscer\u00e1lnych (\u201ezl\u00fdch\u201c) tukov (do 3 hod\u00edn)<\/p>\n<p><strong>PRO-TF 4Life Transform<\/strong> s obsahom srv\u00e1tkov\u00e9ho prote\u00ednu je skvelou pr\u00edle\u017eitos\u0165ou pre \u013eud\u00ed, ktor\u00ed chc\u00fa dosta\u0165 a udr\u017ea\u0165 svoje telo vo forme, odladi\u0165 proces spa\u013eovania tukov, dop\u013a\u0148ania a udr\u017eiavania rovnov\u00e1hy bielkov\u00edn. PRO-TF Transform navy\u0161e podporuje imunitn\u00fd syst\u00e9m v\u010faka zahrnutiu komplexu peptidov a aminokysel\u00edn do jeho zlo\u017eenia.<\/p>\n<p><strong>Prote\u00ednov\u00fd kokteil PRO-TF sa pou\u017e\u00edva na:<\/strong><\/p>\n<ul>\n<li>korekcia v\u00fd\u017eivy a obohatenie tela o najhodnotnej\u0161\u00ed srv\u00e1tkov\u00fd prote\u00edn<\/li>\n<li>obohatenie tela o aminokyseliny &#8211; stavebn\u00fd materi\u00e1l pre bielkoviny<\/li>\n<li>za \u00fa\u010delom budovania svalovej hmoty, predch\u00e1dza\u0165 svalovej atrofii<\/li>\n<li>zn\u00ed\u017eenie uvo\u013e\u0148ovania stresov\u00e9ho horm\u00f3nu pri fyzickej n\u00e1mahe, v\u010faka schopnosti \u201espa\u013eova\u0165\u201c tuky.<\/li>\n<\/ul>\n<p><strong>Hodnotu produktu PRO-TF zvy\u0161uje obsah aminokysel\u00edn.<\/strong><\/p>\n<ul>\n<li><strong>val\u00edn, leuc\u00edn<\/strong> sa podie\u013ea na metabolickom procese, ur\u00fdch\u013euje proces absorpcie.<\/li>\n<li><strong>izoleuc\u00edn<\/strong> je zodpovedn\u00fd za emocion\u00e1lny stav \u010dloveka (jeho nedostatok m\u00f4\u017ee sp\u00f4sobi\u0165 depresiu).<\/li>\n<li><strong>prote\u00ednov\u00e1 zmes<\/strong> pom\u00e1ha zni\u017eova\u0165 chu\u0165 do jedla, ke\u010f\u017ee ide o n\u00edzkokalorick\u00fd produkt (65 kcal na porciu).<\/li>\n<\/ul>\n<p><strong>Sp\u00f4sob pou\u017eitia:<\/strong> na doplnenie denn\u00e9ho pr\u00edjmu bielkov\u00edn je potrebn\u00e9 u\u017e\u00edvanie PRO-TF 2x denne. Jednu porciu prote\u00ednovej zmesi sta\u010d\u00ed rozriedi\u0165 v 240 ml. studen\u00e1 voda (k\u00fdm sa nedosiahne homog\u00e9nna hmota), jednorazov\u00e9 pou\u017eitie produktu v\u0161ak nenahr\u00e1dza pestr\u00fd jed\u00e1lny l\u00edstok po\u010das d\u0148a.<\/p>\n<p><strong>Ako vypo\u010d\u00edtate svoju denn\u00fa potrebu bielkov\u00edn?<\/strong><br \/>\n<em>Aby ste schudli, potrebn\u00e9 mno\u017estvo bielkov\u00edn v gramoch sa vypo\u010d\u00edta pod\u013ea vzorca: po\u017eadovan\u00e1 telesn\u00e1 hmotnos\u0165 (kg) x 2,2. Neodpor\u00fa\u010da sa pl\u00e1nova\u0165 prudk\u00e9 zmeny! Pre naberanie svalovej hmoty sa potrebn\u00e9 mno\u017estvo bielkov\u00edn v gramoch vypo\u010d\u00edta pod\u013ea vzorca: po\u017eadovan\u00e1 hmotnos\u0165 (kg) x 2,2 \u0445 1,33<\/em><\/p>\n","protected":false},"excerpt":{"rendered":"<p><strong>PRO-TF 4Life Transform<\/strong> s obsahom srv\u00e1tkov\u00e9ho prote\u00ednu, komplexu peptidov a aminokysel\u00edn, je n\u00edzkokalorick\u00fd produkt, ktor\u00fd v\u00e1m umo\u017en\u00ed dosta\u0165 alebo udr\u017ea\u0165 va\u0161e telo vo forme, zlep\u0161i\u0165 spa\u013eovanie tukov, doplni\u0165 a udr\u017ea\u0165 rovnov\u00e1hu bielkov\u00edn, posilni\u0165 imunitu<\/p>\n","protected":false},"featured_media":715,"comment_status":"open","ping_status":"closed","template":"","meta":{"_seopress_robots_primary_cat":"none","_seopress_titles_title":"","_seopress_titles_desc":"","_seopress_robots_index":""},"product_cat":[97,94,96],"product_tag":[],"class_list":["post-1081","product","type-product","status-publish","has-post-thumbnail","hentry","product_cat-cielove-produkty","product_cat-imunita","product_cat-transform"],"_links":{"self":[{"href":"https:\/\/4life-lubica.com\/sk\/wp-json\/wp\/v3\/product\/1081","targetHints":{"allow":["GET"]}}],"collection":[{"href":"https:\/\/4life-lubica.com\/sk\/wp-json\/wp\/v3\/product"}],"about":[{"href":"https:\/\/4life-lubica.com\/sk\/wp-json\/wp\/v2\/types\/product"}],"replies":[{"embeddable":true,"href":"https:\/\/4life-lubica.com\/sk\/wp-json\/wp\/v2\/comments?post=1081"}],"wp:featuredmedia":[{"embeddable":true,"href":"https:\/\/4life-lubica.com\/sk\/wp-json\/wp\/v2\/media\/715"}],"wp:attachment":[{"href":"https:\/\/4life-lubica.com\/sk\/wp-json\/wp\/v2\/media?parent=1081"}],"wp:term":[{"taxonomy":"product_cat","embeddable":true,"href":"https:\/\/4life-lubica.com\/sk\/wp-json\/wp\/v2\/product_cat?post=1081"},{"taxonomy":"product_tag","embeddable":true,"href":"https:\/\/4life-lubica.com\/sk\/wp-json\/wp\/v2\/product_tag?post=1081"}],"curies":[{"name":"wp","href":"https:\/\/api.w.org\/{rel}","templated":true}]}}