{"id":1084,"date":"2023-02-22T21:53:55","date_gmt":"2023-02-22T21:53:55","guid":{"rendered":"https:\/\/4life-lubica.com\/product\/super-detox\/"},"modified":"2023-07-03T14:44:29","modified_gmt":"2023-07-03T14:44:29","slug":"super-detox","status":"publish","type":"product","link":"https:\/\/4life-lubica.com\/sk\/produkt\/super-detox\/","title":{"rendered":"Super Detox\u2122"},"content":{"rendered":"<p><strong>4Life Super Detox je vytvoren\u00fd tak, aby podporoval antioxida\u010dn\u00fa obranu pe\u010dene a podporoval jej \u010distiace a detoxika\u010dn\u00e9 funkcie.<\/strong><\/p>\n<p><em>\u00a0 \u00a0 \u00a0 Pri \u0161t\u00fadiu krvn\u00fdch testov na\u0161li vedci z Kalifornsk\u00e9ho in\u0161tit\u00fatu 109 chemik\u00e1li\u00ed a \u201ez\u00e1hadn\u00fdch chemick\u00fdch zl\u00fa\u010den\u00edn\u201c, z ktor\u00fdch v\u00e4\u010d\u0161ina sa v \u013eudskom tele nikdy nena\u0161la. Konkr\u00e9tne 40 z nich sa na\u0161lo vo v\u00fdrobkoch ulo\u017een\u00fdch v plastovom riade, 29 vo farmaceutick\u00fdch v\u00fdrobkoch, 28 v kozmetike, 7 v kobercoch \u010di \u010dal\u00fanen\u00ed n\u00e1bytku a na\u0161li sa aj mikrofragmenty mikroplastov.<\/em><\/p>\n<p><strong>V\u010faka svojmu zlo\u017eeniu m\u00e1 Super Detox nasleduj\u00face funkcie:<\/strong><\/p>\n<p>&#8211; prispieva k detoxik\u00e1cii pe\u010dene a posilneniu jej odolnosti vo\u010di patologick\u00fdm vplyvom v\u010faka obsahu \u010dervenej \u010fateliny a arti\u010doky. Arti\u010dok je tie\u017e schopn\u00fd zni\u017eova\u0165 hladinu cholesterolu v krvi a m\u00e1 diuretick\u00fd a choleretick\u00fd \u00fa\u010dinok.<\/p>\n<p>&#8211; m\u00e1 ochrann\u00fd \u00fa\u010dinok a odolnos\u0165 pe\u010dene vo\u010di nepriazniv\u00fdm vplyvom, ako je stres, p\u00f4sobenie toxick\u00fdch l\u00e1tok a pod. v\u010faka extraktu z plodov ostropestreca mari\u00e1nskeho a skupine flavonoidn\u00fdch zl\u00fa\u010den\u00edn<\/p>\n<p>Podporuje \u010distenie a detoxik\u00e1ciu pe\u010dene (brokolica<\/p>\n<p>&#8211; podporuje detoxik\u00e1ciu organizmu ako celku (listy p\u00fapavy)<\/p>\n<p><strong>N\u00e1vod na pou\u017eitie:<\/strong> dospel\u00ed u\u017e\u00edvaj\u00fa 1 kapsulu denne s jedlom a zapij\u00fa poh\u00e1rom vody (240 ml).<\/p>\n<p>Podmienky skladovania: v\u00fdrobok skladujte v tesne uzavretej n\u00e1dobe, na suchom a chladnom mieste mimo dosahu det\u00ed. Nie je liek<\/p>\n","protected":false},"excerpt":{"rendered":"<p><strong>4Life Super Detox<\/strong> s extraktom z plodov ostropestreca mari\u00e1nskeho a skupinou flavonoidn\u00fdch zl\u00fa\u010den\u00edn podporuje antioxida\u010dn\u00fa obranu pe\u010dene a podporuje jej funkcie pri \u010disten\u00ed a detoxik\u00e1cii organizmu, poskytuje ochrann\u00fd \u00fa\u010dinok a odolnos\u0165 pe\u010dene vo\u010di nepriazniv\u00fdm vplyvom.<\/p>\n","protected":false},"featured_media":718,"comment_status":"open","ping_status":"closed","template":"","meta":{"_seopress_robots_primary_cat":"none","_seopress_titles_title":"","_seopress_titles_desc":"","_seopress_robots_index":""},"product_cat":[97,95],"product_tag":[],"class_list":["post-1084","product","type-product","status-publish","has-post-thumbnail","hentry","product_cat-cielove-produkty","product_cat-detoxikacia"],"_links":{"self":[{"href":"https:\/\/4life-lubica.com\/sk\/wp-json\/wp\/v3\/product\/1084","targetHints":{"allow":["GET"]}}],"collection":[{"href":"https:\/\/4life-lubica.com\/sk\/wp-json\/wp\/v3\/product"}],"about":[{"href":"https:\/\/4life-lubica.com\/sk\/wp-json\/wp\/v2\/types\/product"}],"replies":[{"embeddable":true,"href":"https:\/\/4life-lubica.com\/sk\/wp-json\/wp\/v2\/comments?post=1084"}],"wp:featuredmedia":[{"embeddable":true,"href":"https:\/\/4life-lubica.com\/sk\/wp-json\/wp\/v2\/media\/718"}],"wp:attachment":[{"href":"https:\/\/4life-lubica.com\/sk\/wp-json\/wp\/v2\/media?parent=1084"}],"wp:term":[{"taxonomy":"product_cat","embeddable":true,"href":"https:\/\/4life-lubica.com\/sk\/wp-json\/wp\/v2\/product_cat?post=1084"},{"taxonomy":"product_tag","embeddable":true,"href":"https:\/\/4life-lubica.com\/sk\/wp-json\/wp\/v2\/product_tag?post=1084"}],"curies":[{"name":"wp","href":"https:\/\/api.w.org\/{rel}","templated":true}]}}