{"id":1086,"date":"2023-02-22T21:53:55","date_gmt":"2023-02-22T21:53:55","guid":{"rendered":"https:\/\/4life-lubica.com\/product\/glutamine-prime\/"},"modified":"2023-08-11T12:44:10","modified_gmt":"2023-08-11T12:44:10","slug":"glutamine-prime","status":"publish","type":"product","link":"https:\/\/4life-lubica.com\/sk\/produkt\/glutamine-prime\/","title":{"rendered":"Glutamine Prime"},"content":{"rendered":"<p><strong>Glutamine Prime<\/strong> je jedine\u010dne formulovan\u00fd viac\u00fa\u010delov\u00fd doplnkov\u00fd v\u00fd\u017eivov\u00fd doplnok obsahuj\u00faci \u017eivotne d\u00f4le\u017eit\u00e9 \u017eiviny.<\/p>\n<p><strong>Glutamine Prime<\/strong>, ako bohat\u00fd zdroj energie, stimuluje tvorbu siln\u00e9ho antioxidantu &#8211; <strong>glutati\u00f3nu.<\/strong> Glutati\u00f3n &#8211; chr\u00e1ni bunky pred toxick\u00fdmi vo\u013en\u00fdmi radik\u00e1lmi, ur\u010duje redoxn\u00e9 vn\u00fatrobunkov\u00e9 prostredie (!)<\/p>\n<p><strong>Zlo\u017eenie: L-Glutam\u00edn 2300 mg, L-Argin\u00edn &#8211; 240 mg, L-Cyste\u00edn, N-Acetyl Alpha, Lipoic AkidaL, -Alanyl-L-Glutam\u00edn<\/strong><\/p>\n<p>P\u00f4sobenie t\u00fdchto\u00a0\u017eivin.<br \/>\n<strong>1. L-glutam\u00edn<\/strong> tvor\u00ed 25 % z celkov\u00e9ho mno\u017estva aminokysel\u00edn v krvi a a\u017e 60 % zo z\u00e1soby vo\u013en\u00fdch aminokysel\u00edn.<\/p>\n<ul>\n<li>Glutam\u00edn je z\u00e1kladn\u00fdm stavebn\u00fdm kame\u0148om pre \u010drevn\u00e9 bunky a imunitn\u00fd syst\u00e9m a zvy\u0161uje reakciu imunitn\u00e9ho syst\u00e9mu v pr\u00edpade \u0165a\u017ek\u00fdch infekci\u00ed, obnovuje gastrointestin\u00e1lny trakt, chr\u00e1ni pe\u010de\u0148 pred \u0161kodliv\u00fdmi \u00fa\u010dinkami, \u010dist\u00ed telo od amoniaku &#8211; toxick\u00e9ho produktu metabolizmu bielkov\u00edn, podie\u013ea sa na tvorbe radu vitam\u00ednov podie\u013eaj\u00facich sa na biochemickom procesy.<br \/>\nsl\u00fa\u017ei ako zdroj energie pre mozgov\u00fa \u010dinnos\u0165, stimuluje pam\u00e4\u0165 a pozornos\u0165, m\u00e1 siln\u00fd antistresov\u00fd \u00fa\u010dinok, zvy\u0161uje synt\u00e9zu horm\u00f3nov v tele<\/li>\n<\/ul>\n<p><strong>2. L-argin\u00edn<\/strong> je substr\u00e1t (prekurzor) pre synt\u00e9zu <strong>oxidu dusnat\u00e9ho (NO)<\/strong>. Za objav oxidu dusnat\u00e9ho <strong>v roku 1998 bola udelen\u00e1 Nobelova cena<\/strong> za synt\u00e9zu bielkov\u00edn a in\u00fdch biologicky d\u00f4le\u017eit\u00fdch molek\u00fal<\/p>\n<p>Priemern\u00fd denn\u00fd pr\u00edjem L-argin\u00ednu je 5,4 g.<\/p>\n<p><strong>3. L-cyste\u00edn \u200b\u200bN-acetyl<\/strong> podporuje synt\u00e9zu glutati\u00f3nu v tele, \u010do je siln\u00fd n\u00e1stroj na potla\u010denie rakoviny a spomalenie starnutia, chr\u00e1ni pe\u010de\u0148 pred \u00fa\u010dinkami toxick\u00fdch l\u00e1tok.<\/p>\n<p><strong>4. Glutati\u00f3n Alpha Lipoic Akida &#8211; kyselina lipoov\u00e1 (kyselina tioktov\u00e1)<\/strong> &#8211; podie\u013ea sa na regul\u00e1cii metabolizmu lipidov a sacharidov, zlep\u0161uje funkciu pe\u010dene<\/p>\n<p><strong>5. L-Alanyl-L-Glutam\u00edn<\/strong> &#8211; s\u00fa fyziologick\u00e9 l\u00e1tky, podie\u013eaj\u00face sa na synt\u00e9ze bielkov\u00edn a metabolizme dus\u00edka v organizme, udr\u017euj\u00fa vysok\u00fa hladinu glutam\u00ednu v krvnej plazme a kostrovom svalstve<\/p>\n<p>Nutri\u010dn\u00e9 \u200b\u200bprofily tak d\u00f4le\u017eit\u00e9 pre telo umo\u017e\u0148uj\u00fa pou\u017eitie <strong>Glutamine Prime<\/strong> na zlep\u0161enie celkov\u00e9ho zdravia a dosiahnutie v\u00fdznamn\u00fdch v\u00fdsledkov. Odpor\u00fa\u010da sa u\u017ei\u0165 dve (2) kapsuly r\u00e1no a dve (2) kapsuly ve\u010der s 240 ml vody.<\/p>\n<p>&nbsp;<\/p>\n","protected":false},"excerpt":{"rendered":"<p><span style=\"font-size: 100%\"><strong><span style=\"font-size: 110%\">Glutamine Prime <\/span><\/strong><\/span>sa v\u010faka svojmu jedine\u010dn\u00e9mu zlo\u017eeniu podie\u013ea na biochemick\u00fdch procesoch a tvorbe mno\u017estva vitam\u00ednov v tele, na obnove gastrointestin\u00e1lneho traktu, chr\u00e1ni pe\u010de\u0148 pred \u0161kodliv\u00fdmi \u00fa\u010dinkami, sl\u00fa\u017ei ako zdroj energie pre mozgov\u00fa \u010dinnos\u0165, stimuluje pam\u00e4\u0165 a pozornos\u0165, m\u00e1 siln\u00fd antistresov\u00fd \u00fa\u010dinok<\/p>\n","protected":false},"featured_media":719,"comment_status":"open","ping_status":"closed","template":"","meta":{"_seopress_robots_primary_cat":"none","_seopress_titles_title":"","_seopress_titles_desc":"","_seopress_robots_index":""},"product_cat":[97,94],"product_tag":[],"class_list":["post-1086","product","type-product","status-publish","has-post-thumbnail","hentry","product_cat-cielove-produkty","product_cat-imunita"],"_links":{"self":[{"href":"https:\/\/4life-lubica.com\/sk\/wp-json\/wp\/v3\/product\/1086","targetHints":{"allow":["GET"]}}],"collection":[{"href":"https:\/\/4life-lubica.com\/sk\/wp-json\/wp\/v3\/product"}],"about":[{"href":"https:\/\/4life-lubica.com\/sk\/wp-json\/wp\/v2\/types\/product"}],"replies":[{"embeddable":true,"href":"https:\/\/4life-lubica.com\/sk\/wp-json\/wp\/v2\/comments?post=1086"}],"wp:featuredmedia":[{"embeddable":true,"href":"https:\/\/4life-lubica.com\/sk\/wp-json\/wp\/v2\/media\/719"}],"wp:attachment":[{"href":"https:\/\/4life-lubica.com\/sk\/wp-json\/wp\/v2\/media?parent=1086"}],"wp:term":[{"taxonomy":"product_cat","embeddable":true,"href":"https:\/\/4life-lubica.com\/sk\/wp-json\/wp\/v2\/product_cat?post=1086"},{"taxonomy":"product_tag","embeddable":true,"href":"https:\/\/4life-lubica.com\/sk\/wp-json\/wp\/v2\/product_tag?post=1086"}],"curies":[{"name":"wp","href":"https:\/\/api.w.org\/{rel}","templated":true}]}}