{"id":1089,"date":"2023-02-22T21:53:55","date_gmt":"2023-02-22T21:53:55","guid":{"rendered":"https:\/\/4life-lubica.com\/product\/4life-transfer-factor-riovida-tri-factor-formula\/"},"modified":"2023-07-05T19:26:02","modified_gmt":"2023-07-05T19:26:02","slug":"4life-transfer-factor-riovida-tri-factor-formula","status":"publish","type":"product","link":"https:\/\/4life-lubica.com\/sk\/produkt\/4life-transfer-factor-riovida-tri-factor-formula\/","title":{"rendered":"4Life Transfer Factor\u2122 RioVida\u2122 Tri-Factor\u2122 Formula"},"content":{"rendered":"<p><span style=\"font-family: Arial, sans-serif\"><span style=\"font-size: large\"><b>4Life Transfer Factor RioVida Tri-Factor Formula<\/b><\/span><\/span><\/p>\n<p><span style=\"font-family: Arial, sans-serif\"><b>4Life Transfer Factor \u2122 RioVida \u2122 Tri-Factor \u2122 <\/b>je jedin\u00fd n\u00e1pojov\u00fd doplnok na svete (2 x 500 ml f\u013ea\u0161e), ktor\u00fd kombinuje <strong>Tri-Factor<\/strong> z hov\u00e4dzieho mledziva a \u017e\u013atka z kuracieho vajca s koncentr\u00e1tmi ovocn\u00fdch \u0161tiav bohat\u00fdch na antioxidanty, s\u00fa\u010dasne vy\u017eivuje telo a reguluje, aktivuje a vyrovn\u00e1va imunitn\u00fd syst\u00e9m.<\/span><\/p>\n<p><span style=\"font-family: Arial, sans-serif\"><b>RioVida obsahuje <\/b>4Life<strong> Tri-Factor<\/strong> z hov\u00e4dzieho mledziva a vaje\u010dn\u00e9ho \u017e\u013atka s koncentr\u00e1tmi ovocn\u00fdch \u0161tiav:<\/span><\/p>\n<ul>\n<li style=\"list-style-type: none\">\n<ul>\n<li style=\"list-style-type: none\">\n<ul>\n<li><span style=\"font-family: Arial, sans-serif\">hroznov\u00fa \u0161\u0165avu z koncentr\u00e1tu hroznovej \u0161\u0165avy,<\/span><\/li>\n<li><span style=\"font-family: Arial, sans-serif\">jablkov\u00e1 \u0161\u0165ava z koncentr\u00e1tu jabl\u010dnej \u0161\u0165avy,<\/span><\/li>\n<li><span style=\"font-family: Arial, sans-serif\">\u010du\u010doriedkov\u00e1 \u0161\u0165ava z koncentr\u00e1tu \u010du\u010doriedkovej \u0161\u0165avy,<\/span><\/li>\n<li><span style=\"font-family: Arial, sans-serif\">\u0161\u0165ava z gran\u00e1tov\u00e9ho jablka z koncentr\u00e1tu \u0161\u0165avy z gran\u00e1tov\u00e9ho jablka,<\/span><\/li>\n<li><span style=\"font-family: Arial, sans-serif\">\u0161\u0165ava z bezinky z koncentr\u00e1tu bezinky)<\/span><\/li>\n<li><span style=\"font-family: Arial, sans-serif\">kyselina askorbov\u00e1, oxid kremi\u010dit\u00fd, emulg\u00e1tor (glycer\u00edn)<\/span><\/li>\n<\/ul>\n<\/li>\n<\/ul>\n<\/li>\n<\/ul>\n<p><span style=\"font-family: Arial, sans-serif\"><b>Odpor\u00fa\u010dan\u00e9 d\u00e1vkovanie:<\/b> 30 ml za de\u0148, pred pou\u017eit\u00edm dobre pretrepa\u0165.<\/span><\/p>\n<p><span style=\"font-family: Arial, sans-serif\">Skladujte na chladnom a suchom mieste a po otvoren\u00ed skladujte na chladnom mieste a spotrebujte do 30 dn\u00ed. Neprekra\u010dujte odpor\u00fa\u010dan\u00fa denn\u00fa d\u00e1vku. Potravinov\u00e9 doplnky nenahr\u00e1dzaj\u00fa vyv\u00e1\u017een\u00fa a rozmanit\u00fa stravu a zdrav\u00fd \u017eivotn\u00fd \u0161t\u00fdl. Uchov\u00e1vajte mimo dosahu mal\u00fdch det\u00ed.<\/span><\/p>\n","protected":false},"excerpt":{"rendered":"<p>RioVida \u2122 Tri-Factor n\u00e1pojov\u00fd doplnok, ktor\u00fd kombinuje <span style=\"font-family: Arial, sans-serif\">kombinuje Trii-Factor z hov\u00e4dzieho mledziva a \u017e\u013atka z kuracieho vajca s koncentr\u00e1tmi ovocn\u00fdch \u0161tiav bohat\u00fdch na antioxidanty.<\/span>\u00a0s\u00fa\u010dasne vy\u017eivuje telo a reguluje, aktivuje a vyrovn\u00e1va imunitn\u00fd syst\u00e9m<\/p>\n","protected":false},"featured_media":721,"comment_status":"open","ping_status":"closed","template":"","meta":{"_seopress_robots_primary_cat":"none","_seopress_titles_title":"","_seopress_titles_desc":"","_seopress_robots_index":""},"product_cat":[94],"product_tag":[],"class_list":["post-1089","product","type-product","status-publish","has-post-thumbnail","hentry","product_cat-imunita"],"_links":{"self":[{"href":"https:\/\/4life-lubica.com\/sk\/wp-json\/wp\/v3\/product\/1089","targetHints":{"allow":["GET"]}}],"collection":[{"href":"https:\/\/4life-lubica.com\/sk\/wp-json\/wp\/v3\/product"}],"about":[{"href":"https:\/\/4life-lubica.com\/sk\/wp-json\/wp\/v2\/types\/product"}],"replies":[{"embeddable":true,"href":"https:\/\/4life-lubica.com\/sk\/wp-json\/wp\/v2\/comments?post=1089"}],"wp:featuredmedia":[{"embeddable":true,"href":"https:\/\/4life-lubica.com\/sk\/wp-json\/wp\/v2\/media\/721"}],"wp:attachment":[{"href":"https:\/\/4life-lubica.com\/sk\/wp-json\/wp\/v2\/media?parent=1089"}],"wp:term":[{"taxonomy":"product_cat","embeddable":true,"href":"https:\/\/4life-lubica.com\/sk\/wp-json\/wp\/v2\/product_cat?post=1089"},{"taxonomy":"product_tag","embeddable":true,"href":"https:\/\/4life-lubica.com\/sk\/wp-json\/wp\/v2\/product_tag?post=1089"}],"curies":[{"name":"wp","href":"https:\/\/api.w.org\/{rel}","templated":true}]}}