{"id":1092,"date":"2023-02-22T21:53:54","date_gmt":"2023-02-22T21:53:54","guid":{"rendered":"https:\/\/4life-lubica.com\/product\/fibro-system-plus\/"},"modified":"2023-08-11T14:49:26","modified_gmt":"2023-08-11T14:49:26","slug":"fibro-system-plus","status":"publish","type":"product","link":"https:\/\/4life-lubica.com\/sk\/produkt\/fibro-system-plus\/","title":{"rendered":"Fibro System Plus"},"content":{"rendered":"<p><span style=\"font-family: Arial, sans-serif;font-size: 100%\"><b>Fiber System Plus<\/b> je prepracovan\u00e1 kombin\u00e1cia dvadsiatich troch (!) bylinn\u00e9 pr\u00edsady, ktor\u00e9 poskytuj\u00fa \u00fa\u010dinn\u00fd \u010distiaci \u00fa\u010dinok, podporuj\u00fa vylu\u010dovacie funkcie tela a maj\u00fa priazniv\u00fd vplyv na tr\u00e1viaci syst\u00e9m.<\/span><\/p>\n<p><span style=\"font-size: 100%\"><strong><span style=\"font-family: Arial, sans-serif\">Fiber System Plus je nevyhnutn\u00fd pre r\u00f4zne \u010distiace, omladzovacie a lie\u010debn\u00e9 programy.<\/span><\/strong><\/span><\/p>\n<p><strong><span style=\"font-family: Arial, sans-serif;font-size: 100%\">Funkcie produktu:<\/span><\/strong><\/p>\n<p><strong><span style=\"font-family: Arial, sans-serif;font-size: 100%\">1. \u010cistenie \u010driev\u00a0 \u00a0 \u00a0 \u00a0<\/span><span style=\"font-family: Arial, sans-serif;font-size: 100%\">2. Pomoc pri tr\u00e1ven\u00ed jedla\u00a0 \u00a0 \u00a0 \u00a0 \u00a0<\/span><span style=\"font-family: Arial, sans-serif;font-size: 100%\">3. \u010cistenie cel\u00e9ho tela\u00a0 \u00a0 \u00a0 <\/span><span style=\"font-family: Arial, sans-serif;font-size: 100%\">4. Nas\u00fdtenie tela \u017eivinami<\/span><\/strong><\/p>\n<p lang=\"de-DE\"><span style=\"font-family: Arial, sans-serif;font-size: 100%\">Balenie obsahuje<\/span><\/p>\n<p><span style=\"font-family: Arial, sans-serif;font-size: 100%\"><span lang=\"de-DE\"><b>1. &#8211; Vlastn\u00e1<\/b><\/span><b> zmes vl\u00e1kien<\/b> &#8211; 1450 mg:<\/span><\/p>\n<ul>\n<li><span style=\"font-family: Arial, sans-serif;font-size: 100%\">ve\u013ek\u00e9 plantajny (\u0161upky semien);<\/span><\/li>\n<li><span style=\"font-family: Arial, sans-serif;font-size: 100%\">v\u00fdsev ry\u017ee (otr\u00fab);<\/span><\/li>\n<li><span style=\"font-family: Arial, sans-serif;font-size: 100%\">oby\u010dajn\u00e9 jablko (ovocn\u00e9 vl\u00e1kna);<\/span><\/li>\n<li><span style=\"font-family: Arial, sans-serif;font-size: 100%\">brest mal\u00fd (k\u00f4ra); &#8211; su\u0161en\u00e9 ovocie (ovocie);<\/span><\/li>\n<li><span style=\"font-family: Arial, sans-serif;font-size: 100%\">marshmallow (root);<\/span><\/li>\n<li><span style=\"font-family: Arial, sans-serif;font-size: 100%\">rohovn\u00edk;<\/span><\/li>\n<\/ul>\n<p><span style=\"font-family: Arial, sans-serif;font-size: 100%\">Vlastn\u00e1 zmes vl\u00e1kien je vyv\u00e1\u017een\u00e1 kombin\u00e1cia pr\u00edrodn\u00fdch zdrojov nerozpustnej vl\u00e1kniny. <\/span><span style=\"font-family: Arial, sans-serif;font-size: 100%\">Nie s\u00fa tr\u00e1ven\u00e9 tr\u00e1viacimi enz\u00fdmami a neabsorbuj\u00fa sa v gastrointestin\u00e1lnom trakte. Vl\u00e1knina z potravy pln\u00ed mno\u017estvo funkci\u00ed, bez ktor\u00fdch nie je mo\u017en\u00e9, ako norm\u00e1lne tr\u00e1venie, tak zdravie cel\u00e9ho tela.<\/span><\/p>\n<p><span style=\"font-family: Arial, sans-serif;font-size: 100%\">Di\u00e9tna vl\u00e1knina udr\u017eiava rovnov\u00e1hu norm\u00e1lnej \u010drevnej mikrofl\u00f3ry, zadr\u017eiava vodu a d\u00e1va \u010dloveku pocit plnosti po dlh\u00fa dobu. <\/span><span style=\"font-family: Arial, sans-serif;font-size: 100%\">Aj vl\u00e1knina z potravy m\u00e1 detoxika\u010dn\u00fd \u00fa\u010dinok, pom\u00e1ha odstra\u0148ova\u0165 toxick\u00e9 l\u00e1tky a tox\u00edny z tela, \u201evymetie ich\u201c z tela ako metla, stimuluje peristaltiku \u010dreva a normalizuje frekvenciu a konzistenciu stol\u00edc. <\/span><span style=\"font-family: Arial, sans-serif;font-size: 100%\">Di\u00e9tna vl\u00e1knina chr\u00e1ni kardiovaskul\u00e1rny syst\u00e9m, m\u00e1 \u00fa\u010dinok na zn\u00ed\u017eenie cholesterolu.<\/span><\/p>\n<p><span style=\"font-family: Arial, sans-serif;font-size: 100%\"><b>2 &#8211; Patentovan\u00e1 \u010distiaca zmes<\/b> &#8211; 290 mg:<\/span><\/p>\n<ul>\n<li><span style=\"font-family: Arial, sans-serif;font-size: 100%\">\u010dierny orech (\u0161krupina);<\/span><\/li>\n<li><span style=\"font-family: Arial, sans-serif;font-size: 100%\">zhoster pursha (k\u00f4ra);<\/span><\/li>\n<li><span style=\"font-family: Arial, sans-serif;font-size: 100%\">\u017elt\u00fd horec (kore\u0148);<\/span><\/li>\n<li><span style=\"font-family: Arial, sans-serif;font-size: 100%\">nah\u00e1 sladk\u00e9 drievko (kore\u0148);<\/span><\/li>\n<li><span style=\"font-family: Arial, sans-serif;font-size: 100%\">jel\u0161a (k\u00f4ra);<\/span><\/li>\n<\/ul>\n<p><span style=\"font-family: Arial, sans-serif;font-size: 100%\">Vlastn\u00e1 \u010distiaca zmes obsahuje bylinn\u00fa kombin\u00e1ciu, ktor\u00e1, ako u\u017e n\u00e1zov napoved\u00e1, m\u00e1 \u010distiaci \u00fa\u010dinok na telo a dop\u013a\u0148a pozit\u00edvny \u00fa\u010dinok vl\u00e1kniny z potravy na funk\u010dn\u00fd stav za\u017e\u00edvacieho traktu a tr\u00e1viace procesy. <\/span><span style=\"font-family: Arial, sans-serif;font-size: 100%\">Rastlinn\u00e9 zlo\u017eky \u010distiacej zmesi maj\u00fa tie\u017e anthelmintick\u00fd, preh\u00e1\u0148ac\u00ed, choleretick\u00fd \u00fa\u010dinok a imunitu aktivuj\u00faci \u00fa\u010dinok.<\/span><\/p>\n<p><span style=\"font-family: Arial, sans-serif;font-size: 100%\"><b>3 &#8211; Patentovan\u00e1 v\u00fd\u017eivov\u00e1 zmes<\/b> &#8211; 550 mg:<\/span><\/p>\n<p><span style=\"font-family: Arial, sans-serif;font-size: 100%\">Vitam\u00edny, miner\u00e1ly, aminokyseliny a enz\u00fdmy (v\u0161etky tieto zlo\u017eky saturuj\u00fa telo \u017eivinami a pom\u00e1haj\u00fa \u010drev\u00e1m str\u00e1vi\u0165 tepelne spracovan\u00e9 potraviny)<\/span><\/p>\n<ul>\n<li><span style=\"font-family: Arial, sans-serif;font-size: 100%\">marsh brusnica (ovocie);<\/span><\/li>\n<li><span style=\"font-family: Arial, sans-serif;font-size: 100%\">anan\u00e1s ve\u013ek\u00fd (ovocie);<\/span><\/li>\n<li><span style=\"font-family: Arial, sans-serif;font-size: 100%\">pap\u00e1ja (ovocie);<\/span><\/li>\n<li><span style=\"font-family: Arial, sans-serif;font-size: 100%\">lie\u010div\u00e1 \u0161alvia (list);<\/span><\/li>\n<li><span style=\"font-family: Arial, sans-serif;font-size: 100%\">ku\u010derav\u00e1 petr\u017elenov\u00e1 v\u0148a\u0165 (mlet\u00e1 \u010das\u0165 rastliny);<\/span><\/li>\n<li><span style=\"font-family: Arial, sans-serif;font-size: 100%\">\u00cdrsky mach (tallus);<\/span><\/li>\n<li><span style=\"font-family: Arial, sans-serif;font-size: 100%\">pe\u013e;<\/span><\/li>\n<li><span style=\"font-family: Arial, sans-serif;font-size: 100%\">havajsk\u00e1 spirulina (v\u00fd\u0165a\u017eok z morsk\u00fdch rias);<\/span><\/li>\n<\/ul>\n<p><span style=\"font-family: Arial, sans-serif;font-size: 100%\"><b>4 &#8211; Zmes lie\u010div\u00fdch byl\u00edn:<\/b><\/span><\/p>\n<ul>\n<li><span style=\"font-family: Arial, sans-serif;font-size: 100%\">lie\u010div\u00fd z\u00e1zvor (kore\u0148);<\/span><\/li>\n<li><span style=\"font-family: Arial, sans-serif;font-size: 100%\">oby\u010dajn\u00fd chme\u013e (farba);<\/span><\/li>\n<li><span style=\"font-family: Arial, sans-serif;font-size: 100%\">harman\u010dek (farba);<\/span><\/li>\n<\/ul>\n<p><span style=\"font-family: Arial, sans-serif;font-size: 100%\"><b>Z\u00e1zvor<\/b> je nevyhnutn\u00fd pre choroby tr\u00e1viaceho \u00fastrojenstva. Zni\u017euje nevo\u013enos\u0165 v pr\u00edpade poruchy tr\u00e1venia, aktivuje prietok krvi do tr\u00e1viaceho syst\u00e9mu a podporuje lep\u0161ie vstreb\u00e1vanie \u017eiv\u00edn v gastrointestin\u00e1lnom trakte.<\/span><\/p>\n<p><span style=\"font-family: Arial, sans-serif;font-size: 100%\"><b>Chme\u013e <\/b>zlep\u0161uje tr\u00e1venie, normalizuje chu\u0165 do jedla, zlep\u0161uje fungovanie hepatobili\u00e1rneho syst\u00e9mu, m\u00e1 dezinfek\u010dn\u00fd \u00fa\u010dinok a stimuluje krvotvorbu.<\/span><\/p>\n<p><span style=\"font-family: Arial, sans-serif\"><span style=\"font-size: medium\"><span style=\"font-size: 100%\"><strong>Harman\u010dek<\/strong> zmier\u0148uje, zlep\u0161uje chu\u0165 do jedla a tr\u00e1venie<\/span><\/span><\/span><\/p>\n<p><strong>Odpor\u00fa\u010dania pre d\u00e1vkovanie<\/strong>. Obsah jedn\u00e9ho vrecka u\u017e\u00edvajte trikr\u00e1t denne 30 min\u00fat pred jedlom po dobu desiatich dn\u00ed. Najlep\u0161ie v\u00fdsledky dosiahnete, ak dvakr\u00e1t ro\u010dne dodr\u017e\u00edte program Fiber System Plus.<\/p>\n<p>V\u00fd\u017eivov\u00e9 doplnky nenahr\u00e1dzaj\u00fa vyv\u00e1\u017een\u00fa, pestr\u00fa stravu a nie s\u00fa liekmi.<\/p>\n<p>&nbsp;<\/p>\n","protected":false},"excerpt":{"rendered":"<p><strong>Fiber System Plus<\/strong> je doplnok stravy nenahradite\u013en\u00fd pri r\u00f4znych \u010distiacich programoch, podporuje lep\u0161iu asimil\u00e1ciu \u017eiv\u00edn v gastrointestin\u00e1lnom trakte, zlep\u0161uje \u010dinnos\u0165 hepatobili\u00e1rneho syst\u00e9mu (\u017el\u010dn\u00edk s v\u00fdvodmi a pe\u010de\u0148ou),, zvy\u0161uje diuretick\u00fd \u00fa\u010dinok<\/p>\n<p>F<\/p>\n","protected":false},"featured_media":712,"comment_status":"open","ping_status":"closed","template":"","meta":{"_seopress_robots_primary_cat":"none","_seopress_titles_title":"","_seopress_titles_desc":"","_seopress_robots_index":""},"product_cat":[95],"product_tag":[],"class_list":["post-1092","product","type-product","status-publish","has-post-thumbnail","hentry","product_cat-detoxikacia"],"_links":{"self":[{"href":"https:\/\/4life-lubica.com\/sk\/wp-json\/wp\/v3\/product\/1092","targetHints":{"allow":["GET"]}}],"collection":[{"href":"https:\/\/4life-lubica.com\/sk\/wp-json\/wp\/v3\/product"}],"about":[{"href":"https:\/\/4life-lubica.com\/sk\/wp-json\/wp\/v2\/types\/product"}],"replies":[{"embeddable":true,"href":"https:\/\/4life-lubica.com\/sk\/wp-json\/wp\/v2\/comments?post=1092"}],"wp:featuredmedia":[{"embeddable":true,"href":"https:\/\/4life-lubica.com\/sk\/wp-json\/wp\/v2\/media\/712"}],"wp:attachment":[{"href":"https:\/\/4life-lubica.com\/sk\/wp-json\/wp\/v2\/media?parent=1092"}],"wp:term":[{"taxonomy":"product_cat","embeddable":true,"href":"https:\/\/4life-lubica.com\/sk\/wp-json\/wp\/v2\/product_cat?post=1092"},{"taxonomy":"product_tag","embeddable":true,"href":"https:\/\/4life-lubica.com\/sk\/wp-json\/wp\/v2\/product_tag?post=1092"}],"curies":[{"name":"wp","href":"https:\/\/api.w.org\/{rel}","templated":true}]}}