{"id":1094,"date":"2023-02-22T21:53:54","date_gmt":"2023-02-22T21:53:54","guid":{"rendered":"https:\/\/4life-lubica.com\/product\/4life-transfer-factor-glucoach\/"},"modified":"2023-08-15T17:50:58","modified_gmt":"2023-08-15T17:50:58","slug":"4life-transfer-factor-glucoach","status":"publish","type":"product","link":"https:\/\/4life-lubica.com\/sk\/produkt\/4life-transfer-factor-glucoach\/","title":{"rendered":"4Life Transfer Factor Glucoach"},"content":{"rendered":"<p><strong>4Life Transfer Factor Glucoach<\/strong> je vyvinut\u00fd s cielenou technol\u00f3giou Transfer Factor a obsahuje miner\u00e1ly, bylinky a fytonutrienty, ktor\u00e9 <strong>podporuj\u00fa norm\u00e1lnu produkciu inzul\u00ednu, zlep\u0161uj\u00fa gluk\u00f3zov\u00fa toleranciu a podporuj\u00fa zdrav\u00fa funkciu pankreasu.<\/strong><\/p>\n<p><strong>Zlo\u017eenie a funkcie Transfer Factor Glukoach :<\/strong><\/p>\n<ul>\n<li><strong> zmes 4Life Transfer Factors &#8211; TF koncentr\u00e1t z hov\u00e4dzieho kolostra a OvoFactor<\/strong> &#8211; TF koncentr\u00e1t z vaje\u010dn\u00e9ho \u017e\u013atka) &#8211; 50 mg \/ kapsula.<\/li>\n<li>extrakt z Pterocarpus sacculus a extrakt z listov Gymnema vulgaris prispievaj\u00fa k normaliz\u00e1cii metabolizmu, tvorbe tr\u00e1viacich enz\u00fdmov a s\u00fa\u010dasne zni\u017euj\u00fa tvorbu tox\u00ednov;<\/li>\n<li>extrakt z plodov momordica charantia pom\u00e1ha telu\u00a0 udr\u017eiava\u0165 gluk\u00f3zov\u00fa toleranciu<\/li>\n<li><strong>aminochel\u00e1t chr\u00f3mu a aminochel\u00e1t van\u00e1du<\/strong>. Nedostatok chr\u00f3mu nar\u00fa\u0161a produkciu inzul\u00ednu v tele.<\/li>\n<li>extrakt zo semien senovky gr\u00e9ckej, kyselina alfa-lipoov\u00e1<\/li>\n<li>extrakt z kore\u0148a \u017een\u0161enu oby\u010dajn\u00e9ho, \u200b\u200bstearylfumar\u00e1t sodn\u00fd (protihrudkuj\u00faca l\u00e1tka)<\/li>\n<li>nosi\u010d hydroxypropylmetylcelul\u00f3za (obal kapsuly)<\/li>\n<\/ul>\n<p><strong>N\u00e1vod na pou\u017eitie<\/strong>: Dospel\u00ed u\u017e\u00edvaj\u00fa 3 kapsuly denne s jedlom s poh\u00e1rom tekutiny (240 ml). Nie je to liek.<\/p>\n","protected":false},"excerpt":{"rendered":"<p><strong>4Life Transfer Factor Glucoach<\/strong>\u00a0 prispieva k normaliz\u00e1cii metabolizmu, tvorbe tr\u00e1viacich enz\u00fdmov a s\u00fa\u010dasne zni\u017euj\u00fa tvorbu tox\u00ednov, pom\u00e1ha telu spracov\u00e1va\u0165 cukor a udr\u017eiava\u0165 gluk\u00f3zov\u00fa toleranciu, zvy\u0161uj\u00fa aktivitu inzul\u00ednov\u00fdch receptorov, zabezpe\u010duj\u00fa bezprobl\u00e9mov\u00e9 fungovanie pankreasu a z\u00e1rove\u0148 prispieva k zn\u00ed\u017eeniu hmotnosti<\/p>\n<p>&nbsp;<\/p>\n","protected":false},"featured_media":711,"comment_status":"open","ping_status":"closed","template":"","meta":{"_seopress_robots_primary_cat":"none","_seopress_titles_title":"","_seopress_titles_desc":"","_seopress_robots_index":""},"product_cat":[97,95,94],"product_tag":[],"class_list":["post-1094","product","type-product","status-publish","has-post-thumbnail","hentry","product_cat-cielove-produkty","product_cat-detoxikacia","product_cat-imunita"],"_links":{"self":[{"href":"https:\/\/4life-lubica.com\/sk\/wp-json\/wp\/v3\/product\/1094","targetHints":{"allow":["GET"]}}],"collection":[{"href":"https:\/\/4life-lubica.com\/sk\/wp-json\/wp\/v3\/product"}],"about":[{"href":"https:\/\/4life-lubica.com\/sk\/wp-json\/wp\/v2\/types\/product"}],"replies":[{"embeddable":true,"href":"https:\/\/4life-lubica.com\/sk\/wp-json\/wp\/v2\/comments?post=1094"}],"wp:featuredmedia":[{"embeddable":true,"href":"https:\/\/4life-lubica.com\/sk\/wp-json\/wp\/v2\/media\/711"}],"wp:attachment":[{"href":"https:\/\/4life-lubica.com\/sk\/wp-json\/wp\/v2\/media?parent=1094"}],"wp:term":[{"taxonomy":"product_cat","embeddable":true,"href":"https:\/\/4life-lubica.com\/sk\/wp-json\/wp\/v2\/product_cat?post=1094"},{"taxonomy":"product_tag","embeddable":true,"href":"https:\/\/4life-lubica.com\/sk\/wp-json\/wp\/v2\/product_tag?post=1094"}],"curies":[{"name":"wp","href":"https:\/\/api.w.org\/{rel}","templated":true}]}}