{"id":1097,"date":"2023-02-22T21:53:56","date_gmt":"2023-02-22T21:53:56","guid":{"rendered":"https:\/\/4life-lubica.com\/product\/4lifetransform-man\/"},"modified":"2023-08-05T17:09:28","modified_gmt":"2023-08-05T17:09:28","slug":"4lifetransform-man","status":"publish","type":"product","link":"https:\/\/4life-lubica.com\/sk\/produkt\/4lifetransform-man\/","title":{"rendered":"4LifeTransform\u2122 Man"},"content":{"rendered":"<p><strong>4LifeTransform Man Formula for Men<\/strong> je cielen\u00fd produkt navrhnut\u00fd \u0161peci\u00e1lne pre mu\u017eov na podporu a zlep\u0161enie reproduk\u010dn\u00e9ho a endokrinn\u00e9ho syst\u00e9mu.<strong><em>V\u00fdrobca produktu, 4Life Research, garantuje najvy\u0161\u0161iu kvalitu, ktor\u00e1 sp\u013a\u0148a medzin\u00e1rodn\u00e9 \u0161tandardy.<\/em><\/strong><\/p>\n<p><strong>\u00a0 \u00a0 \u00a0 \u00a0 \u00a0 \u00a0 \u00a0 Zlo\u017eenie 4LifeTransform Man<\/strong><br \/>\nProdukt obsahuje vitam\u00edn D3 2000 IU, patentovan\u00fa zmes (k\u00f3rejsk\u00fd \u017een\u0161en, L-citrul\u00edn, extrakt z cirovej k\u00f4ry), L-citrul\u00edn, panaxosidy, hesperid\u00edn. Kapsula je vyroben\u00e1 z rastlinn\u00e9ho anal\u00f3gu \u017eelat\u00edny.<\/p>\n<p><strong>\u00a0 \u00a0 \u00a0 \u00a0 \u00a0 \u00a0 \u00a0 Funkcie a vlastnosti 4LifeTransform Man Formula pre mu\u017eov.<\/strong><br \/>\nU\u017e\u00edvanie 4LifeTransform Man pom\u00f4\u017ee zv\u00fd\u0161i\u0165 libido, zlep\u0161i\u0165 sexu\u00e1lny \u017eivot, silu a vytrvalos\u0165. Pom\u00e1ha zlep\u0161ova\u0165 metabolizmus, posil\u0148uje svalov\u00e9 tkanivo a pri fyzick\u00fdch cvi\u010deniach doch\u00e1dza k intenz\u00edvnej n\u00e1hrade tukov\u00fdch z\u00e1sob svalovou hmotou.<\/p>\n<p>Vedecky podlo\u017een\u00e9 zlo\u017eenie pr\u00edpravku pom\u00f4\u017ee pred\u013a\u017ei\u0165 akt\u00edvnu dlhovekos\u0165 a mlados\u0165, pom\u00e1ha normalizova\u0165 hormon\u00e1lnu rovnov\u00e1hu, zv\u00fd\u0161i\u0165 antioxida\u010dn\u00fa a imunitn\u00fa obranyschopnos\u0165, pom\u00f4c\u0165 telu r\u00fdchlo sa prisp\u00f4sobi\u0165 ak\u00fdmko\u013evek zmen\u00e1m, fyzick\u00fdm, psychick\u00fdm a vplyvom prostredia.<\/p>\n<p>V\u010faka vysok\u00e9mu obsahu \u00fa\u010dinn\u00fdch l\u00e1tok 4LifeTransform Man zabra\u0148uje pred\u010dasn\u00e9mu starnutiu na bunkovej \u00farovni, podporuje endokrinn\u00fd syst\u00e9m, normalizuje hormon\u00e1lnu hladinu a hladinu cholesterolu, p\u00f4sob\u00ed na zlep\u0161uje krvn\u00fd obraz a priaznivo p\u00f4sob\u00ed na zdravie poko\u017eky.<\/p>\n<p><strong>\u00a0 \u00a0 \u00a0 \u00a0 \u00a0 \u00a0 \u00a0 Pou\u017eitie.<\/strong><\/p>\n<p>Dve kapsuly r\u00e1no a dve kapsuly ve\u010der s jedlom, zapi\u0165 poh\u00e1rom vody, skladovanie: na suchom a chladnom mieste<\/p>\n","protected":false},"excerpt":{"rendered":"<p>4LifeTransform\u2122 Man v\u010faka vysok\u00e9mu obsahu \u00fa\u010dinn\u00fdch l\u00e1tok zabra\u0148uje pred\u010dasn\u00e9mu starnutiu na bunkovej \u00farovni, podporuje endokrinn\u00fd syst\u00e9m, pom\u00e1ha normalizova\u0165 hormon\u00e1lnu hladinu a hladinu cholesterolu, zlep\u0161uje krvn\u00fd obraz<\/p>\n","protected":false},"featured_media":722,"comment_status":"open","ping_status":"closed","template":"","meta":{"_seopress_robots_primary_cat":"none","_seopress_titles_title":"","_seopress_titles_desc":"","_seopress_robots_index":""},"product_cat":[97,96],"product_tag":[],"class_list":["post-1097","product","type-product","status-publish","has-post-thumbnail","hentry","product_cat-cielove-produkty","product_cat-transform"],"_links":{"self":[{"href":"https:\/\/4life-lubica.com\/sk\/wp-json\/wp\/v3\/product\/1097","targetHints":{"allow":["GET"]}}],"collection":[{"href":"https:\/\/4life-lubica.com\/sk\/wp-json\/wp\/v3\/product"}],"about":[{"href":"https:\/\/4life-lubica.com\/sk\/wp-json\/wp\/v2\/types\/product"}],"replies":[{"embeddable":true,"href":"https:\/\/4life-lubica.com\/sk\/wp-json\/wp\/v2\/comments?post=1097"}],"wp:featuredmedia":[{"embeddable":true,"href":"https:\/\/4life-lubica.com\/sk\/wp-json\/wp\/v2\/media\/722"}],"wp:attachment":[{"href":"https:\/\/4life-lubica.com\/sk\/wp-json\/wp\/v2\/media?parent=1097"}],"wp:term":[{"taxonomy":"product_cat","embeddable":true,"href":"https:\/\/4life-lubica.com\/sk\/wp-json\/wp\/v2\/product_cat?post=1097"},{"taxonomy":"product_tag","embeddable":true,"href":"https:\/\/4life-lubica.com\/sk\/wp-json\/wp\/v2\/product_tag?post=1097"}],"curies":[{"name":"wp","href":"https:\/\/api.w.org\/{rel}","templated":true}]}}