{"id":1098,"date":"2023-02-22T21:53:55","date_gmt":"2023-02-22T21:53:55","guid":{"rendered":"https:\/\/4life-lubica.com\/product\/4life-transfer-factor-reflexion\/"},"modified":"2023-07-03T18:53:06","modified_gmt":"2023-07-03T18:53:06","slug":"4life-transfer-factor-reflexion","status":"publish","type":"product","link":"https:\/\/4life-lubica.com\/sk\/produkt\/4life-transfer-factor-reflexion\/","title":{"rendered":"4Life Transfer Factor Reflexion\u2122"},"content":{"rendered":"<p><strong>4Life Transfer Factor Reflexion\u00ae<\/strong><\/p>\n<p>\u2022 Zvy\u0161uje schopnos\u0165 organizmu vyrovna\u0165 sa s ka\u017edodenn\u00fdm \u017eivotn\u00fdm stresom a depresiou, podporuje schopnos\u0165 imunitn\u00e9ho syst\u00e9mu norm\u00e1lne fungova\u0165 v obdob\u00ed stresu<\/p>\n<p>\u2022 Zmier\u0148uje negat\u00edvne reakcie niekedy sprev\u00e1dzan\u00e9 psychick\u00fdm stresom, zmenami v \u010dinnosti srdca, zv\u00fd\u0161en\u00fdm krvn\u00fdm tlakom&#8230;<br \/>\n\u2022 Podporuje relax\u00e1ciu, pozit\u00edvnu n\u00e1ladu, schopnos\u0165 s\u00fastredi\u0165 sa, zlep\u0161uje kognit\u00edvne schopnosti.<\/p>\n<p><strong>Prim\u00e1rna podpora:<\/strong> \u00dapln\u00fd sp\u00e1nok. Pozit\u00edvna n\u00e1lada. Zabezpe\u010denie odolnosti vo\u010di stresu<br \/>\n<strong>Nepriama podpora<\/strong>: Zdravie mozgu<\/p>\n<p>Zlo\u017eenie a vlastnosti Transfer Factor Reflexion zah\u0155\u0148a hlboko \u0161tudovan\u00e9 zlo\u017eky ako<\/p>\n<p>&#8211; <strong>extrakt z divok\u00e9ho zelen\u00e9ho ovsa a L-thean\u00edn<\/strong> na podporu pozit\u00edvnej n\u00e1lady.<\/p>\n<p>&#8211; <strong>Transfer Faktory<\/strong> (molekuly pren\u00e1\u0161a\u010dov imunitn\u00e9ho syst\u00e9mu), ktor\u00e9 pom\u00e1haj\u00fa vzdel\u00e1va\u0165 imunitn\u00e9 bunky a umo\u017e\u0148uj\u00fa imunitn\u00e9mu syst\u00e9mu efekt\u00edvnej\u0161ie rozpozna\u0165 potenci\u00e1lne zdravotn\u00e9 hrozby, reagova\u0165 na ne a zapam\u00e4ta\u0165 si ich.<\/p>\n<p><em>Exkluzivita produktu je chr\u00e1nen\u00e1 patentom USA \u010d. 6,468,534 (Proces extrakcie transfer faktorov z vajec) a 6,866,868 (Proces kombinovania transfer faktorov z hov\u00e4dzieho mledziva a \u017e\u013atka slepa\u010d\u00edch vajec)<\/em><\/p>\n<p><strong>U\u017e\u00edvajte<\/strong> dve (2) kapsuly denne s 240 ml tekutiny. Neprekra\u010dujte odpor\u00fa\u010dan\u00fa denn\u00fa d\u00e1vku.<\/p>\n<p>V\u00fd\u017eivov\u00e9 doplnky nenahr\u00e1dzaj\u00fa pestr\u00fa a vyv\u00e1\u017een\u00fa stravu a zdrav\u00fd \u017eivotn\u00fd \u0161t\u00fdl a nie s\u00fa liekmi.<\/p>\n<p>DR\u017dTE MIMO DOSAHU DET\u00cd.<\/p>\n","protected":false},"excerpt":{"rendered":"<p><span style=\"color: #333333\"><span style=\"font-family: Arial, sans-serif\"><span style=\"font-size: medium\"><b><span style=\"font-family: Arial, sans-serif;font-size: 110%\"><span style=\"font-size: 110%\"><strong>Transfer Factor Reflexion<\/strong><\/span><\/span>\u00a0 <\/b>\u0432\u043a\u043b\u044e\u0447\u0430\u0435\u0442 \u0432 \u0441\u0435\u0431\u044f \u0433\u043b\u0443\u0431\u043e\u043a\u043e \u0438\u0437\u0443\u0447\u0435\u043d\u043d\u044b\u0435 \u0438\u043d\u0433\u0440\u0435\u0434\u0438\u0435\u043d\u0442\u044b, \u043e\u0431\u0435\u043f\u0435\u0447\u0438\u0432\u0430\u044e\u0449\u0438\u0435 \u043f\u043e\u0434\u0434\u0435\u0440\u0436\u043a\u0443 <\/span><\/span><\/span><span style=\"color: #333333\"><span style=\"font-family: Arial, sans-serif\"><span style=\"font-size: medium\">\u043f\u043e\u043b\u043d\u043e\u0446\u0435\u043d\u043d\u043e\u043e \u0441\u043d\u0430, \u043f\u043e\u0437\u0438\u0442\u0438\u0432\u043d\u043e\u0433\u043e \u043d\u0430\u0441\u0442\u0440\u043e\u0435\u043d\u0438\u044f, \u043e\u0431\u0435\u0441\u043f\u0435\u0447\u0435\u043d\u0438\u044f \u0441\u0442\u0440\u0435\u0441\u0441\u043e\u0443\u0441\u0442\u043e\u0439\u0447\u0438\u0432\u043e\u0441\u0442\u0438 \u0438 \u0437\u0434\u043e\u0440\u043e\u0432\u043e\u0439 \u0440\u0430\u0431\u043e\u0442\u044b \u043c\u043e\u0437\u0433\u0430.<\/span><\/span><\/span><\/p>\n","protected":false},"featured_media":717,"comment_status":"open","ping_status":"closed","template":"","meta":{"_seopress_robots_primary_cat":"none","_seopress_titles_title":"","_seopress_titles_desc":"","_seopress_robots_index":""},"product_cat":[94],"product_tag":[],"class_list":["post-1098","product","type-product","status-publish","has-post-thumbnail","hentry","product_cat-imunita"],"_links":{"self":[{"href":"https:\/\/4life-lubica.com\/sk\/wp-json\/wp\/v3\/product\/1098","targetHints":{"allow":["GET"]}}],"collection":[{"href":"https:\/\/4life-lubica.com\/sk\/wp-json\/wp\/v3\/product"}],"about":[{"href":"https:\/\/4life-lubica.com\/sk\/wp-json\/wp\/v2\/types\/product"}],"replies":[{"embeddable":true,"href":"https:\/\/4life-lubica.com\/sk\/wp-json\/wp\/v2\/comments?post=1098"}],"wp:featuredmedia":[{"embeddable":true,"href":"https:\/\/4life-lubica.com\/sk\/wp-json\/wp\/v2\/media\/717"}],"wp:attachment":[{"href":"https:\/\/4life-lubica.com\/sk\/wp-json\/wp\/v2\/media?parent=1098"}],"wp:term":[{"taxonomy":"product_cat","embeddable":true,"href":"https:\/\/4life-lubica.com\/sk\/wp-json\/wp\/v2\/product_cat?post=1098"},{"taxonomy":"product_tag","embeddable":true,"href":"https:\/\/4life-lubica.com\/sk\/wp-json\/wp\/v2\/product_tag?post=1098"}],"curies":[{"name":"wp","href":"https:\/\/api.w.org\/{rel}","templated":true}]}}