{"id":1099,"date":"2023-02-22T21:53:55","date_gmt":"2023-02-22T21:53:55","guid":{"rendered":"https:\/\/4life-lubica.com\/product\/4life-transfer-factor-bellevie\/"},"modified":"2023-08-11T12:29:09","modified_gmt":"2023-08-11T12:29:09","slug":"4life-transfer-factor-bellevie","status":"publish","type":"product","link":"https:\/\/4life-lubica.com\/sk\/produkt\/4life-transfer-factor-bellevie\/","title":{"rendered":"4Life Transfer Factor BelleVie"},"content":{"rendered":"<p><span style=\"font-family: Arial, sans-serif\"><span style=\"font-size: medium\"><span lang=\"sk-SK\"><b>4life Transfer Factor <\/b><\/span><\/span><span style=\"font-size: medium\"><b>Belle Vie <\/b><\/span>bol vyvinut\u00fd \u0161peci\u00e1lne pre \u017eensk\u00e9 telo.<\/span><\/p>\n<p><span style=\"font-family: Arial, sans-serif\"><b>Transfer Factor Belle Vie<\/b> \u00a0&#8211; v\u00fd\u017eivov\u00fd doplnok &#8211; z\u00e1sob\u00e1re\u0148 \u017eiv\u00edn s obsahom pr\u00edrodn\u00fdch zlo\u017eiek rastlinn\u00e9ho p\u00f4vodu a rastlinn\u00fdch extraktov, antioxidantov a imunitn\u00fdch zlo\u017eiek. Belle Vie bol vytvoren \u0161peci\u00e1lne na zlep\u0161enie pohody \u017eien, normaliz\u00e1ciu hormon\u00e1lnej rovnov\u00e1hy, na celkov\u00e9 ozdravenie a omladenie tela. <\/span><span style=\"font-family: Arial, sans-serif\"><span lang=\"sk-SK\">O<\/span>bsahuje imunitn\u00e9 zlo\u017eky a pr\u00edrodn\u00e9 zlo\u017eky rastlinn\u00e9ho p\u00f4vodu na normaliz\u00e1ciu hormon\u00e1lnej rovnov\u00e1hy, elimin\u00e1ciu naru\u0161enia funk\u010dnosti imunitn\u00e9ho, \u200b\u200bendokrinn\u00e9ho a reproduk\u010dn\u00e9ho syst\u00e9mu \u017eien, t\u00fdm prispieva na celkov\u00e9 zdravie a omladenie tela.\u00a0<\/span><\/p>\n<p><span style=\"font-family: Arial, sans-serif\"><b>Zlo\u017eenie 4Life Transfer Factor Belle Vie<\/b><\/span><\/p>\n<ul>\n<li><span style=\"font-family: Arial, sans-serif\">4Life Transfer Factor blend (UltraFactor &#8211; koncentr\u00e1t transferov\u00e9ho faktora z hov\u00e4dzieho mledziva a OvoFactor &#8211; koncentr\u00e1t transferov\u00e9ho faktora z kuracieho vaje\u010dn\u00e9ho \u017e\u013atka) &#8211; 50 mg \/ kaps.,<\/span><\/li>\n<li><span style=\"font-family: Arial, sans-serif\">brokolica, kapusta a listov\u00fd pr\u00e1\u0161ok, extrakt z listov zelen\u00e9ho \u010daju, extrakt z \u013eanov\u00fdch semienok, extrakt z puerariov\u00e9ho laloku kore\u0148, extrakt z hroznov\u00fdch jadier, extrakt z kvetov \u010dervenej \u010fateliny, klin\u010dekov\u00fd olej, nosi\u010d hydroxypropylmetylcelul\u00f3zy (obal kapsuly).<\/span><\/li>\n<\/ul>\n<p><span style=\"font-family: Arial, sans-serif\"><b>Belle Vie<\/b> <b>m\u00e1 jedine\u010dn\u00e9 protin\u00e1dorov\u00e9 vlastnosti:<\/b> <\/span><\/p>\n<p>&#8211; zvy\u0161uje \u00fa\u010dinnos\u0165 buniek imunitn\u00e9ho syst\u00e9mu<\/p>\n<p>&#8211; pom\u00e1ha \u013eah\u0161ie zn\u00e1\u0161a\u0165 men\u0161trua\u010dn\u00e9 bolesti a menopauzu, podporuje zdravie \u017eeny (rozmno\u017eovac\u00ed syst\u00e9m, mlie\u010dne \u017e\u013eazy)<\/p>\n<p>&#8211; pom\u00e1ha normalizova\u0165 hladinu cholesterolu, zni\u017eova\u0165 priepustnos\u0165 a krehkos\u0165 kapil\u00e1r<\/p>\n<p>&#8211; m\u00e1 pozit\u00edvny vplyv na kardiovaskul\u00e1rny syst\u00e9m, ako aj na mozgov\u00e9 bunky<\/p>\n<p><span style=\"font-family: Arial, sans-serif\"><span lang=\"sk-SK\">\u00a0<\/span><\/span><span style=\"font-family: Arial, sans-serif\">&#8211; podporuje proces detoxik\u00e1cie tela a omladzuje telo na bunkovej \u00farovni, priaznivo ovplyv\u0148uje stav epidermis, ovplyv\u0148uje endokrinn\u00fd syst\u00e9m ako celok a udr\u017euje hormon\u00e1lnu rovnov\u00e1hu<\/span><\/p>\n<p><span style=\"font-family: Arial, sans-serif\"><b>Sp\u00f4sob aplik\u00e1cie:<\/b> u\u017e\u00edvajte 2 kr\u00e1t denne, 1 kapsulu denne s jedlom, zapite 250 ml vody. Kurz trv\u00e1 30 dn\u00ed. V pr\u00edpade potreby je mo\u017en\u00e9 pr\u00edjem opakova\u0165. <em>Odpor\u00fa\u010da sa u\u017e\u00edva\u0165 Belle Vie od 12 rokov<\/em><\/span><\/p>\n<p><span style=\"font-family: Arial, sans-serif\"><b>Podmienky skladovania:<\/b> pri izbovej teplote, chr\u00e1nen\u00e9 pred svetlom a mimo dosahu det\u00ed<\/span><\/p>\n","protected":false},"excerpt":{"rendered":"<p><strong>4Life Transfer Factor Belle Vie<\/strong> \u00a0je v\u00fd\u017eivov\u00fd doplnok &#8211; z\u00e1sob\u00e1re\u0148 u\u017eito\u010dn\u00fdch l\u00e1tok: pr\u00edrodn\u00e9 zlo\u017eky, rastlinn\u00e9 extrakty, antioxidanty a zlo\u017eky imunity. Belle Vie bol vytvoren\u00fd \u0161peci\u00e1lne pre zlep\u0161enie pohody \u017eien, normaliz\u00e1ciu hormon\u00e1lnej rovnov\u00e1hy, pre celkov\u00e9 ozdravenie a omladenie organizmu..<\/p>\n","protected":false},"featured_media":720,"comment_status":"open","ping_status":"closed","template":"","meta":{"_seopress_robots_primary_cat":"none","_seopress_titles_title":"","_seopress_titles_desc":"","_seopress_robots_index":""},"product_cat":[97,94],"product_tag":[],"class_list":["post-1099","product","type-product","status-publish","has-post-thumbnail","hentry","product_cat-cielove-produkty","product_cat-imunita"],"_links":{"self":[{"href":"https:\/\/4life-lubica.com\/sk\/wp-json\/wp\/v3\/product\/1099","targetHints":{"allow":["GET"]}}],"collection":[{"href":"https:\/\/4life-lubica.com\/sk\/wp-json\/wp\/v3\/product"}],"about":[{"href":"https:\/\/4life-lubica.com\/sk\/wp-json\/wp\/v2\/types\/product"}],"replies":[{"embeddable":true,"href":"https:\/\/4life-lubica.com\/sk\/wp-json\/wp\/v2\/comments?post=1099"}],"wp:featuredmedia":[{"embeddable":true,"href":"https:\/\/4life-lubica.com\/sk\/wp-json\/wp\/v2\/media\/720"}],"wp:attachment":[{"href":"https:\/\/4life-lubica.com\/sk\/wp-json\/wp\/v2\/media?parent=1099"}],"wp:term":[{"taxonomy":"product_cat","embeddable":true,"href":"https:\/\/4life-lubica.com\/sk\/wp-json\/wp\/v2\/product_cat?post=1099"},{"taxonomy":"product_tag","embeddable":true,"href":"https:\/\/4life-lubica.com\/sk\/wp-json\/wp\/v2\/product_tag?post=1099"}],"curies":[{"name":"wp","href":"https:\/\/api.w.org\/{rel}","templated":true}]}}