{"id":1109,"date":"2023-06-26T19:14:59","date_gmt":"2023-06-26T19:14:59","guid":{"rendered":"https:\/\/4life-lubica.com\/product\/4life-transfer-factor-collagen\/"},"modified":"2023-08-05T16:40:10","modified_gmt":"2023-08-05T16:40:10","slug":"4life-transfer-factor-collagen","status":"publish","type":"product","link":"https:\/\/4life-lubica.com\/sk\/produkt\/4life-transfer-factor-collagen\/","title":{"rendered":"4Life Transfer Factor Collagen"},"content":{"rendered":"<p><strong>4Life Transfer Factor Collagen<\/strong> j<strong>e pr\u00e1\u0161kov\u00fd doplnok, ktor\u00fd zah\u0155\u0148a p\u00e4\u0165 typov kolag\u00e9nu, ktor\u00e9 pom\u00e1haj\u00fa udr\u017eiava\u0165 zdravie<\/strong><br \/>\n<strong>k\u013abov, svalov, vlasov a poko\u017eky.<\/strong><br \/>\n<strong>\u00a0 \u00a0 \u00a0 \u00a0 \u00a0 \u00a0 \u00a0 \u00a0<\/strong><\/p>\n<p><strong>\u00a0 \u00a0 \u00a0 \u00a0 \u00a0 \u00a0 \u00a0 \u00a0Hlavn\u00e9 charakteristiky.<\/strong><\/p>\n<p><strong>&#8211; 4Life Transfer Factor Collagen<\/strong> podporuje funkciu imunitn\u00e9ho syst\u00e9mu pomocou TF.<br \/>\n\u2022 Zabezpe\u010duje zdrav\u00e9 starnutie organizmu<br \/>\n\u2022 Pom\u00e1ha obnovi\u0165 hladinu kolag\u00e9nu na podporu zdravia k\u013abov,<br \/>\nsvaly a ko\u017eu<br \/>\n\u2022 Zvy\u0161uje vlhkos\u0165 a pru\u017enos\u0165 poko\u017eky.<br \/>\n<strong>\u00a0 \u00a0 \u00a0 \u00a0 \u00a0 \u00a0 \u00a0Transfer Factor Collagen obsahuje:<\/strong><br \/>\n\u2013<strong> 4Life Transfer Factor\u00ae<\/strong> na tr\u00e9ning a posilnenie imunitn\u00e9ho syst\u00e9mu<br \/>\n\u2013 <strong>kolag\u00e9nov\u00fd komplex<\/strong> proti starnutiu, pozost\u00e1vaj\u00faci z hydrolyz<br \/>\nryb\u00ed kolag\u00e9n, kolag\u00e9n z kuracieho v\u00fdvaru a najcennej\u0161\u00ed kolag\u00e9n<br \/>\n&#8211; <strong>Kolag\u00e9n<\/strong> zo<strong> \u0161krupiny vaje\u010dnej \u0161krupiny (!!)<\/strong>.<br \/>\n&#8211; <strong>Vitam\u00edn A<\/strong> (rozpustn\u00fd v tukoch), ktor\u00fd podporuje v\u00fdvoj buniek.<br \/>\nko\u017ei<br \/>\n&#8211; <strong>Vitam\u00edn C<\/strong> (rozpustn\u00fd vo vode vitam\u00edn), ktor\u00fd je d\u00f4le\u017eit\u00fdm kofaktorom<br \/>\nsynt\u00e9zu kolag\u00e9nu a poskytovanie antioxida\u010dnej podpory<br \/>\n&#8211; <strong>Vitam\u00edn E<\/strong> (rozpustn\u00fd v tukoch s antioxida\u010dn\u00fdmi vlastnos\u0165ami).<br \/>\n&#8211;<strong> biot\u00edn<\/strong> &#8211; <strong>rozpustn\u00fd vo vode vitam\u00edn B<\/strong>, ktor\u00fd podporuje zdrav\u00e9 vlasy a<br \/>\nnechty<br \/>\n&#8211;<strong> Astaxant\u00edn &#8211; karotenoid<\/strong> extrahovan\u00fd z rias, ktor\u00fd m\u00e1<br \/>\nsiln\u00e9 antioxida\u010dn\u00e9 vlastnosti<br \/>\n\u2013<strong> rastlinn\u00fd komplex proti starnutiu<\/strong> \u2013 extrakt zo semien p\u0161enice (Triticum<br \/>\naesitvum) a extrakt z mikrorias astaxant\u00edn (Haematococcus pluvialis),<br \/>\nzlep\u0161uje vlhkos\u0165, tonus a elasticitu poko\u017eky, zni\u017euje<br \/>\nvzh\u013ead jemn\u00fdch liniek a vr\u00e1sok<br \/>\n<strong>\u00a0 \u00a0 \u00a0 \u00a0 \u00a0 Pou\u017eite.<\/strong><br \/>\nZmie\u0161ajte jeden (1) bal\u00ed\u010dek s 8 unc\u00ed alebo viac n\u00e1poja pod\u013ea v\u00e1\u0161ho v\u00fdberu.<br \/>\nU\u017e\u00edvajte raz denne.<\/p>\n<p><em>Produkt bol klinicky testovan\u00fd na zlep\u0161enie hydrat\u00e1cie, elasticity<\/em><br \/>\n<em>poko\u017eky, redukuje jemn\u00e9 linky a vr\u00e1sky u zdrav\u00fdch dospel\u00fdch,<\/em><br \/>\n<em>testovan\u00e9 dermatol\u00f3gmi.<\/em><\/p>\n","protected":false},"excerpt":{"rendered":"<p>4Life Transfer Factor Collagen je pr\u00e1\u0161kov\u00fd doplnok, ktor\u00fd zah\u0155\u0148a p\u00e4\u0165 typov kolag\u00e9nu, ktor\u00e9 pom\u00e1haj\u00fa udr\u017eiava\u0165 zdravie<br \/>\nk\u013abov, svalov, vlasov a poko\u017eky. Produkt bol klinicky testovan\u00fd na zlep\u0161enie hydrat\u00e1cie, elasticity<br \/>\npoko\u017eky, redukuje jemn\u00e9 linky a vr\u00e1sky u zdrav\u00fdch dospel\u00fdch, testovan\u00e9 dermatol\u00f3gmi.<\/p>\n","protected":false},"featured_media":1108,"comment_status":"open","ping_status":"closed","template":"","meta":{"_seopress_robots_primary_cat":"none","_seopress_titles_title":"","_seopress_titles_desc":"","_seopress_robots_index":""},"product_cat":[97,96],"product_tag":[],"class_list":["post-1109","product","type-product","status-publish","has-post-thumbnail","hentry","product_cat-cielove-produkty","product_cat-transform"],"_links":{"self":[{"href":"https:\/\/4life-lubica.com\/sk\/wp-json\/wp\/v3\/product\/1109","targetHints":{"allow":["GET"]}}],"collection":[{"href":"https:\/\/4life-lubica.com\/sk\/wp-json\/wp\/v3\/product"}],"about":[{"href":"https:\/\/4life-lubica.com\/sk\/wp-json\/wp\/v2\/types\/product"}],"replies":[{"embeddable":true,"href":"https:\/\/4life-lubica.com\/sk\/wp-json\/wp\/v2\/comments?post=1109"}],"wp:featuredmedia":[{"embeddable":true,"href":"https:\/\/4life-lubica.com\/sk\/wp-json\/wp\/v2\/media\/1108"}],"wp:attachment":[{"href":"https:\/\/4life-lubica.com\/sk\/wp-json\/wp\/v2\/media?parent=1109"}],"wp:term":[{"taxonomy":"product_cat","embeddable":true,"href":"https:\/\/4life-lubica.com\/sk\/wp-json\/wp\/v2\/product_cat?post=1109"},{"taxonomy":"product_tag","embeddable":true,"href":"https:\/\/4life-lubica.com\/sk\/wp-json\/wp\/v2\/product_tag?post=1109"}],"curies":[{"name":"wp","href":"https:\/\/api.w.org\/{rel}","templated":true}]}}