{"id":1161,"date":"2023-07-06T10:10:35","date_gmt":"2023-07-06T10:10:35","guid":{"rendered":"https:\/\/4life-lubica.com\/?post_type=product&#038;p=1161"},"modified":"2023-08-05T16:37:01","modified_gmt":"2023-08-05T16:37:01","slug":"4life-transfer-factor-lung","status":"publish","type":"product","link":"https:\/\/4life-lubica.com\/sk\/produkt\/4life-transfer-factor-lung\/","title":{"rendered":"4Life Transfer Factor\u2122 Lung"},"content":{"rendered":"<p><strong>4Life Transfer Factor\u2122 Lung<\/strong> <strong>obsahuje pr\u00edrodn\u00e9 zlo\u017eky na podporu zdravia d\u00fdchacieho syst\u00e9mu, ktor\u00fd pozost\u00e1va z r\u00f4znych org\u00e1nov (hrtan, hltan, priedu\u0161ky a p\u013e\u00faca) a pln\u00ed \u017eivotne d\u00f4le\u017eit\u00e9 funkcie.<\/strong><\/p>\n<p><strong>Zlo\u017eenie a nutri\u010dn\u00e1 hodnota TF Lung<\/strong><\/p>\n<ul>\n<li><strong>Tymi\u00e1n oby\u010dajn\u00fd<\/strong> (Thymus vulgaris L.) podporuje d\u00fdchacie a imunitn\u00e9 zdravie, m\u00e1 antibakteri\u00e1lne vlastnosti, podporuje sekr\u00e9ciu hlienu v horn\u00fdch d\u00fdchac\u00edch cest\u00e1ch a zmier\u0148uje podr\u00e1\u017edenie hrdla.<\/li>\n<li><strong>\u00a0N-acetyl-L-cyste\u00edn<\/strong> m\u00e1 expektora\u010dn\u00fd \u00fa\u010dinok.<\/li>\n<li><strong>Transfer Factor, vitam\u00edn C, vitam\u00edn A a \u017een\u0161en<\/strong> (Panax Ginseng) prispievaj\u00fa k norm\u00e1lnemu fungovaniu imunitn\u00e9ho syst\u00e9mu. Vitam\u00edn A prispieva k udr\u017eaniu zdrav\u00fdch slizn\u00edc.<\/li>\n<li><strong>Vitam\u00edn E, vitam\u00edn C a \u010du\u010doriedky<\/strong> (Vaccinium myrtillus) prispievaj\u00fa k ochrane buniek pred oxida\u010dn\u00fdm stresom.<\/li>\n<li><strong>Formula 4life Tri &#8211; Faktor<\/strong>, v\u010faka ktorej je tento produkt e\u0161te cennej\u0161\u00ed pre zabezpe\u010denie norm\u00e1lneho fungovania d\u00fdchac\u00edch ciest<\/li>\n<\/ul>\n<p><strong>Odpor\u00fa\u010dania na pou\u017eitie.<\/strong><\/p>\n<p>U\u017e\u00edvajte jednu 3 kapsuly denne s jedlom s 240 ml tekutiny (90 kaps\u00fal \u2022 \u010cIST\u00c1 HMOTNOS\u0164: 47,45 g). Neprekra\u010dujte odpor\u00fa\u010dan\u00fa ve\u013ekos\u0165 porcie. Skladujte na chladnom a suchom mieste mimo dosahu det\u00ed. V\u00fd\u017eivov\u00e9 doplnky nie s\u00fa n\u00e1hradou vyv\u00e1\u017eenej a oh\u013eaduplnej stravy.<\/p>\n<p><em><strong>Upozornenie: Neu\u017e\u00edva\u0165 pri poruch\u00e1ch funkcie \u0161t\u00edtnej \u017e\u013eazy, tehotn\u00e9 a doj\u010diace \u017eeny, deti do 3 rokov.<\/strong><\/em><br \/>\n<em><strong>.<\/strong><\/em><\/p>\n","protected":false},"excerpt":{"rendered":"<p>Transfer Factor\u2122 Lung &#8211; pr\u00edpravok je ur\u010den\u00fd na podporu norm\u00e1lneho fungovania d\u00fdchacieho syst\u00e9mu s antibakteri\u00e1lnym a expektora\u010dn\u00fdm \u00fa\u010dinkom, prispieva k normaliz\u00e1cii sekr\u00e9cie hlienu v horn\u00fdch d\u00fdchac\u00edch cest\u00e1ch a k ochrane buniek pred oxida\u010dn\u00fdm stresom<\/p>\n","protected":false},"featured_media":1165,"comment_status":"open","ping_status":"closed","template":"","meta":{"_seopress_robots_primary_cat":"none","_seopress_titles_title":"","_seopress_titles_desc":"","_seopress_robots_index":""},"product_cat":[97,94],"product_tag":[],"class_list":["post-1161","product","type-product","status-publish","has-post-thumbnail","hentry","product_cat-cielove-produkty","product_cat-imunita"],"_links":{"self":[{"href":"https:\/\/4life-lubica.com\/sk\/wp-json\/wp\/v3\/product\/1161","targetHints":{"allow":["GET"]}}],"collection":[{"href":"https:\/\/4life-lubica.com\/sk\/wp-json\/wp\/v3\/product"}],"about":[{"href":"https:\/\/4life-lubica.com\/sk\/wp-json\/wp\/v2\/types\/product"}],"replies":[{"embeddable":true,"href":"https:\/\/4life-lubica.com\/sk\/wp-json\/wp\/v2\/comments?post=1161"}],"wp:featuredmedia":[{"embeddable":true,"href":"https:\/\/4life-lubica.com\/sk\/wp-json\/wp\/v2\/media\/1165"}],"wp:attachment":[{"href":"https:\/\/4life-lubica.com\/sk\/wp-json\/wp\/v2\/media?parent=1161"}],"wp:term":[{"taxonomy":"product_cat","embeddable":true,"href":"https:\/\/4life-lubica.com\/sk\/wp-json\/wp\/v2\/product_cat?post=1161"},{"taxonomy":"product_tag","embeddable":true,"href":"https:\/\/4life-lubica.com\/sk\/wp-json\/wp\/v2\/product_tag?post=1161"}],"curies":[{"name":"wp","href":"https:\/\/api.w.org\/{rel}","templated":true}]}}