{"id":1178,"date":"2023-07-07T18:08:02","date_gmt":"2023-07-07T18:08:02","guid":{"rendered":"https:\/\/4life-lubica.com\/?post_type=product&#038;p=1178"},"modified":"2023-07-10T15:59:02","modified_gmt":"2023-07-10T15:59:02","slug":"4life-transfer-factor-malepro","status":"publish","type":"product","link":"https:\/\/4life-lubica.com\/sk\/produkt\/4life-transfer-factor-malepro\/","title":{"rendered":"4LIFE TRANSFER FACTOR MALEPRO\u00ae"},"content":{"rendered":"<p><strong>4LIFE TRANSFER FAKTOR MALEPRO\u00ae je \u0161peci\u00e1lne vyvinut\u00fd na podporu zdravia prostaty, <\/strong><\/p>\n<p>Produkt obsahuje vedecky overen\u00e9 zlo\u017eky, ktor\u00e9 m\u00f4\u017eu podporova\u0165<strong> zdravie prostaty a endokrinn\u00e9ho syst\u00e9mu<\/strong>. a m\u00e1 tie\u017e \u0161peci\u00e1lne vlastnosti cielen\u00fdch transferov\u00fdch faktorov, ktor\u00e9<strong> poskytuj\u00fa podporu imunitn\u00e9mu syst\u00e9mu.<\/strong><\/p>\n<p><strong><span style=\"font-size: 120%\">k<\/span>\u013d\u00da\u010cOV\u00c9 BODY:<\/strong><br \/>\n&#8211; Podporuje zdravie prostaty a funkciu mo\u010denia<br \/>\n&#8211; Poskytuje podporu endokrinn\u00e9mu syst\u00e9mu u mu\u017eov<br \/>\n&#8211; Poskytuje antioxida\u010dn\u00fa ochranu.<br \/>\n&#8211; Poskytuje podporu imunitn\u00e9ho syst\u00e9mu<\/p>\n<p><strong>TF MALEPRO obsahuje<\/strong><br \/>\n&#8211; <strong>lykop\u00e9n a sel\u00e9n,<\/strong> ktor\u00fdch antioxida\u010dn\u00e9 vlastnosti pom\u00e1haj\u00fa bojova\u0165 proti vo\u013en\u00fdm radik\u00e1lom a podporuj\u00fa zdravie prostaty.<br \/>\n&#8211; <strong>Serenoa repens,<\/strong> zn\u00e1ma pre \u0161pecifick\u00fa podporu zdravia prostaty a funkcie mo\u010du<br \/>\n&#8211; <strong>chel\u00e1tov\u00fd zinok, \u017eih\u013eava, brokolica a d-glukar\u00e1t v\u00e1penat\u00fd<\/strong> ako zlo\u017eky na podporu zdravia prostaty<br \/>\n&#8211;<strong> izoflav\u00f3ny a in\u00e9 biologicky akt\u00edvne l\u00e1tky<\/strong><\/p>\n<p><strong>V DENNEJ \u010cASTI:<\/strong><\/p>\n<p>&#8211; <strong>Zinok<\/strong> (oxid a chel\u00e1t) -15 mg (100% DV)<br \/>\n&#8211; <strong>Sel\u00e9n<\/strong> (L-selenometion\u00edn) 200 mcg (290 % DV)<br \/>\n&#8211;<strong> 4Life Transfer Factor\u00ae Blend<\/strong> 100 mg<br \/>\n&#8211; UltraFactorXF\u00ae Patentovan\u00fd<strong> ultrafiltr\u00e1tov\u00fd koncentr\u00e1t 4Life Transfer Factor\u00ae prote\u00ednov a in\u00fdch peptidov hov\u00e4dzieho kolostra<\/strong>.<br \/>\n&#8211; OvoFactor\u00ae Proprietary 4Life Transfer Factor\u00ae <strong>koncentr\u00e1t prote\u00ednov a in\u00fdch peptidov z vaje\u010dn\u00fdch \u017e\u013atkov.<\/strong><br \/>\n&#8211; <strong>So Palmetto<\/strong> (Serenoarepens), ovocn\u00fd extrakt (mastn\u00e9 kyseliny) &#8211; 160 mg.,\u00a0 <strong>Lykop\u00e9n 30 mg<\/strong><\/p>\n<p><strong>Patentovan\u00e1 zmes<\/strong> (546 mg), ktora obsahuje:<strong> \u017eih\u013eava<\/strong> (Urticadioica), <strong>extrakty z kore\u0148a Kudzu<\/strong> (Puerarialobata), <strong>kore\u0148a<\/strong><br \/>\n<strong>S\u00f3ja<\/strong> (Glycinemax)<strong>, fazu\u013ea, brokolica<\/strong> (Brassicaoleracea)<strong>, d-glukar\u00e1t v\u00e1penat\u00fd<\/strong><\/p>\n<p><strong>\u010eal\u0161ie zlo\u017eky: olivov\u00fd olej, glycer\u00edn, v\u010del\u00ed vosk, voda, s\u00f3jov\u00fd lecit\u00edn, anat\u00f3mia. <\/strong><\/p>\n<p><em>Exkluzivita produktu je chr\u00e1nen\u00e1 patentom USA \u010d. 6,468,534 (Proces extrakcie transfer faktorov z vajec) a 6,866,868 (Proces kombinovania transfer faktorov z hov\u00e4dzieho mledziva a \u017e\u013atka slepa\u010d\u00edch vajec)<\/em><\/p>\n<p><strong>SP\u00d4SOB APLIK\u00c1CIE.<\/strong><br \/>\nU\u017e\u00edvajte jednu (1) kapsulu peror\u00e1lne 3-kr\u00e1t denne s jedlom a zapite poh\u00e1rom vody (240 ml)<\/p>\n<p><strong>PODMIENKY SKLADOVANIA.<\/strong><br \/>\nSkladujte v suchu, chr\u00e1\u0148te pred priamym slne\u010dn\u00fdm \u017eiaren\u00edm, pri teplote neprevy\u0161uj\u00facej 25C. D\u00e1tum spotreby je uveden\u00fd na spodnej strane balenia.<\/p>\n","protected":false},"excerpt":{"rendered":"<p>TF MALEPRO je \u0161peci\u00e1lne navrhnut\u00fd na podporu zdravia prostaty, mo\u010dov\u00fdch funkci\u00ed a celkov\u00e9ho endokrinn\u00e9ho syst\u00e9mu mu\u017eov, exkluzivitu \u00a0(chr\u00e1nen\u00fa patentmi) ktor\u00e9ho zabezpe\u010duj\u00fa \u0161peci\u00e1lne vlastnosti cielen\u00fdch transferov\u00fdch faktorov a bohat\u00fd obsah pr\u00edrodn\u00fdch biologicky akt\u00edvnych l\u00e1tok.<\/p>\n","protected":false},"featured_media":1184,"comment_status":"open","ping_status":"closed","template":"","meta":{"_seopress_robots_primary_cat":"none","_seopress_titles_title":"","_seopress_titles_desc":"","_seopress_robots_index":""},"product_cat":[97,94],"product_tag":[],"class_list":["post-1178","product","type-product","status-publish","has-post-thumbnail","hentry","product_cat-cielove-produkty","product_cat-imunita"],"_links":{"self":[{"href":"https:\/\/4life-lubica.com\/sk\/wp-json\/wp\/v3\/product\/1178","targetHints":{"allow":["GET"]}}],"collection":[{"href":"https:\/\/4life-lubica.com\/sk\/wp-json\/wp\/v3\/product"}],"about":[{"href":"https:\/\/4life-lubica.com\/sk\/wp-json\/wp\/v2\/types\/product"}],"replies":[{"embeddable":true,"href":"https:\/\/4life-lubica.com\/sk\/wp-json\/wp\/v2\/comments?post=1178"}],"wp:featuredmedia":[{"embeddable":true,"href":"https:\/\/4life-lubica.com\/sk\/wp-json\/wp\/v2\/media\/1184"}],"wp:attachment":[{"href":"https:\/\/4life-lubica.com\/sk\/wp-json\/wp\/v2\/media?parent=1178"}],"wp:term":[{"taxonomy":"product_cat","embeddable":true,"href":"https:\/\/4life-lubica.com\/sk\/wp-json\/wp\/v2\/product_cat?post=1178"},{"taxonomy":"product_tag","embeddable":true,"href":"https:\/\/4life-lubica.com\/sk\/wp-json\/wp\/v2\/product_tag?post=1178"}],"curies":[{"name":"wp","href":"https:\/\/api.w.org\/{rel}","templated":true}]}}