{"id":1191,"date":"2023-07-09T12:19:48","date_gmt":"2023-07-09T12:19:48","guid":{"rendered":"https:\/\/4life-lubica.com\/product\/ritestart-unisex\/"},"modified":"2023-07-09T14:17:13","modified_gmt":"2023-07-09T14:17:13","slug":"ritestart-unisex","status":"publish","type":"product","link":"https:\/\/4life-lubica.com\/sk\/produkt\/ritestart-unisex\/","title":{"rendered":"Ritestart\u2122 unisex"},"content":{"rendered":"<p><strong>4Life Ritestart<\/strong> je komplexn\u00fd produkt pre zdravie, ktor\u00fd <strong>obsahuje v\u0161etky esenci\u00e1lne vitam\u00edny, miner\u00e1ly, esenci\u00e1lne mastn\u00e9 kyseliny, rastlinn\u00e9 extrakty, zmes esenci\u00e1lnych olejov a antioxidantov, plus 4Life Transfer Factor Plus Tri-Factor-Rezeptur.<\/strong><\/p>\n<p><strong>Zlo\u017eenie a p\u00f4sobenie Ritestart<\/strong><\/p>\n<p><strong>Denn\u00e9 u\u017e\u00edvanie 4Life RiteStart pom\u00e1ha absorbova\u0165 tie \u017eiviny, ktor\u00e9 v na\u0161ej strave ch\u00fdbaj\u00fa:<\/strong><\/p>\n<ul>\n<li><strong>hor\u010d\u00edk, vitam\u00edn C, niac\u00edn, vitam\u00edn B2, tiam\u00edn, vitam\u00edn B6, vitam\u00edn B12 a biot\u00edn<\/strong> podporuj\u00fa norm\u00e1lnu funkciu nervov\u00e9ho syst\u00e9mu\u00a0 &#8211;<\/li>\n<li><strong>bioflavonoidy z citr\u00f3nov<\/strong> prispievaj\u00fa k norm\u00e1lnej funkcii k\u013abov<\/li>\n<li><strong>\u00a0v\u00e1pnik a vitam\u00edn D<\/strong> prispievaj\u00fa k norm\u00e1lnej funkcii kost\u00ed<\/li>\n<li><strong>\u017eelezo, hor\u010d\u00edk, vitam\u00edn C a vitam\u00edn B6<\/strong> pom\u00e1haj\u00fa zni\u017eova\u0165 \u00fanavu a vy\u010derpanie<\/li>\n<li><strong>hor\u010d\u00edk, v\u00e1pnik a vitam\u00edn D<\/strong> prispievaj\u00fa k norm\u00e1lnej \u010dinnosti svalov:<\/li>\n<li><strong>vitam\u00edn C, vitam\u00edn B2, extrakt z kurkumy a extrakt z hroznov\u00fdch jadierok<\/strong> pom\u00e1haj\u00fa chr\u00e1ni\u0165 bunky pred oxida\u010dn\u00fdm stresom<\/li>\n<li><strong>omega-3<\/strong> prispieva k norm\u00e1lnej \u010dinnosti srdca<\/li>\n<li><strong>Transfer Factor Plus Tri-Factor-Rezeptur, \u017eelezo, vitam\u00edn A, vitam\u00edn C, vitam\u00edn D, vitam\u00edn B6, vitam\u00edn B12 a exkluz\u00edvna kombin\u00e1cia v\u00fd\u0165a\u017ekov z h\u00fab, kurkumy a aloe vera<\/strong> podporuj\u00fa norm\u00e1lne fungovanie imunitn\u00e9ho syst\u00e9mu<\/li>\n<\/ul>\n<p><strong>4Life Ritestart m\u00e1 najbohat\u0161ie zlo\u017eenie vitam\u00ednov a miner\u00e1lov, ktor\u00e9 telo denne potrebuje:<\/strong><\/p>\n<p>oxid hore\u010dnat\u00fd, kyselina L-askorbov\u00e1, objemov\u00e9 \u010dinidlo (hore\u010dnat\u00e9 soli mastn\u00fdch kysel\u00edn), D-biot\u00edn, s\u00edran \u017eeleznat\u00fd, \u03b2-karot\u00e9n, nikot\u00ednamid, glukon\u00e1t me\u010fnat\u00fd, D-\u03b1-tokoferylacet\u00e1t, D-pantoten\u00e1t v\u00e1penat\u00fd, pyridox\u00edn hydrochlorid, tiam\u00edn mononitr\u00e1t, cholekalciferol, riboflav\u00edn, kyanokobalam\u00edn a kyselina pteroylmonoglut\u00e1mov\u00e1, 4Life Tri-Factor Formula (z hov\u00e4dzieho mledziva (mlieko) a vaje\u010dn\u00e9ho \u017e\u013atka), s\u00f3jov\u00fd extrakt (glyc\u00edn max), inozitol hexafosf\u00e1t, glukon\u00e1t zino\u010dnat\u00fd, sinicov\u00e1 huba Caterrdpileast sinicnesis , Braz\u00edlsky mand\u013eov\u00fd \u010derv (Agaricus blazeii), aloe vera (Aloe barbadensis), extrakt z ovsen\u00fdch semien (Avena sativa), \u0161trk\u00e1\u010dska huba (Grifola frondosa), shiitake (Lentinula edodes), protihrudkuj\u00faca l\u00e1tka (hore\u010dnat\u00e9 soli mastn\u00fdch kysel\u00edn), proti -spekiv\u00e1 l\u00e1tka (oxid kremi\u010dit\u00fd), \u010daj (Camellia sinensis), citrusov\u00e9 bioflavonoidy, acerola (Malpighia glabra), kurkuma (Curcuma longa), v\u00ednna r\u00e9va (Vitis vinifera), borovica morsk\u00e1 (Pinus maritima), ryb\u00ed olej, \u013eanov\u00fd olej (Linum usitatissimum ), le\u0161tiaca l\u00e1tka (glycer\u00edn), olej zo semien bor\u00e1ku lek\u00e1rskeho (Borago officinalis), olej zo semien svetlice (Carthamus tinctorius), voda, konzerva\u010dn\u00e1 l\u00e1tka (bohat\u00e1 na tokoferol) fosfore\u010dnan v\u00e1penat\u00fd. stabiliz\u00e1tor (\u017eelat\u00edna), protihrudkuj\u00faca l\u00e1tka (mikrokry\u0161talick\u00e1 celul\u00f3za)<\/p>\n<p><strong>Vezmite dve (2) balenia denne s poh\u00e1rom tekutiny. U\u017e\u00edvanie s jedlom r\u00e1no a ve\u010der poskytuje najlep\u0161ie v\u00fdsledky. Neu\u017e\u00edvajte viac ako odpor\u00fa\u010dan\u00fa d\u00e1vku.<\/strong><\/p>\n<p><em>Nemali by ho u\u017e\u00edva\u0165 tehotn\u00e9 a doj\u010diace \u017eeny a osoby mlad\u0161ie ako 18 rokov. V \u010dase u\u017e\u00edvania pr\u00edpravku vyl\u00fa\u010dte zelen\u00fd \u010daj. Nesmie sa u\u017e\u00edva\u0165 na la\u010dn\u00fd \u017eal\u00fadok.<\/em><\/p>\n<p>V\u00fd\u017eivov\u00e9 doplnky nie s\u00fa n\u00e1hradou vyv\u00e1\u017eenej stravy ani zdrav\u00e9ho \u017eivotn\u00e9ho \u0161t\u00fdlu.<\/p>\n<p>DR\u017dTE MIMO DOSAHU DET\u00cd.<\/p>\n","protected":false},"excerpt":{"rendered":"<p>4Life Ritestart je najbohat\u0161\u00ed komplex vitam\u00ednov, miner\u00e1lov, stopov\u00fdch prvkov, esenci\u00e1lnych mastn\u00fdch kysel\u00edn, esenci\u00e1lnych olejov a antioxidantov. potrebn\u00e9 pre \u010dloveka ka\u017ed\u00fd de\u0148 pre pohodu a udr\u017eanie zdravia<\/p>\n","protected":false},"featured_media":1195,"comment_status":"open","ping_status":"closed","template":"","meta":{"_seopress_robots_primary_cat":"none","_seopress_titles_title":"","_seopress_titles_desc":"","_seopress_robots_index":""},"product_cat":[97,94,96],"product_tag":[],"class_list":["post-1191","product","type-product","status-publish","has-post-thumbnail","hentry","product_cat-cielove-produkty","product_cat-imunita","product_cat-transform"],"_links":{"self":[{"href":"https:\/\/4life-lubica.com\/sk\/wp-json\/wp\/v3\/product\/1191","targetHints":{"allow":["GET"]}}],"collection":[{"href":"https:\/\/4life-lubica.com\/sk\/wp-json\/wp\/v3\/product"}],"about":[{"href":"https:\/\/4life-lubica.com\/sk\/wp-json\/wp\/v2\/types\/product"}],"replies":[{"embeddable":true,"href":"https:\/\/4life-lubica.com\/sk\/wp-json\/wp\/v2\/comments?post=1191"}],"wp:featuredmedia":[{"embeddable":true,"href":"https:\/\/4life-lubica.com\/sk\/wp-json\/wp\/v2\/media\/1195"}],"wp:attachment":[{"href":"https:\/\/4life-lubica.com\/sk\/wp-json\/wp\/v2\/media?parent=1191"}],"wp:term":[{"taxonomy":"product_cat","embeddable":true,"href":"https:\/\/4life-lubica.com\/sk\/wp-json\/wp\/v2\/product_cat?post=1191"},{"taxonomy":"product_tag","embeddable":true,"href":"https:\/\/4life-lubica.com\/sk\/wp-json\/wp\/v2\/product_tag?post=1191"}],"curies":[{"name":"wp","href":"https:\/\/api.w.org\/{rel}","templated":true}]}}