{"id":1200,"date":"2023-07-09T14:36:16","date_gmt":"2023-07-09T14:36:16","guid":{"rendered":"https:\/\/4life-lubica.com\/product\/4life-transfer-factor-vista\/"},"modified":"2023-08-11T15:20:23","modified_gmt":"2023-08-11T15:20:23","slug":"4life-transfer-factor-vista","status":"publish","type":"product","link":"https:\/\/4life-lubica.com\/sk\/produkt\/4life-transfer-factor-vista\/","title":{"rendered":"4Life Transfer Factor Vista"},"content":{"rendered":"<p><strong>4Life Transfer Factor Vista<\/strong> <strong>pon\u00faka \u0161pecifick\u00fa podporu pre zrak a zdravie o\u010d\u00ed.<\/strong><\/p>\n<p><strong>HLAVN\u00c1 funkcia Transfer Factor Vista:<\/strong>\u00a0<strong> \u00a0 \u00a0Zdravie o\u010d\u00ed<\/strong><\/p>\n<p><strong>TF Vista<\/strong> obsahuje<strong> lute\u00edn<\/strong>\u00a0plus zlo\u017eky, ktor\u00e9 s\u00fa<br \/>\npodpora zrakovej ostrosti a zdravej funkcie oka, chr\u00e1nia makulu oka pred nadmern\u00fdm vystaven\u00edm modr\u00e9mu svetlu a po\u0161kodeniu slnkom podporuj\u00fa schopnos\u0165 prisp\u00f4sobi\u0165 sa zmen\u00e1m intenzity svetla<\/p>\n<p>\u2022<strong> V\u00fd\u0165a\u017eky z brusn\u00edc a \u010diernych r\u00edbezl\u00ed<\/strong> poskytuj\u00fa siln\u00fa antioxida\u010dn\u00fa ochranu o\u010d\u00ed.<br \/>\n\u2022 <strong>Vitam\u00edny A, C a E<\/strong> poskytuj\u00fa \u017eivotne d\u00f4le\u017eit\u00e9 \u017eiviny o\u010dn\u00fdm bunk\u00e1m a p\u00f4sobia ako antioxidanty na neutraliz\u00e1ciu aktivity vo\u013en\u00fdch radik\u00e1lov a udr\u017eiavaj\u00fa zdrav\u00fa zrakov\u00fa ostros\u0165<br \/>\n\u2022 <strong>Karotenoidy,<\/strong> ako je necht\u00edkov\u00fd lute\u00edn a zeaxant\u00edn, poskytuj\u00fa \u017eivotne d\u00f4le\u017eit\u00fa ochranu a antioxida\u010dn\u00e9 vlastnosti makuly oka<\/p>\n<p><strong>K\u013e\u00fa\u010dovou vlastnos\u0165ou TF Vista<\/strong> je obsah <strong>cie\u013eov\u00e9ho Transfer Factor. t.j. 4Life Transfer Factor\u00ae\u00ae\u00ae Tri-Factor Formula na podporu imunitn\u00e9ho syst\u00e9mu.<\/strong><\/p>\n<p>\u2022<strong> Targeted Transfer Factor<\/strong> kombinuje v\u00fdhody ingredienci\u00ed 4Life Transferceutical\u00ae s \u017eivinami \u0161pecifick\u00fdmi pre telesn\u00fd syst\u00e9m pre osobnej\u0161iu \u00farove\u0148 zdravia a podpory imunity.<\/p>\n<p><strong>Pridru\u017een\u00e1 funkcia Transfer Factor Vista<\/strong>: antioxidant imunity poko\u017eky.<\/p>\n<p><strong>U\u017e\u00edvajte<\/strong> jednu (1) kapsulu denne s 250 ml. kvapaliny.<\/p>\n<p><em>Ak s\u00fa\u010dasne u\u017e\u00edvate antikoagulanci\u00e1, pora\u010fte sa so svoj\u00edm lek\u00e1rom. Odpor\u00fa\u010dan\u00e1 denn\u00e1 d\u00e1vka sa nem\u00e1 prekro\u010di\u0165. V\u00fd\u017eivov\u00e9 doplnky nie s\u00fa n\u00e1hradou pestrej a vyv\u00e1\u017eenej stravy a zdrav\u00e9ho \u017eivotn\u00e9ho \u0161t\u00fdlu.<\/em><\/p>\n<p>DR\u017dTE MIMO DOSAHU DET\u00cd.<\/p>\n","protected":false},"excerpt":{"rendered":"<p>4Life Transfer Factor Vista pon\u00faka \u0161peci\u00e1lnu podporu zdravia zraku a o\u010d\u00ed, ktor\u00e1 obsahuje \u017eivotne d\u00f4le\u017eit\u00e9 \u017eiviny pre o\u010dn\u00e9 bunky, na ochranu makuly oka, p\u00f4sob\u00ed ako antioxidant na neutraliz\u00e1ciu aktivity vo\u013en\u00fdch radik\u00e1lov a udr\u017eiava zdrav\u00fa ostros\u0165 zraku.<\/p>\n","protected":false},"featured_media":1202,"comment_status":"open","ping_status":"closed","template":"","meta":{"_seopress_robots_primary_cat":"none","_seopress_titles_title":"","_seopress_titles_desc":"","_seopress_robots_index":""},"product_cat":[97,94],"product_tag":[],"class_list":["post-1200","product","type-product","status-publish","has-post-thumbnail","hentry","product_cat-cielove-produkty","product_cat-imunita"],"_links":{"self":[{"href":"https:\/\/4life-lubica.com\/sk\/wp-json\/wp\/v3\/product\/1200","targetHints":{"allow":["GET"]}}],"collection":[{"href":"https:\/\/4life-lubica.com\/sk\/wp-json\/wp\/v3\/product"}],"about":[{"href":"https:\/\/4life-lubica.com\/sk\/wp-json\/wp\/v2\/types\/product"}],"replies":[{"embeddable":true,"href":"https:\/\/4life-lubica.com\/sk\/wp-json\/wp\/v2\/comments?post=1200"}],"wp:featuredmedia":[{"embeddable":true,"href":"https:\/\/4life-lubica.com\/sk\/wp-json\/wp\/v2\/media\/1202"}],"wp:attachment":[{"href":"https:\/\/4life-lubica.com\/sk\/wp-json\/wp\/v2\/media?parent=1200"}],"wp:term":[{"taxonomy":"product_cat","embeddable":true,"href":"https:\/\/4life-lubica.com\/sk\/wp-json\/wp\/v2\/product_cat?post=1200"},{"taxonomy":"product_tag","embeddable":true,"href":"https:\/\/4life-lubica.com\/sk\/wp-json\/wp\/v2\/product_tag?post=1200"}],"curies":[{"name":"wp","href":"https:\/\/api.w.org\/{rel}","templated":true}]}}