{"id":1210,"date":"2023-07-09T16:41:15","date_gmt":"2023-07-09T16:41:15","guid":{"rendered":"https:\/\/4life-lubica.com\/product\/essential-fatty-acid-complex\/"},"modified":"2023-08-11T12:07:50","modified_gmt":"2023-08-11T12:07:50","slug":"essential-fatty-acid-complex","status":"publish","type":"product","link":"https:\/\/4life-lubica.com\/sk\/produkt\/essential-fatty-acid-complex\/","title":{"rendered":"Essential Fatty Acid Complex"},"content":{"rendered":"<p><strong>Essential Fatty Acid Complex<\/strong> je doplnok stravy s esenci\u00e1lnymi mastn\u00fdmi kyselinami, komplexom<strong> omega-3 a omega-6<\/strong> esenci\u00e1lnych mastn\u00fdch kysel\u00edn, ktor\u00e9 podporuj\u00fa kardiovaskul\u00e1rne zdravie a podporuj\u00fa celkov\u00e9 zdravie.<\/p>\n<p><strong>Omega-3 a omega-6<\/strong> <strong>mastn\u00e9 kyseliny poch\u00e1dzaj\u00fa z \u013eanov\u00e9ho oleja, svetlicov\u00e9ho oleja, oleja zo semien bor\u00e1ku lek\u00e1rskeho a rybieho oleja.<\/strong><\/p>\n<p><strong>Esenci\u00e1lne mastn\u00e9 kyseliny s\u00fa mastn\u00e9 kyseliny, ktor\u00e9 si telo nedok\u00e1\u017ee samo syntetizova\u0165 a mus\u00ed ich z\u00edskava\u0165 z potravy.<\/strong><\/p>\n<p><em>S\u00fa d\u00f4le\u017eit\u00e9 pre udr\u017eanie dobr\u00e9ho zdravia. Existuj\u00fa<strong> dva typy esenci\u00e1lnych mastn\u00fdch kysel\u00edn: omega-3 a omega-6<\/strong>.<\/em><\/p>\n<p><em><strong>Omega-3<\/strong> mastn\u00e9 kyseliny sa nach\u00e1dzaj\u00fa v ryb\u00e1ch, \u013eanovom oleji a vla\u0161sk\u00fdch orechoch,<\/em><\/p>\n<p><em><strong>Omega-6<\/strong> mastn\u00e9 kyseliny sa nach\u00e1dzaj\u00fa v rastlinn\u00fdch olejoch, ako je kukuri\u010dn\u00fd olej a s\u00f3jov\u00fd olej.<\/em><\/p>\n<p><strong>Odpor\u00fa\u010dan\u00e9 d\u00e1vkovanie<\/strong><\/p>\n<p><strong>Vezmite<\/strong> dve (2) kapsuly denne s 8 oz tekutiny.<\/p>\n<p>Odpor\u00fa\u010dan\u00e1 denn\u00e1 d\u00e1vka sa nem\u00e1 prekro\u010di\u0165. V\u00fd\u017eivov\u00e9 doplnky nie s\u00fa n\u00e1hradou pestrej a vyv\u00e1\u017eenej stravy a zdrav\u00e9ho \u017eivotn\u00e9ho \u0161t\u00fdlu.<\/p>\n<p>DR\u017dTE MIMO DOSAHU DET\u00cd.<\/p>\n","protected":false},"excerpt":{"rendered":"<p><span style=\"font-size: large\"><strong>Essential Fatty Acid Complex<\/strong>\u00a0 je komplex esenci\u00e1lnych mastn\u00fdch kysel\u00edn &#8211; komplex esenci\u00e1lnych mastn\u00fdch kysel\u00edn omega-3 a omega-6, ktor\u00e9 podporuj\u00fa kardiovaskul\u00e1rne zdravie a celkov\u00e9 zdravie<\/span><\/p>\n","protected":false},"featured_media":1209,"comment_status":"open","ping_status":"closed","template":"","meta":{"_seopress_robots_primary_cat":"none","_seopress_titles_title":"","_seopress_titles_desc":"","_seopress_robots_index":""},"product_cat":[97],"product_tag":[],"class_list":["post-1210","product","type-product","status-publish","has-post-thumbnail","hentry","product_cat-cielove-produkty"],"_links":{"self":[{"href":"https:\/\/4life-lubica.com\/sk\/wp-json\/wp\/v3\/product\/1210","targetHints":{"allow":["GET"]}}],"collection":[{"href":"https:\/\/4life-lubica.com\/sk\/wp-json\/wp\/v3\/product"}],"about":[{"href":"https:\/\/4life-lubica.com\/sk\/wp-json\/wp\/v2\/types\/product"}],"replies":[{"embeddable":true,"href":"https:\/\/4life-lubica.com\/sk\/wp-json\/wp\/v2\/comments?post=1210"}],"wp:featuredmedia":[{"embeddable":true,"href":"https:\/\/4life-lubica.com\/sk\/wp-json\/wp\/v2\/media\/1209"}],"wp:attachment":[{"href":"https:\/\/4life-lubica.com\/sk\/wp-json\/wp\/v2\/media?parent=1210"}],"wp:term":[{"taxonomy":"product_cat","embeddable":true,"href":"https:\/\/4life-lubica.com\/sk\/wp-json\/wp\/v2\/product_cat?post=1210"},{"taxonomy":"product_tag","embeddable":true,"href":"https:\/\/4life-lubica.com\/sk\/wp-json\/wp\/v2\/product_tag?post=1210"}],"curies":[{"name":"wp","href":"https:\/\/api.w.org\/{rel}","templated":true}]}}