{"id":808,"date":"2023-02-22T21:53:54","date_gmt":"2023-02-22T21:53:54","guid":{"rendered":"https:\/\/4life-lubica.com\/product\/4life-transfer-factor-plus\/"},"modified":"2023-08-11T13:32:01","modified_gmt":"2023-08-11T13:32:01","slug":"4life-transfer-factor-plus","status":"publish","type":"product","link":"https:\/\/4life-lubica.com\/sk\/produkt\/4life-transfer-factor-plus\/","title":{"rendered":"4Life Transfer Factor Plus"},"content":{"rendered":"<p><strong>Transfer Factor Plus Tri-Factor \u2122<\/strong> (90 kaps\u00fal), jedine\u010dn\u00fd svoj\u00edm zlo\u017een\u00edm, kombinuje faktory prenosu z hov\u00e4dzieho mledziva a vaje\u010dn\u00e9ho \u017e\u013atka, ako aj patentovan\u00fa zmes \u201eCordivant\u201c, ktor\u00e1 s\u00fa\u010dasne pom\u00e1ha udr\u017eiava\u0165 zdrav\u00fa \u00farove\u0148 imunomodul\u00e1cie a nas\u00fdtenie tela z\u00e1kladn\u00fdmi fytonutrientami ..<\/p>\n<p><b>Ako s\u00fa\u010das\u0165 Transfer Factor Plus Tri-Faktor<\/b>:<\/p>\n<ul>\n<li>koncentr\u00e1t<strong> TF z hov\u00e4dzieho mledziva a vaje\u010dn\u00e9ho \u017e\u013atka<\/strong> (100 mg \/ vie\u010dka)<\/li>\n<li>extrakt zo s\u00f3jov\u00fdch b\u00f4bov<\/li>\n<li><b>extrakt z \u010d\u00ednskeho <\/b><span lang=\"de-DE\"><b>C<\/b><\/span><b>ordycepsu (!)<\/b><\/li>\n<li>extrakt z potravin\u00e1rskych kvasn\u00edc<\/li>\n<li>metion\u00edn zino\u010dnat\u00fd (<strong>Zn,<\/strong>\u00a0obsah<b> zinku <\/b>v 3 kapsul\u00e1ch je 10,0 mg, \u010do je 67% odpor\u00fa\u010danej dennej potreby)<\/li>\n<li>extrakt z huby blazey<\/li>\n<li>extrakt z ovsen\u00fdch semien<\/li>\n<li>extrakt z eur\u00f3pskych listov ol\u00edv<\/li>\n<li>extrakt z ku\u010derav\u00e9ho griffinu<\/li>\n<li>extrakt z h\u00fab <b>Shiitake <\/b><span lang=\"de-DE\">i<\/span><b> Maitake<\/b><\/li>\n<li>inositol hexafosf\u00e1t<\/li>\n<li>pr\u00e1\u0161ok z citr\u00f3novej k\u00f4ry<\/li>\n<li>pr\u00e1\u0161ok z du\u017einy listov aloe<\/li>\n<li>nosi\u010d hydroxypropylmetylcelul\u00f3zy (obal kapsuly)<\/li>\n<\/ul>\n<p><i>Charakteristick\u00fdm znakom produktu<\/i> je obsah extraktu z h\u00fab <span lang=\"de-DE\">M<\/span>aitake, <span lang=\"de-DE\">S<\/span>hiitake a \u010d\u00ednskeho <span lang=\"de-DE\">C<\/span>ordycepsu, ktor\u00fdch lie\u010div\u00e9 vlastnosti boli sk\u00faman\u00e9 pred 5 000 rokmi (z\u00e1znamy o ich pou\u017eit\u00ed v sanskrte sa na\u0161li v starovek\u00fdch kl\u00e1\u0161toroch v \u00c1zii).<\/p>\n<p>Toto je priamy sp\u00f4sob zlep\u0161enia metabolizmu a pr\u00e1ce \u017eal\u00fadka a \u010driev, cievneho tonusu, srdca, mozgu a normaliz\u00e1cie hmotnosti<\/p>\n<p>Tento jedine\u010dn\u00fd produkt posil\u0148uje vroden\u00fa imunitu, tr\u00e9nuje a podporuje imunitn\u00fd syst\u00e9m a pom\u00e1ha IS maximalizova\u0165 jeho mobiliz\u00e1ciu. T\u00e1to vlastnos\u0165 sa kvalitat\u00edvne l\u00ed\u0161i od podobn\u00fdch imunomodul\u00e1torov.<\/p>\n<p>4Life Transfer Factor Plus Tri-Faktor obsahuje vysok\u00fa koncentr\u00e1ciu Transfer Factors, ktor\u00e1 zvy\u0161uje o 248% za kr\u00e1tky \u010das (doslova za 48 hod\u00edn) aktivitu unik\u00e1tnych zab\u00edja\u010dsk\u00fdch buniek pom\u00e1ha imunitn\u00e9mu syst\u00e9mu \u010do najviac mobilizova\u0165, v \u017eiadnom pr\u00edpade nenahr\u00e1dza jeho pr\u00e1cu<\/p>\n<p><strong>N\u00e1vod na pou\u017eitie<\/strong>: Dospel\u00ed u\u017e\u00edvaj\u00fa 3 kapsuly denne s jedlom a zapij\u00fa poh\u00e1rom vody (240 ml).<br \/>\nNie je to liek\u00a0 <em>Pri ak\u00fatnom priebehu ochorenia alebo po chemoterapii mo\u017eno d\u00e1vku zv\u00fd\u0161i\u0165, av\u0161ak v prv\u00fdch 2-3 d\u0148och u\u017eite 1-2 kapsuly. Telo m\u00f4\u017ee na u\u017e\u00edvanie kaps\u00fal reagova\u0165 kr\u00e1tkodob\u00fdm miernym zv\u00fd\u0161en\u00edm teploty alebo slabos\u0165ou<\/em><\/p>\n<p class=\"m_-3789736961540249211MsoListParagraph\">\u00a0<u><\/u><\/p>\n<p>&nbsp;<\/p>\n<p class=\"m_-3789736961540249211MsoListParagraph\"><u><\/u>\u00a0<u><\/u><u><\/u><u><\/u><\/p>\n<p class=\"m_-3789736961540249211MsoListParagraph\">\n","protected":false},"excerpt":{"rendered":"<p><span style=\"color: #777777\"><span style=\"font-family: Arial, sans-serif\"><span style=\"font-size: large\"><span style=\"color: #666666\">4Life Transfer Factor Plus Tri-Faktor v\u00fd\u017eivov\u00fd doplnok z extraktu\u00a0 rastl\u00edn a h\u00fab pre mobiliz\u00e1ciu imunitn\u00e9ho syst\u00e9mu a jeho \u201e\u0161kolenie\u201c<\/span><\/span><\/span><\/span><\/p>\n","protected":false},"featured_media":708,"comment_status":"open","ping_status":"closed","template":"","meta":{"_seopress_robots_primary_cat":"none","_seopress_titles_title":"","_seopress_titles_desc":"","_seopress_robots_index":""},"product_cat":[97,94],"product_tag":[],"class_list":["post-808","product","type-product","status-publish","has-post-thumbnail","hentry","product_cat-cielove-produkty","product_cat-imunita"],"_links":{"self":[{"href":"https:\/\/4life-lubica.com\/sk\/wp-json\/wp\/v3\/product\/808","targetHints":{"allow":["GET"]}}],"collection":[{"href":"https:\/\/4life-lubica.com\/sk\/wp-json\/wp\/v3\/product"}],"about":[{"href":"https:\/\/4life-lubica.com\/sk\/wp-json\/wp\/v2\/types\/product"}],"replies":[{"embeddable":true,"href":"https:\/\/4life-lubica.com\/sk\/wp-json\/wp\/v2\/comments?post=808"}],"wp:featuredmedia":[{"embeddable":true,"href":"https:\/\/4life-lubica.com\/sk\/wp-json\/wp\/v2\/media\/708"}],"wp:attachment":[{"href":"https:\/\/4life-lubica.com\/sk\/wp-json\/wp\/v2\/media?parent=808"}],"wp:term":[{"taxonomy":"product_cat","embeddable":true,"href":"https:\/\/4life-lubica.com\/sk\/wp-json\/wp\/v2\/product_cat?post=808"},{"taxonomy":"product_tag","embeddable":true,"href":"https:\/\/4life-lubica.com\/sk\/wp-json\/wp\/v2\/product_tag?post=808"}],"curies":[{"name":"wp","href":"https:\/\/api.w.org\/{rel}","templated":true}]}}