{"id":810,"date":"2023-02-22T21:53:54","date_gmt":"2023-02-22T21:53:54","guid":{"rendered":"https:\/\/4life-lubica.com\/product\/4life-transfer-factor-tri-factor-formula\/"},"modified":"2023-08-18T10:47:01","modified_gmt":"2023-08-18T10:47:01","slug":"4life-transfer-factor-tri-factor-formula","status":"publish","type":"product","link":"https:\/\/4life-lubica.com\/sk\/produkt\/4life-transfer-factor-tri-factor-formula\/","title":{"rendered":"4Life Transfer Factor Tri-Factor Formula"},"content":{"rendered":"<p><b>Transfer Factor Tri-Factor koncentr\u00e1t <span lang=\"de-DE\">TF<\/span> z hov\u00e4dzieho mledziva a vaje\u010dn\u00e9ho \u017e\u013atka. <\/b>4Life Transfer Factor Tri-Factor kombinuje inteligenciu Transfer Factors a intu\u00edciu Nano Factors.\u00a0je vedecky overen\u00e1 recept\u00fara, ktor\u00e1 pomoha spo\u013eahlivo chr\u00e1ni\u0165 imunitn\u00fd syst\u00e9m a bojova\u0165 s chorobami a infekciami<\/p>\n<p>Zo v\u0161etk\u00fdch produktov<strong>\u00a0 spolo\u010dnosti\u00a0 4life<\/strong> Tri-Factor\u00ae Formula m\u00e1 najvy\u0161\u0161\u00ed podiel TF z kravsk\u00e9ho mledziva a \u017e\u013atka z kuracieho vajca (kapsula obsahuje a\u017e 300 mg) <em>Produkt neobsahuje \u017eiadne miner\u00e1ly, vitam\u00edny ani stopov\u00e9 prvky.<\/em><\/p>\n<p><b>Funkcie a vlastnosti<\/b> <b>Transfer Factor Tri-Factor<\/b> :<\/p>\n<p>&#8211; m\u00e1 vy\u0161\u0161iu koncentr\u00e1ciu molek\u00fal TF, ke\u010f\u017ee ku klasick\u00e9mu zlo\u017eeniu na b\u00e1ze kravsk\u00e9ho kolostra sa prid\u00e1va TF zo \u017e\u013atka kuracieho vajca, \u010do umo\u017e\u0148uje aktivova\u0165 imunitn\u00fd syst\u00e9m<\/p>\n<p>&#8211; zvy\u0161uje \u00fa\u010dinok NK-killerov<\/p>\n<p><b>Odpor\u00fa\u010dania na pou\u017eitie<\/b><\/p>\n<p>Dospel\u00ed u\u017e\u00edvaj\u00fa 2 kapsuly denne pri jedle a zap\u00edjaj\u00fa sa poh\u00e1rom vody (240 ml). Nie je to <span lang=\"de-DE\">liek<\/span>.<\/p>\n<p><b>Podmienky skladovania<\/b>: <i>v tesne uzavretej n\u00e1dobe, na suchom a chladnom mieste, mimo dosahu det\u00ed.<\/i><\/p>\n","protected":false},"excerpt":{"rendered":"<p><strong>Transfer Factor Tri-Factor<\/strong> &#8211; doplnok stravy &#8211; koncentr\u00e1t transfer faktorov z hov\u00e4dzieho kolostra a vaje\u010dn\u00e9ho \u017e\u013atka spo\u013eahlivo\u00a0 pom\u00e1ha chr\u00e1ni\u0165 a aktivovai\u0165 imunitn\u00fd syst\u00e9m.<\/p>\n","protected":false},"featured_media":707,"comment_status":"open","ping_status":"closed","template":"","meta":{"_seopress_robots_primary_cat":"none","_seopress_titles_title":"","_seopress_titles_desc":"","_seopress_robots_index":""},"product_cat":[94],"product_tag":[],"class_list":["post-810","product","type-product","status-publish","has-post-thumbnail","hentry","product_cat-imunita"],"_links":{"self":[{"href":"https:\/\/4life-lubica.com\/sk\/wp-json\/wp\/v3\/product\/810","targetHints":{"allow":["GET"]}}],"collection":[{"href":"https:\/\/4life-lubica.com\/sk\/wp-json\/wp\/v3\/product"}],"about":[{"href":"https:\/\/4life-lubica.com\/sk\/wp-json\/wp\/v2\/types\/product"}],"replies":[{"embeddable":true,"href":"https:\/\/4life-lubica.com\/sk\/wp-json\/wp\/v2\/comments?post=810"}],"wp:featuredmedia":[{"embeddable":true,"href":"https:\/\/4life-lubica.com\/sk\/wp-json\/wp\/v2\/media\/707"}],"wp:attachment":[{"href":"https:\/\/4life-lubica.com\/sk\/wp-json\/wp\/v2\/media?parent=810"}],"wp:term":[{"taxonomy":"product_cat","embeddable":true,"href":"https:\/\/4life-lubica.com\/sk\/wp-json\/wp\/v2\/product_cat?post=810"},{"taxonomy":"product_tag","embeddable":true,"href":"https:\/\/4life-lubica.com\/sk\/wp-json\/wp\/v2\/product_tag?post=810"}],"curies":[{"name":"wp","href":"https:\/\/api.w.org\/{rel}","templated":true}]}}