{"id":812,"date":"2023-02-22T21:53:54","date_gmt":"2023-02-22T21:53:54","guid":{"rendered":"https:\/\/4life-lubica.com\/product\/4life-transfer-factor-classic\/"},"modified":"2023-08-11T15:10:54","modified_gmt":"2023-08-11T15:10:54","slug":"4life-transfer-factor-classic","status":"publish","type":"product","link":"https:\/\/4life-lubica.com\/sk\/produkt\/4life-transfer-factor-classic\/","title":{"rendered":"4Life Transfer Factor Classic"},"content":{"rendered":"<p><strong>Transfer Factor Classic<\/strong> je <strong>z\u00e1kladn\u00fd pr\u00edpravok obsahuj\u00faci molekuly izolovan\u00e9 z kravsk\u00e9ho kolostra &#8211; Transfer Factors (TF) &#8211; nosi\u010de imunitnej pam\u00e4te.<\/strong> V\u00fdrobok neobsahuje \u017eiadne vitam\u00edny, stopov\u00e9 prvky ani miner\u00e1ly, bez chemick\u00fdch pr\u00edsad.<\/p>\n<p><strong>TF Classic<\/strong> je z h\u013eadiska zlo\u017eenia koncentr\u00e1tom prote\u00ednov\u00fdch molek\u00fal a v skuto\u010dnosti ide o skuto\u010dn\u00fd syst\u00e9m r\u00fdchlej reakcie na vonkaj\u0161ie ohrozenia organizmu. Molekuly TF s\u00fa <strong>extr\u00e9mne mal\u00e9, <\/strong>tak\u017ee sa takmer okam\u017eite absorbuj\u00fa do krvi, a preto vstupuj\u00fa do v\u0161etk\u00fdch org\u00e1nov, kde za\u010d\u00ednaj\u00fa svoju akt\u00edvnu pr\u00e1cu.<\/p>\n<p><strong>TF Classic<\/strong> obsahuje imunoglobul\u00edny-protil\u00e1tky,<\/p>\n<p>&#8211; pom\u00e1ha imunitn\u00e9mu syst\u00e9mu rozpozna\u0165 potenci\u00e1lnych protivn\u00edkov, t.j. &#8220;tr\u00e9nuje&#8221; imunitn\u00e9 bunky a zvy\u0161uje ich imunitn\u00fa<\/p>\n<p>&#8211; prispieva k r\u00fdchlej obnove imunitnej rovnov\u00e1hy, je korektorom imunity<\/p>\n<p>&#8211; podporuje rozpozn\u00e1vanie a ni\u010denie buniek podliehaj\u00facich mut\u00e1cii<\/p>\n<p>&#8211; dod\u00e1va telu silu, m\u00e1 tonizuj\u00faci a energetick\u00fd \u00fa\u010dinok pomocou obsahu unik\u00e1tnej triedy prote\u00ednov\u00fdch molek\u00fal.<\/p>\n<p><strong>Transfer Factor Classic <\/strong>\u00a0<strong>posilnenie imunity o 103%<\/strong> (v\u010faka zlo\u017eeniu komponentov\u00a0 zvy\u0161ovan\u00edm po\u010dtu NK buniek prispieva k vytvoreniu spr\u00e1vnej a v\u010dasnej imunitnej odpovede a pou\u017e\u00edva sa ako doplnkov\u00e1 strava na podporu zdravia<\/p>\n<p><strong>4Life Transfer Factor\u2122 Classic<\/strong> (90 kaps\u00fal) je u\u017e mnoho rokov uzn\u00e1van\u00fd a<strong>ko najlep\u0161\u00ed produkt na ka\u017edodenn\u00fa podporu imunitn\u00e9ho syst\u00e9mu<\/strong>, kardiovaskul\u00e1rneho syst\u00e9mu a energie a je ide\u00e1lnym produktom na posilnenie imunitn\u00e9ho syst\u00e9mu.<\/p>\n<p><strong>N\u00e1vod na pou\u017eitie<\/strong>: Dospel\u00ed u\u017e\u00edvaj\u00fa 3 kapsuly denne s jedlom a zapij\u00fa poh\u00e1rom vody (240 ml).<\/p>\n","protected":false},"excerpt":{"rendered":"<p>4Life Transfer Factor\u2122 Classic je v\u00fd\u017eivov\u00fd doplnok na ka\u017edodenn\u00fa podporu imunitn\u00e9ho syst\u00e9mu, kardiovaskul\u00e1rneho syst\u00e9mu, energie a pohody, u\u017e mnoho rokov uzn\u00e1van\u00fd ako najlep\u0161\u00ed doplnkov\u00fd potravinov\u00fd produkt.<\/p>\n","protected":false},"featured_media":706,"comment_status":"open","ping_status":"closed","template":"","meta":{"_seopress_robots_primary_cat":"none","_seopress_titles_title":"","_seopress_titles_desc":"","_seopress_robots_index":""},"product_cat":[94],"product_tag":[],"class_list":["post-812","product","type-product","status-publish","has-post-thumbnail","hentry","product_cat-imunita"],"_links":{"self":[{"href":"https:\/\/4life-lubica.com\/sk\/wp-json\/wp\/v3\/product\/812","targetHints":{"allow":["GET"]}}],"collection":[{"href":"https:\/\/4life-lubica.com\/sk\/wp-json\/wp\/v3\/product"}],"about":[{"href":"https:\/\/4life-lubica.com\/sk\/wp-json\/wp\/v2\/types\/product"}],"replies":[{"embeddable":true,"href":"https:\/\/4life-lubica.com\/sk\/wp-json\/wp\/v2\/comments?post=812"}],"wp:featuredmedia":[{"embeddable":true,"href":"https:\/\/4life-lubica.com\/sk\/wp-json\/wp\/v2\/media\/706"}],"wp:attachment":[{"href":"https:\/\/4life-lubica.com\/sk\/wp-json\/wp\/v2\/media?parent=812"}],"wp:term":[{"taxonomy":"product_cat","embeddable":true,"href":"https:\/\/4life-lubica.com\/sk\/wp-json\/wp\/v2\/product_cat?post=812"},{"taxonomy":"product_tag","embeddable":true,"href":"https:\/\/4life-lubica.com\/sk\/wp-json\/wp\/v2\/product_tag?post=812"}],"curies":[{"name":"wp","href":"https:\/\/api.w.org\/{rel}","templated":true}]}}