{"id":814,"date":"2023-02-22T21:53:54","date_gmt":"2023-02-22T21:53:54","guid":{"rendered":"https:\/\/4life-lubica.com\/product\/4life-transfer-factor-chewable-tri-factor-formula\/"},"modified":"2023-08-11T15:30:41","modified_gmt":"2023-08-11T15:30:41","slug":"4life-transfer-factor-chewable-tri-factor-formula","status":"publish","type":"product","link":"https:\/\/4life-lubica.com\/sk\/produkt\/4life-transfer-factor-chewable-tri-factor-formula\/","title":{"rendered":"4Life Transfer Factor\u00ae Chewable Tri-Factor\u00ae Formula"},"content":{"rendered":"<p><strong>4Life Transfer Factor\u2122 Tri-Factor\u2122 Formula Chewable<\/strong> je \u017euvacia recept\u00fara \u200b\u200b4Life Transfer Factor Tri-Factor Formula. \u017duvacie tablety s mledzivom, \u017e\u013atkom, cukrom a sladidlami so skvelou chu\u0165ou citrusov\u00e9ho kr\u00e9mu s\u00fa skvelou alternat\u00edvou pre t\u00fdch, ktor\u00ed nechc\u00fa preh\u013ata\u0165 kapsuly. N\u00e1dhern\u00fa citrusov\u00fa chu\u0165 maj\u00fa radi deti aj dospel\u00ed.<\/p>\n<p>4Life Transfer Factor Tri-Factor Formula<strong> Chewable<\/strong> je pr\u00edpravok na cielen\u00fa podporu imunitn\u00e9ho syst\u00e9mu Obsahuje o 25 % koncentrovanej\u0161\u00ed 4Life Certified Transfer Factor.<\/p>\n<p>Transfer Factor\u2122 Tri-Factor\u2122 Formula Chewable\u00a0 je vedecky overen\u00fd vzorec, ktor\u00fd chr\u00e1ni imunitn\u00fd syst\u00e9m<\/p>\n<p><strong>Funkcie a vlastnosti Tri-Factor\u2122 Formula Chewable<\/strong><\/p>\n<p>&#8211; m\u00e1 vy\u0161\u0161iu koncentr\u00e1ciu molek\u00fal TF, ke\u010f\u017ee do klasick\u00e9ho zlo\u017eenia na b\u00e1ze kravsk\u00e9ho kolostra bol pridan\u00fd TF zo \u017e\u013atkov kurac\u00edch vajec:<br \/>\n&#8211; aktivuje, vyrovn\u00e1va pr\u00e1cu imunitn\u00e9ho syst\u00e9mu, v s\u00falade s potrebami organizmu.<br \/>\n&#8211; zvy\u0161uje p\u00f4sobenie NK-killer buniek<\/p>\n<p><strong>Odpor\u00fa\u010dan\u00e9 pou\u017eitie:<\/strong> Tri (3) tablety denne (tri tablety v priemere obsahuj\u00fa 300 mg peptidov).<br \/>\nKonzum\u00e1cia potrav\u00edn obsahuj\u00facich TF nie je n\u00e1hradou vyv\u00e1\u017eenej stravy. Zosilnen\u00fd \u00fa\u010dinok pr\u00edpravku nesp\u00f4sobuje \u017eiadne komplik\u00e1cie, neexistuj\u00fa \u017eiadne kontraindik\u00e1cie, nie s\u00fa drogou<\/p>\n<p>.DR\u017dTE MIMO DOSAHU DET\u00cd.<\/p>\n","protected":false},"excerpt":{"rendered":"<p><strong>4Life Transfer Factor\u2122 Tri-Factor\u2122 Formula Chewable<\/strong> \u00a0je vedecky overen\u00e1 recept\u00fara, ktor\u00e1 spo\u013eahlivo chr\u00e1ni imunitn\u00fd syst\u00e9m, alternat\u00edvy pre deti a t\u00fdch, ktor\u00ed nechc\u00fa preh\u013ata\u0165 kapsuly.<\/p>\n","protected":false},"featured_media":709,"comment_status":"open","ping_status":"closed","template":"","meta":{"_seopress_robots_primary_cat":"none","_seopress_titles_title":"","_seopress_titles_desc":"","_seopress_robots_index":""},"product_cat":[94],"product_tag":[],"class_list":["post-814","product","type-product","status-publish","has-post-thumbnail","hentry","product_cat-imunita"],"_links":{"self":[{"href":"https:\/\/4life-lubica.com\/sk\/wp-json\/wp\/v3\/product\/814","targetHints":{"allow":["GET"]}}],"collection":[{"href":"https:\/\/4life-lubica.com\/sk\/wp-json\/wp\/v3\/product"}],"about":[{"href":"https:\/\/4life-lubica.com\/sk\/wp-json\/wp\/v2\/types\/product"}],"replies":[{"embeddable":true,"href":"https:\/\/4life-lubica.com\/sk\/wp-json\/wp\/v2\/comments?post=814"}],"wp:featuredmedia":[{"embeddable":true,"href":"https:\/\/4life-lubica.com\/sk\/wp-json\/wp\/v2\/media\/709"}],"wp:attachment":[{"href":"https:\/\/4life-lubica.com\/sk\/wp-json\/wp\/v2\/media?parent=814"}],"wp:term":[{"taxonomy":"product_cat","embeddable":true,"href":"https:\/\/4life-lubica.com\/sk\/wp-json\/wp\/v2\/product_cat?post=814"},{"taxonomy":"product_tag","embeddable":true,"href":"https:\/\/4life-lubica.com\/sk\/wp-json\/wp\/v2\/product_tag?post=814"}],"curies":[{"name":"wp","href":"https:\/\/api.w.org\/{rel}","templated":true}]}}